{"id":1118,"date":"2018-10-25T20:27:43","date_gmt":"2018-10-25T18:27:43","guid":{"rendered":"http:\/\/kpsnowadeba.pl\/?page_id=1118"},"modified":"2023-02-16T19:22:33","modified_gmt":"2023-02-16T17:22:33","slug":"1-dla-zawodniczek-kps-nowa-deba","status":"publish","type":"page","link":"https:\/\/kpsnowadeba.pl\/index.php\/1-dla-zawodniczek-kps-nowa-deba\/","title":{"rendered":"1,5 % dla zawodniczek KPS Nowa D\u0119ba"},"content":{"rendered":"<p>10 stycznia 2012 r. Klub Pi\u0142ki Siatkowej Nowa D\u0119ba zosta\u0142 wpisany do Krajowego Rejestru S\u0105dowego jako Organizacja Po\u017cytku Publicznego. Od tego w\u0142a\u015bnie roku uprawnieni jeste\u015bmy do pozyskiwania 1,5 % jako wsparcia na dzia\u0142alno\u015b\u0107 naszego Klubu. Ka\u017cdy mo\u017ce przekaza\u0107 1,5% swojego podatku w rocznym rozliczeniu PIT wskazuj\u0105c w odpowiednim miejscu tego rozliczenia numer <span style=\"color: #ff0000;\"><strong>KRS\u00a0 0000407460.<\/strong><\/span><\/p>\n<p><span style=\"color: #ff0000;\"><strong><img data-recalc-dims=\"1\" fetchpriority=\"high\" decoding=\"async\" data-attachment-id=\"2396\" data-permalink=\"https:\/\/kpsnowadeba.pl\/index.php\/2023\/02\/16\/15\/1i5procent2022\/\" data-orig-file=\"https:\/\/i0.wp.com\/kpsnowadeba.pl\/wp-content\/uploads\/2023\/02\/1i5procent2022.png?fit=1042%2C654&amp;ssl=1\" data-orig-size=\"1042,654\" data-comments-opened=\"1\" data-image-meta=\"{&quot;aperture&quot;:&quot;0&quot;,&quot;credit&quot;:&quot;&quot;,&quot;camera&quot;:&quot;&quot;,&quot;caption&quot;:&quot;&quot;,&quot;created_timestamp&quot;:&quot;0&quot;,&quot;copyright&quot;:&quot;&quot;,&quot;focal_length&quot;:&quot;0&quot;,&quot;iso&quot;:&quot;0&quot;,&quot;shutter_speed&quot;:&quot;0&quot;,&quot;title&quot;:&quot;&quot;,&quot;orientation&quot;:&quot;0&quot;}\" data-image-title=\"1i5procent2022\" data-image-description=\"\" data-image-caption=\"\" data-medium-file=\"https:\/\/i0.wp.com\/kpsnowadeba.pl\/wp-content\/uploads\/2023\/02\/1i5procent2022.png?fit=300%2C188&amp;ssl=1\" data-large-file=\"https:\/\/i0.wp.com\/kpsnowadeba.pl\/wp-content\/uploads\/2023\/02\/1i5procent2022.png?fit=640%2C402&amp;ssl=1\" class=\"alignnone wp-image-2396 size-medium\" src=\"https:\/\/i0.wp.com\/kpsnowadeba.pl\/wp-content\/uploads\/2023\/02\/1i5procent2022.png?resize=300%2C188&#038;ssl=1\" alt=\"\" width=\"300\" height=\"188\" srcset=\"https:\/\/i0.wp.com\/kpsnowadeba.pl\/wp-content\/uploads\/2023\/02\/1i5procent2022.png?resize=300%2C188&amp;ssl=1 300w, https:\/\/i0.wp.com\/kpsnowadeba.pl\/wp-content\/uploads\/2023\/02\/1i5procent2022.png?resize=1024%2C643&amp;ssl=1 1024w, https:\/\/i0.wp.com\/kpsnowadeba.pl\/wp-content\/uploads\/2023\/02\/1i5procent2022.png?resize=768%2C482&amp;ssl=1 768w, https:\/\/i0.wp.com\/kpsnowadeba.pl\/wp-content\/uploads\/2023\/02\/1i5procent2022.png?w=1042&amp;ssl=1 1042w\" sizes=\"(max-width: 300px) 100vw, 300px\" \/>\u00a0<\/strong><\/span><\/p>\n","protected":false},"excerpt":{"rendered":"<p>10 stycznia 2012 r. Klub Pi\u0142ki Siatkowej Nowa D\u0119ba zosta\u0142 wpisany do Krajowego Rejestru S\u0105dowego jako Organizacja Po\u017cytku Publicznego. Od tego w\u0142a\u015bnie roku uprawnieni jeste\u015bmy do pozyskiwania 1,5 % jako wsparcia na dzia\u0142alno\u015b\u0107 naszego Klubu. Ka\u017cdy mo\u017ce przekaza\u0107 1,5% swojego &hellip; <a href=\"https:\/\/kpsnowadeba.pl\/index.php\/1-dla-zawodniczek-kps-nowa-deba\/\">Czytaj dalej <span class=\"meta-nav\">&rarr;<\/span><\/a><\/p>\n","protected":false},"author":1,"featured_media":0,"parent":0,"menu_order":0,"comment_status":"closed","ping_status":"closed","template":"","meta":{"jetpack_post_was_ever_published":false,"_mc_calendar":[],"footnotes":""},"class_list":["post-1118","page","type-page","status-publish","hentry"],"yoast_head":"<!-- This site is optimized with the Yoast SEO plugin v26.2 - https:\/\/yoast.com\/wordpress\/plugins\/seo\/ -->\n<title>1,5 % dla zawodniczek KPS Nowa D\u0119ba - &quot;Siatk\u00f3wka mieszka w Nowej D\u0119bie &quot;<\/title>\n<meta name=\"robots\" content=\"index, follow, max-snippet:-1, max-image-preview:large, max-video-preview:-1\" \/>\n<link rel=\"canonical\" href=\"https:\/\/kpsnowadeba.pl\/index.php\/1-dla-zawodniczek-kps-nowa-deba\/\" \/>\n<meta property=\"og:locale\" content=\"pl_PL\" \/>\n<meta property=\"og:type\" content=\"article\" \/>\n<meta property=\"og:title\" content=\"1,5 % dla zawodniczek KPS Nowa D\u0119ba - &quot;Siatk\u00f3wka mieszka w Nowej D\u0119bie &quot;\" \/>\n<meta property=\"og:description\" content=\"10 stycznia 2012 r. Klub Pi\u0142ki Siatkowej Nowa D\u0119ba zosta\u0142 wpisany do Krajowego Rejestru S\u0105dowego jako Organizacja Po\u017cytku Publicznego. Od tego w\u0142a\u015bnie roku uprawnieni jeste\u015bmy do pozyskiwania 1,5 % jako wsparcia na dzia\u0142alno\u015b\u0107 naszego Klubu. Ka\u017cdy mo\u017ce przekaza\u0107 1,5% swojego &hellip; Czytaj dalej &rarr;\" \/>\n<meta property=\"og:url\" content=\"https:\/\/kpsnowadeba.pl\/index.php\/1-dla-zawodniczek-kps-nowa-deba\/\" \/>\n<meta property=\"og:site_name\" content=\"&quot;Siatk\u00f3wka mieszka w Nowej D\u0119bie &quot;\" \/>\n<meta property=\"article:modified_time\" content=\"2023-02-16T17:22:33+00:00\" \/>\n<meta property=\"og:image\" content=\"http:\/\/kpsnowadeba.pl\/wp-content\/uploads\/2023\/02\/1i5procent2022-300x188.png\" \/>\n<meta name=\"twitter:card\" content=\"summary_large_image\" \/>\n<meta name=\"twitter:label1\" content=\"Szacowany czas czytania\" \/>\n\t<meta name=\"twitter:data1\" content=\"1 minuta\" \/>\n<script type=\"application\/ld+json\" class=\"yoast-schema-graph\">{\"@context\":\"https:\/\/schema.org\",\"@graph\":[{\"@type\":\"WebPage\",\"@id\":\"https:\/\/kpsnowadeba.pl\/index.php\/1-dla-zawodniczek-kps-nowa-deba\/\",\"url\":\"https:\/\/kpsnowadeba.pl\/index.php\/1-dla-zawodniczek-kps-nowa-deba\/\",\"name\":\"1,5 % dla zawodniczek KPS Nowa D\u0119ba - &quot;Siatk\u00f3wka mieszka w Nowej D\u0119bie &quot;\",\"isPartOf\":{\"@id\":\"https:\/\/kpsnowadeba.pl\/#website\"},\"primaryImageOfPage\":{\"@id\":\"https:\/\/kpsnowadeba.pl\/index.php\/1-dla-zawodniczek-kps-nowa-deba\/#primaryimage\"},\"image\":{\"@id\":\"https:\/\/kpsnowadeba.pl\/index.php\/1-dla-zawodniczek-kps-nowa-deba\/#primaryimage\"},\"thumbnailUrl\":\"http:\/\/kpsnowadeba.pl\/wp-content\/uploads\/2023\/02\/1i5procent2022-300x188.png\",\"datePublished\":\"2018-10-25T18:27:43+00:00\",\"dateModified\":\"2023-02-16T17:22:33+00:00\",\"breadcrumb\":{\"@id\":\"https:\/\/kpsnowadeba.pl\/index.php\/1-dla-zawodniczek-kps-nowa-deba\/#breadcrumb\"},\"inLanguage\":\"pl-PL\",\"potentialAction\":[{\"@type\":\"ReadAction\",\"target\":[\"https:\/\/kpsnowadeba.pl\/index.php\/1-dla-zawodniczek-kps-nowa-deba\/\"]}]},{\"@type\":\"ImageObject\",\"inLanguage\":\"pl-PL\",\"@id\":\"https:\/\/kpsnowadeba.pl\/index.php\/1-dla-zawodniczek-kps-nowa-deba\/#primaryimage\",\"url\":\"http:\/\/kpsnowadeba.pl\/wp-content\/uploads\/2023\/02\/1i5procent2022-300x188.png\",\"contentUrl\":\"http:\/\/kpsnowadeba.pl\/wp-content\/uploads\/2023\/02\/1i5procent2022-300x188.png\"},{\"@type\":\"BreadcrumbList\",\"@id\":\"https:\/\/kpsnowadeba.pl\/index.php\/1-dla-zawodniczek-kps-nowa-deba\/#breadcrumb\",\"itemListElement\":[{\"@type\":\"ListItem\",\"position\":1,\"name\":\"Strona g\u0142\u00f3wna\",\"item\":\"https:\/\/kpsnowadeba.pl\/\"},{\"@type\":\"ListItem\",\"position\":2,\"name\":\"1,5 % dla zawodniczek KPS Nowa D\u0119ba\"}]},{\"@type\":\"WebSite\",\"@id\":\"https:\/\/kpsnowadeba.pl\/#website\",\"url\":\"https:\/\/kpsnowadeba.pl\/\",\"name\":\"&quot;Siatk\u00f3wka mieszka w Nowej D\u0119bie &quot;\",\"description\":\"ul.Le\u015bna 40 39-460 Nowa D\u0119ba\",\"potentialAction\":[{\"@type\":\"SearchAction\",\"target\":{\"@type\":\"EntryPoint\",\"urlTemplate\":\"https:\/\/kpsnowadeba.pl\/?s={search_term_string}\"},\"query-input\":{\"@type\":\"PropertyValueSpecification\",\"valueRequired\":true,\"valueName\":\"search_term_string\"}}],\"inLanguage\":\"pl-PL\"}]}<\/script>\n<!-- \/ Yoast SEO plugin. -->","yoast_head_json":{"title":"1,5 % dla zawodniczek KPS Nowa D\u0119ba - &quot;Siatk\u00f3wka mieszka w Nowej D\u0119bie &quot;","robots":{"index":"index","follow":"follow","max-snippet":"max-snippet:-1","max-image-preview":"max-image-preview:large","max-video-preview":"max-video-preview:-1"},"canonical":"https:\/\/kpsnowadeba.pl\/index.php\/1-dla-zawodniczek-kps-nowa-deba\/","og_locale":"pl_PL","og_type":"article","og_title":"1,5 % dla zawodniczek KPS Nowa D\u0119ba - &quot;Siatk\u00f3wka mieszka w Nowej D\u0119bie &quot;","og_description":"10 stycznia 2012 r. Klub Pi\u0142ki Siatkowej Nowa D\u0119ba zosta\u0142 wpisany do Krajowego Rejestru S\u0105dowego jako Organizacja Po\u017cytku Publicznego. Od tego w\u0142a\u015bnie roku uprawnieni jeste\u015bmy do pozyskiwania 1,5 % jako wsparcia na dzia\u0142alno\u015b\u0107 naszego Klubu. Ka\u017cdy mo\u017ce przekaza\u0107 1,5% swojego &hellip; Czytaj dalej &rarr;","og_url":"https:\/\/kpsnowadeba.pl\/index.php\/1-dla-zawodniczek-kps-nowa-deba\/","og_site_name":"&quot;Siatk\u00f3wka mieszka w Nowej D\u0119bie &quot;","article_modified_time":"2023-02-16T17:22:33+00:00","og_image":[{"url":"http:\/\/kpsnowadeba.pl\/wp-content\/uploads\/2023\/02\/1i5procent2022-300x188.png","type":"","width":"","height":""}],"twitter_card":"summary_large_image","twitter_misc":{"Szacowany czas czytania":"1 minuta"},"schema":{"@context":"https:\/\/schema.org","@graph":[{"@type":"WebPage","@id":"https:\/\/kpsnowadeba.pl\/index.php\/1-dla-zawodniczek-kps-nowa-deba\/","url":"https:\/\/kpsnowadeba.pl\/index.php\/1-dla-zawodniczek-kps-nowa-deba\/","name":"1,5 % dla zawodniczek KPS Nowa D\u0119ba - &quot;Siatk\u00f3wka mieszka w Nowej D\u0119bie &quot;","isPartOf":{"@id":"https:\/\/kpsnowadeba.pl\/#website"},"primaryImageOfPage":{"@id":"https:\/\/kpsnowadeba.pl\/index.php\/1-dla-zawodniczek-kps-nowa-deba\/#primaryimage"},"image":{"@id":"https:\/\/kpsnowadeba.pl\/index.php\/1-dla-zawodniczek-kps-nowa-deba\/#primaryimage"},"thumbnailUrl":"http:\/\/kpsnowadeba.pl\/wp-content\/uploads\/2023\/02\/1i5procent2022-300x188.png","datePublished":"2018-10-25T18:27:43+00:00","dateModified":"2023-02-16T17:22:33+00:00","breadcrumb":{"@id":"https:\/\/kpsnowadeba.pl\/index.php\/1-dla-zawodniczek-kps-nowa-deba\/#breadcrumb"},"inLanguage":"pl-PL","potentialAction":[{"@type":"ReadAction","target":["https:\/\/kpsnowadeba.pl\/index.php\/1-dla-zawodniczek-kps-nowa-deba\/"]}]},{"@type":"ImageObject","inLanguage":"pl-PL","@id":"https:\/\/kpsnowadeba.pl\/index.php\/1-dla-zawodniczek-kps-nowa-deba\/#primaryimage","url":"http:\/\/kpsnowadeba.pl\/wp-content\/uploads\/2023\/02\/1i5procent2022-300x188.png","contentUrl":"http:\/\/kpsnowadeba.pl\/wp-content\/uploads\/2023\/02\/1i5procent2022-300x188.png"},{"@type":"BreadcrumbList","@id":"https:\/\/kpsnowadeba.pl\/index.php\/1-dla-zawodniczek-kps-nowa-deba\/#breadcrumb","itemListElement":[{"@type":"ListItem","position":1,"name":"Strona g\u0142\u00f3wna","item":"https:\/\/kpsnowadeba.pl\/"},{"@type":"ListItem","position":2,"name":"1,5 % dla zawodniczek KPS Nowa D\u0119ba"}]},{"@type":"WebSite","@id":"https:\/\/kpsnowadeba.pl\/#website","url":"https:\/\/kpsnowadeba.pl\/","name":"&quot;Siatk\u00f3wka mieszka w Nowej D\u0119bie &quot;","description":"ul.Le\u015bna 40 39-460 Nowa D\u0119ba","potentialAction":[{"@type":"SearchAction","target":{"@type":"EntryPoint","urlTemplate":"https:\/\/kpsnowadeba.pl\/?s={search_term_string}"},"query-input":{"@type":"PropertyValueSpecification","valueRequired":true,"valueName":"search_term_string"}}],"inLanguage":"pl-PL"}]}},"jetpack_sharing_enabled":true,"jetpack_shortlink":"https:\/\/wp.me\/PabDgJ-i2","jetpack-related-posts":[],"jetpack_likes_enabled":true,"_links":{"self":[{"href":"https:\/\/kpsnowadeba.pl\/index.php\/wp-json\/wp\/v2\/pages\/1118","targetHints":{"allow":["GET"]}}],"collection":[{"href":"https:\/\/kpsnowadeba.pl\/index.php\/wp-json\/wp\/v2\/pages"}],"about":[{"href":"https:\/\/kpsnowadeba.pl\/index.php\/wp-json\/wp\/v2\/types\/page"}],"author":[{"embeddable":true,"href":"https:\/\/kpsnowadeba.pl\/index.php\/wp-json\/wp\/v2\/users\/1"}],"replies":[{"embeddable":true,"href":"https:\/\/kpsnowadeba.pl\/index.php\/wp-json\/wp\/v2\/comments?post=1118"}],"version-history":[{"count":6,"href":"https:\/\/kpsnowadeba.pl\/index.php\/wp-json\/wp\/v2\/pages\/1118\/revisions"}],"predecessor-version":[{"id":2400,"href":"https:\/\/kpsnowadeba.pl\/index.php\/wp-json\/wp\/v2\/pages\/1118\/revisions\/2400"}],"wp:attachment":[{"href":"https:\/\/kpsnowadeba.pl\/index.php\/wp-json\/wp\/v2\/media?parent=1118"}],"curies":[{"name":"wp","href":"https:\/\/api.w.org\/{rel}","templated":true}]}}