{"id":1259,"date":"2018-12-04T21:09:39","date_gmt":"2018-12-04T19:09:39","guid":{"rendered":"http:\/\/kpsnowadeba.pl\/?page_id=1259"},"modified":"2024-08-20T08:23:24","modified_gmt":"2024-08-20T06:23:24","slug":"sprawozdania-komisji-rewizyjnej","status":"publish","type":"page","link":"https:\/\/kpsnowadeba.pl\/index.php\/sprawozdania-komisji-rewizyjnej\/","title":{"rendered":"Sprawozdania Komisji Rewizyjnej"},"content":{"rendered":"\t\t<div data-elementor-type=\"wp-post\" data-elementor-id=\"1259\" class=\"elementor elementor-1259\">\n\t\t\t\t\t\t<section class=\"elementor-section elementor-top-section elementor-element elementor-element-3cf45c33 elementor-section-boxed elementor-section-height-default elementor-section-height-default\" data-id=\"3cf45c33\" data-element_type=\"section\">\n\t\t\t\t\t\t<div class=\"elementor-container elementor-column-gap-default\">\n\t\t\t\t\t<div class=\"elementor-column elementor-col-100 elementor-top-column elementor-element elementor-element-3846ad5\" data-id=\"3846ad5\" data-element_type=\"column\">\n\t\t\t<div class=\"elementor-widget-wrap elementor-element-populated\">\n\t\t\t\t\t\t<div class=\"elementor-element elementor-element-1c5384ce elementor-widget elementor-widget-text-editor\" data-id=\"1c5384ce\" data-element_type=\"widget\" data-widget_type=\"text-editor.default\">\n\t\t\t\t<div class=\"elementor-widget-container\">\n\t\t\t\t\t\t\t\t\t<h3>Sprawozdanie Komisji Rewizyjnej Klubu Pi\u0142ki Siatkowej w Nowej D\u0119bie<\/h3><h3>na Walne Zebranie Sprawozdawczo-Wyborcze zwo\u0142ane na dzie\u0144<\/h3><h3>06 grudnia 2018 r.<\/h3><p>Komisja Rewizyjna w ko\u0144cz\u0105cej si\u0119 kadencji pracowa\u0142a w sk\u0142adzie:<\/p><ol><li>Wies\u0142aw Kalicki \u2013 przewodnicz\u0105cy<\/li><li>Hanna Sobieszek \u2013 cz\u0142onek<\/li><li>Antonii Majowicz &#8211; cz\u0142onek<\/li><\/ol><p>W latach 2013-2018 przedstawiciele Komisji Rewizyjnej mieli mo\u017cliwo\u015b\u0107 brania udzia\u0142u w posiedzeniach Zarz\u0105du Klubu dzi\u0119ki czemu mogli na bie\u017c\u0105co zapoznawa\u0107 si\u0119 z jego prac\u0105. Na bie\u017c\u0105co zg\u0142aszano r\u00f3wnie\u017c swoje uwago do postanowie\u0144 Zarz\u0105du.<\/p><p>Komisja Rewizyjna w sk\u0142adzie jak wy\u017cej zebra\u0142a si\u0119 w dniu 23 listopada 2018 r. w celu oceny i podsumowania dzia\u0142alno\u015bci stowarzyszenia za okres ca\u0142ej kadencji.<\/p><p>Komisja Rewizyjna zapozna\u0142a si\u0119 ze sprawozdaniem Zarz\u0105du i ze stanem realizacji statutowych zada\u0144 Klubu, przeanalizowa\u0142a ustalenia i plany dzia\u0142a\u0144 Zarz\u0105du. Stwierdzono, \u017ce dzia\u0142alno\u015b\u0107 programowa prowadzona by\u0142a w oparciu harmonogramy konkurs\u00f3w og\u0142aszanych przez samorz\u0105d lokalny lub organizacje og\u00f3lnopolskie oraz terminarze rozgrywek na ka\u017cdy rok opracowywane przez Podkarpacki Wojew\u00f3dzki Zwi\u0105zek Pi\u0142ki Siatkowej w Rzeszowie. Komisja Rewizyjna stwierdza, \u017ce Zarz\u0105d Klubu dzia\u0142a\u0142 zgodnie z celami i za\u0142o\u017ceniami okre\u015blonymi w Statucie Klubu Pi\u0142ki Siatkowej.<\/p><p>Stowarzyszenie zobowi\u0105zane jest prowadzi\u0107 ksi\u0119gi rachunkowe, stosuj\u0105c og\u00f3lne zasady okre\u015blone w przepisach ustawy o rachunkowo\u015bci, jednak\u017ce z uwzgl\u0119dnieniem szczeg\u00f3lnych zasad rachunkowo\u015bci dla niekt\u00f3rych jednostek nieb\u0119d\u0105cych sp\u00f3\u0142kami handlowymi, nieprowadz\u0105cych dzia\u0142alno\u015bci gospodarczej. Sprawozdania finansowe Klubu za okres ca\u0142ej kadencji sk\u0142adaj\u0105 si\u0119 z bilansu, rachunku wynik\u00f3w i informacji dodatkowej za ka\u017cdy rok kalendarzowy obejmuj\u0105cy kadencj\u0119. S\u0105 wraz z formularzem CIT-8 wysy\u0142ane zgodnie z obowi\u0105zuj\u0105cym prawem do Urz\u0119du Skarbowego. Sprawozdania finansowe zosta\u0142y sporz\u0105dzone przy za\u0142o\u017ceniu kontynuowania dzia\u0142alno\u015bci statutowej przez Stowarzyszenie. Jako Organizacja Po\u017cytku Publicznego Klub Pi\u0142ki Siatkowej zobowi\u0105zany jest do sk\u0142adania sprawozda\u0144 merytorycznych i finansowych poprzez upublicznienie ich na portalu Ministerstwa Pracy i Polityki Spo\u0142ecznej z czego si\u0119 systematycznie wywi\u0105zywa\u0142 przez ca\u0142y okres trwania kadencji. Zarz\u0105d Klubu przekaza\u0142 Komisji Rewizyjnej wydruki sprawozda\u0144 z ca\u0142ej pi\u0119cioletniej kadencji kt\u00f3re stanowi\u0105 za\u0142\u0105czniki do niniejszego sprawozdania.<\/p><p>\u00a0Komisja Rewizyjna dokona\u0142a przegl\u0105du dokument\u00f3w finansowo \u2013 ksi\u0119gowych i stwierdzi\u0142a, \u017ce dokumentacja prowadzona by\u0142a w spos\u00f3b rzetelny.<\/p><p>\u00a0Po zapoznaniu si\u0119 z bilansem oraz rachunkiem wynik\u00f3w za ka\u017cdy rok kalendarzowy stwierdzono, i\u017c:<\/p><ul><li>w zakresie finansowym sprawozdania Zarz\u0105du obejmuj\u0105 wszelkie wp\u0142ywy i wydatki,<\/li><li>prawid\u0142owo ustalono wyniki finansowe,<\/li><li>w spos\u00f3b oszcz\u0119dny i prawid\u0142owy dysponowano \u015brodkami na planowane do realizacji zadania,<\/li><li>\u015brodki pieni\u0119\u017cne w kasie i na rachunku bankowych s\u0105 zgodne z wyci\u0105gami bankowymi i stanem kasy.<\/li><\/ul><p>\u00a0W zwi\u0105zku z powy\u017cszym Komisja Rewizyjna wnosi o podj\u0119cie uchwa\u0142y udzielaj\u0105cej absolutorium Zarz\u0105dowi Klubu Pi\u0142ki Siatkowej za ko\u0144cz\u0105c\u0105 si\u0119 kadencj\u0119.<\/p><p>\u00a0Podpisy cz\u0142onk\u00f3w Komisji Rewizyjnej:<\/p><p>\u00a0<span style=\"font-family: Roboto, sans-serif;\">Wies\u0142aw Kalicki \u2013 przewodnicz\u0105cy\u00a0\u00a0\u00a0\u00a0\u00a0\u00a0\u00a0\u00a0\u00a0\u00a0\u00a0\u00a0\u00a0\u00a0\u00a0\u00a0 \u2026\u2026\u2026\u2026\u2026\u2026\u2026\u2026\u2026\u2026\u2026\u2026\u2026\u2026\u2026\u2026<\/span><\/p><p>\u00a0<span style=\"font-family: Roboto, sans-serif;\">Hanna Sobieszek \u2013 cz\u0142onek\u00a0\u00a0\u00a0\u00a0\u00a0\u00a0\u00a0\u00a0\u00a0\u00a0\u00a0\u00a0\u00a0\u00a0\u00a0\u00a0\u00a0\u00a0\u00a0\u00a0\u00a0\u00a0\u00a0\u00a0\u00a0 \u00a0\u2026\u2026\u2026\u2026\u2026\u2026\u2026\u2026\u2026\u2026\u2026\u2026\u2026\u2026\u2026<\/span><\/p><p>\u00a0<span style=\"font-family: Roboto, sans-serif;\">Antonii Majowicz \u2013 cz\u0142onek\u00a0\u00a0\u00a0\u00a0\u00a0\u00a0\u00a0\u00a0\u00a0\u00a0\u00a0\u00a0\u00a0\u00a0\u00a0\u00a0\u00a0\u00a0\u00a0\u00a0\u00a0\u00a0\u00a0\u00a0\u00a0\u00a0\u00a0\u00a0\u00a0\u00a0\u00a0 \u2026\u2026\u2026\u2026\u2026\u2026\u2026\u2026\u2026\u2026\u2026\u2026\u2026\u2026\u2026\u2026<\/span><\/p><p><span style=\"font-family: Roboto, sans-serif;\">\u00a0<\/span><\/p><h3 style=\"text-align: center;\" align=\"center\"><span style=\"font-size: 12.0pt; mso-fareast-font-family: 'Arial Unicode MS';\">Sprawozdanie Komisji Rewizyjnej Klubu Pi\u0142ki Siatkowej w Nowej D\u0119bie <\/span><span style=\"font-size: 12.0pt; mso-bidi-font-size: 13.0pt; mso-fareast-font-family: 'Arial Unicode MS';\">\u00a0<\/span><\/h3><h3 style=\"text-align: center;\" align=\"center\"><span style=\"font-size: 12.0pt; mso-bidi-font-size: 13.0pt; mso-fareast-font-family: 'Arial Unicode MS';\">na Walne Zebranie Sprawozdawczo-Wyborcze zwo\u0142ane na dzie\u0144 <\/span><\/h3><h3 style=\"text-align: center;\" align=\"center\"><span style=\"font-size: 12.0pt; mso-bidi-font-size: 13.0pt; mso-fareast-font-family: 'Arial Unicode MS';\">16 sierpnia 2024 r.<\/span><\/h3><p style=\"text-align: justify;\"><span style=\"font-family: 'Arial',sans-serif;\">Komisja Rewizyjna w ko\u0144cz\u0105cej si\u0119 kadencji pracowa\u0142a w sk\u0142adzie:<\/span><\/p><ol style=\"margin-top: 0cm;\" start=\"1\" type=\"1\"><li style=\"text-align: justify; mso-list: l0 level1 lfo1; tab-stops: list 36.0pt;\"><span style=\"font-family: 'Arial',sans-serif; mso-fareast-font-family: 'Arial Unicode MS';\">Robert Suska \u2013 przewodnicz\u0105cy<\/span><\/li><li style=\"text-align: justify; mso-list: l0 level1 lfo1; tab-stops: list 36.0pt;\"><span style=\"font-family: 'Arial',sans-serif; mso-fareast-font-family: 'Arial Unicode MS';\">Wies\u0142aw Kalicki \u2013 cz\u0142onek<\/span><\/li><li style=\"text-align: justify; mso-list: l0 level1 lfo1; tab-stops: list 36.0pt;\"><span style=\"font-family: 'Arial',sans-serif; mso-fareast-font-family: 'Arial Unicode MS';\">Joanna Diektiarenko &#8211; cz\u0142onek<\/span><\/li><\/ol><p style=\"text-align: justify; text-indent: 35.4pt;\"><span style=\"text-indent: 35.4pt; color: var( --e-global-color-text ); font-family: Arial, sans-serif;\">W latach 2019-2023 przedstawiciele Komisji Rewizyjnej mieli mo\u017cliwo\u015b\u0107 brania udzia\u0142u w posiedzeniach Zarz\u0105du Klubu dzi\u0119ki czemu mogli <\/span><span style=\"text-indent: 35.4pt; color: var( --e-global-color-text ); font-family: Arial, sans-serif;\">na bie\u017c\u0105co zapoznawa\u0107 si\u0119 z jego prac\u0105. Na bie\u017c\u0105co zg\u0142aszano r\u00f3wnie\u017c swoje uwago do postanowie\u0144 Zarz\u0105du.<\/span><\/p><p style=\"text-align: justify; text-indent: 35.4pt;\"><span style=\"font-family: Arial, sans-serif; text-indent: 35.4pt; color: var( --e-global-color-text );\">Komisja Rewizyjna w sk\u0142adzie jak wy\u017cej zebra\u0142a si\u0119 w dniu 6 sierpnia 2024 r. w celu oceny i podsumowania dzia\u0142alno\u015bci stowarzyszenia za okres ca\u0142ej kadencji.<\/span><\/p><p style=\"text-align: justify;\"><span style=\"font-family: 'Arial',sans-serif;\">Komisja Rewizyjna zapozna\u0142a si\u0119 ze sprawozdaniem Zarz\u0105du i ze stanem realizacji statutowych zada\u0144 Klubu, przeanalizowa\u0142a ustalenia i plany dzia\u0142a\u0144 Zarz\u0105du. S<\/span><span style=\"font-family: 'Arial',sans-serif; mso-fareast-font-family: 'Arial Unicode MS';\">twierdzono, \u017ce dzia\u0142alno\u015b\u0107 programowa prowadzona by\u0142a w oparciu harmonogramy konkurs\u00f3w og\u0142aszanych przez samorz\u0105d lokalny lub organizacje og\u00f3lnopolskie oraz terminarze rozgrywek na ka\u017cdy rok opracowywane przez Podkarpacki Wojew\u00f3dzki Zwi\u0105zek Pi\u0142ki Siatkowej w Rzeszowie. Komisja Rewizyjna stwierdza, \u017ce Zarz\u0105d Klubu dzia\u0142a\u0142 zgodnie z celami i za\u0142o\u017ceniami okre\u015blonymi w Statucie Klubu Pi\u0142ki Siatkowej.<\/span><\/p><p><span style=\"font-family: 'Arial',sans-serif;\">\u00a0<\/span><span style=\"font-family: Arial, sans-serif; text-align: justify; text-indent: 35.4pt; color: var( --e-global-color-text );\">Stowarzyszenie zobowi\u0105zane jest prowadzi\u0107 ksi\u0119gi rachunkowe, stosuj\u0105c og\u00f3lne zasady okre\u015blone w przepisach ustawy o rachunkowo\u015bci, jednak\u017ce z uwzgl\u0119dnieniem szczeg\u00f3lnych zasad rachunkowo\u015bci dla niekt\u00f3rych jednostek nieb\u0119d\u0105cych sp\u00f3\u0142kami handlowymi, nieprowadz\u0105cych dzia\u0142alno\u015bci gospodarczej. Sprawozdania finansowe Klubu za okres ca\u0142ej kadencji sk\u0142adaj\u0105 si\u0119 z bilansu, rachunku wynik\u00f3w i informacji dodatkowej za ka\u017cdy rok kalendarzowy obejmuj\u0105cy kadencj\u0119. S\u0105 wraz z formularzem CIT-8 wysy\u0142ane zgodnie z obowi\u0105zuj\u0105cym prawem do Urz\u0119du Skarbowego. Sprawozdania finansowe zosta\u0142y sporz\u0105dzone przy za\u0142o\u017ceniu kontynuowania dzia\u0142alno\u015bci statutowej przez Stowarzyszenie. Jako Organizacja Po\u017cytku Publicznego Klub Pi\u0142ki Siatkowej zobowi\u0105zany jest do sk\u0142adania sprawozda\u0144 merytorycznych i finansowych poprzez upublicznienie ich na portalu Ministerstwa Pracy i Polityki Spo\u0142ecznej z czego si\u0119 systematycznie wywi\u0105zywa\u0142 przez ca\u0142y okres trwania kadencji. Zarz\u0105d Klubu przekaza\u0142 Komisji Rewizyjnej wydruki sprawozda\u0144 z ca\u0142ej pi\u0119cioletniej kadencji kt\u00f3re stanowi\u0105 za\u0142\u0105czniki do niniejszego sprawozdania.<\/span><\/p><p style=\"text-align: justify;\"><span style=\"font-family: 'Arial',sans-serif;\">\u00a0<\/span><span style=\"color: var( --e-global-color-text ); font-family: Arial, sans-serif;\">Komisja Rewizyjna dokona\u0142a przegl\u0105du dokument\u00f3w finansowo \u2013 ksi\u0119gowych i stwierdzi\u0142a, \u017ce <\/span><span style=\"color: var( --e-global-color-text ); font-family: Arial, sans-serif;\">dokumentacja prowadzona by\u0142a w spos\u00f3b rzetelny.<\/span><\/p><p style=\"text-align: justify;\"><span style=\"font-family: 'Arial',sans-serif;\">\u00a0<\/span><span style=\"font-family: Arial, sans-serif; color: var( --e-global-color-text );\">Po zapoznaniu si\u0119 z bilansem oraz rachunkiem wynik\u00f3w za ka\u017cdy rok kalendarzowy stwierdzono, i\u017c:<\/span><\/p><p style=\"margin-left: 42.0pt; text-align: justify; text-indent: -18.0pt; mso-list: l2 level1 lfo2; tab-stops: list 42.0pt;\"><!-- [if !supportLists]--><span style=\"font-family: 'Arial',sans-serif; mso-fareast-font-family: Arial;\">&#8211;<span style=\"font-variant-numeric: normal; font-variant-east-asian: normal; font-variant-alternates: normal; font-size-adjust: none; font-kerning: auto; font-optical-sizing: auto; font-feature-settings: normal; font-variation-settings: normal; font-variant-position: normal; font-stretch: normal; font-size: 7pt; line-height: normal; font-family: 'Times New Roman';\">\u00a0\u00a0\u00a0\u00a0\u00a0\u00a0\u00a0 <\/span><\/span><!--[endif]--><span style=\"font-family: 'Arial',sans-serif;\">w zakresie finansowym sprawozdania Zarz\u0105du obejmuj\u0105 wszelkie wp\u0142ywy i wydatki, <\/span><\/p><p style=\"margin-left: 42.0pt; text-align: justify; text-indent: -18.0pt; mso-list: l2 level1 lfo2; tab-stops: list 42.0pt;\"><!-- [if !supportLists]--><span style=\"font-family: 'Arial',sans-serif; mso-fareast-font-family: Arial;\">&#8211;<span style=\"font-variant-numeric: normal; font-variant-east-asian: normal; font-variant-alternates: normal; font-size-adjust: none; font-kerning: auto; font-optical-sizing: auto; font-feature-settings: normal; font-variation-settings: normal; font-variant-position: normal; font-stretch: normal; font-size: 7pt; line-height: normal; font-family: 'Times New Roman';\">\u00a0\u00a0\u00a0\u00a0\u00a0\u00a0\u00a0 <\/span><\/span><!--[endif]--><span style=\"font-family: 'Arial',sans-serif;\">prawid\u0142owo ustalono wyniki finansowe,<\/span><\/p><p style=\"margin-left: 42.0pt; text-align: justify; text-indent: -18.0pt; mso-list: l2 level1 lfo2; tab-stops: list 42.0pt;\"><!-- [if !supportLists]--><span style=\"font-family: 'Arial',sans-serif; mso-fareast-font-family: Arial;\">&#8211;<span style=\"font-variant-numeric: normal; font-variant-east-asian: normal; font-variant-alternates: normal; font-size-adjust: none; font-kerning: auto; font-optical-sizing: auto; font-feature-settings: normal; font-variation-settings: normal; font-variant-position: normal; font-stretch: normal; font-size: 7pt; line-height: normal; font-family: 'Times New Roman';\">\u00a0\u00a0\u00a0\u00a0\u00a0\u00a0\u00a0 <\/span><\/span><!--[endif]--><span style=\"font-family: 'Arial',sans-serif;\">w spos\u00f3b oszcz\u0119dny i prawid\u0142owy dysponowano \u015brodkami na planowane do realizacji zadania, <\/span><\/p><p style=\"margin-left: 42.0pt; text-align: justify; text-indent: -18.0pt; mso-list: l2 level1 lfo2; tab-stops: list 42.0pt;\"><!-- [if !supportLists]--><span style=\"font-family: 'Arial',sans-serif; mso-fareast-font-family: Arial;\">&#8211;<span style=\"font-variant-numeric: normal; font-variant-east-asian: normal; font-variant-alternates: normal; font-size-adjust: none; font-kerning: auto; font-optical-sizing: auto; font-feature-settings: normal; font-variation-settings: normal; font-variant-position: normal; font-stretch: normal; font-size: 7pt; line-height: normal; font-family: 'Times New Roman';\">\u00a0\u00a0\u00a0\u00a0\u00a0\u00a0\u00a0 <\/span><\/span><!--[endif]--><span style=\"font-family: 'Arial',sans-serif;\">\u015brodki pieni\u0119\u017cne w kasie i na rachunku bankowych s\u0105 zgodne z wyci\u0105gami \u00a0bankowymi i stanem kasy.<\/span><\/p><p><span style=\"font-family: 'Arial',sans-serif;\">\u00a0<\/span><span style=\"font-family: Arial, sans-serif; text-align: justify; color: var( --e-global-color-text );\">W zwi\u0105zku z powy\u017cszym Komisja Rewizyjna wnosi o podj\u0119cie uchwa\u0142y udzielaj\u0105cej absolutorium Zarz\u0105dowi Klubu Pi\u0142ki Siatkowej za ko\u0144cz\u0105c\u0105 si\u0119 kadencj\u0119.<\/span><\/p><p style=\"text-align: justify;\"><span style=\"font-family: 'Arial',sans-serif; mso-fareast-font-family: 'Arial Unicode MS';\">\u00a0<\/span><span style=\"font-family: Arial, sans-serif; color: var( --e-global-color-text );\">Podpisy cz\u0142onk\u00f3w Komisji Rewizyjnej:<\/span><\/p><p style=\"text-align: justify;\"><span style=\"font-family: Arial, sans-serif; color: var( --e-global-color-text ); font-weight: var( --e-global-typography-text-font-weight );\">Robert Suska \u2013 przewodnicz\u0105cy<\/span><span style=\"font-family: Arial, sans-serif; color: var( --e-global-color-text ); font-weight: var( --e-global-typography-text-font-weight );\"> \u00a0<\/span><\/p><p style=\"text-align: justify;\"><span style=\"font-weight: var( --e-global-typography-text-font-weight ); color: var( --e-global-color-text ); font-family: Arial, sans-serif;\">Wies\u0142aw Kalicki \u2013 cz\u0142onek<\/span><span style=\"font-weight: var( --e-global-typography-text-font-weight ); color: var( --e-global-color-text ); font-family: Arial, sans-serif;\"> \u00a0\u00a0\u00a0\u00a0\u00a0\u00a0\u00a0\u00a0\u00a0\u00a0\u00a0\u00a0\u00a0\u00a0\u00a0\u00a0\u00a0\u00a0\u00a0\u00a0\u00a0\u00a0\u00a0\u00a0\u00a0<\/span><\/p><p><span style=\"font-family: 'Arial',sans-serif; mso-fareast-font-family: 'Arial Unicode MS';\">Joanna Diektiarenko \u2013 cz\u0142onek\u00a0 \u00a0 \u00a0 \u00a0 \u00a0 \u00a0 \u00a0 \u00a0\u00a0<\/span><\/p>\t\t\t\t\t\t\t\t<\/div>\n\t\t\t\t<\/div>\n\t\t\t\t\t<\/div>\n\t\t<\/div>\n\t\t\t\t\t<\/div>\n\t\t<\/section>\n\t\t\t\t<\/div>\n\t\t","protected":false},"excerpt":{"rendered":"<p>Sprawozdanie Komisji Rewizyjnej Klubu Pi\u0142ki Siatkowej w Nowej D\u0119bie na Walne Zebranie Sprawozdawczo-Wyborcze zwo\u0142ane na dzie\u0144 06 grudnia 2018 r. Komisja Rewizyjna w ko\u0144cz\u0105cej si\u0119 kadencji pracowa\u0142a w sk\u0142adzie: Wies\u0142aw Kalicki \u2013 przewodnicz\u0105cy Hanna Sobieszek \u2013 cz\u0142onek Antonii Majowicz &#8211; &hellip; <a href=\"https:\/\/kpsnowadeba.pl\/index.php\/sprawozdania-komisji-rewizyjnej\/\">Czytaj dalej <span class=\"meta-nav\">&rarr;<\/span><\/a><\/p>\n","protected":false},"author":1,"featured_media":0,"parent":0,"menu_order":0,"comment_status":"closed","ping_status":"closed","template":"","meta":{"jetpack_post_was_ever_published":false,"_mc_calendar":[],"footnotes":""},"class_list":["post-1259","page","type-page","status-publish","hentry"],"yoast_head":"<!-- This site is optimized with the Yoast SEO plugin v26.2 - https:\/\/yoast.com\/wordpress\/plugins\/seo\/ -->\n<title>Sprawozdania Komisji Rewizyjnej - &quot;Siatk\u00f3wka mieszka w Nowej D\u0119bie &quot;<\/title>\n<meta name=\"robots\" content=\"index, follow, max-snippet:-1, max-image-preview:large, max-video-preview:-1\" \/>\n<link rel=\"canonical\" href=\"https:\/\/kpsnowadeba.pl\/index.php\/sprawozdania-komisji-rewizyjnej\/\" \/>\n<meta property=\"og:locale\" content=\"pl_PL\" \/>\n<meta property=\"og:type\" content=\"article\" \/>\n<meta property=\"og:title\" content=\"Sprawozdania Komisji Rewizyjnej - &quot;Siatk\u00f3wka mieszka w Nowej D\u0119bie &quot;\" \/>\n<meta property=\"og:description\" content=\"Sprawozdanie Komisji Rewizyjnej Klubu Pi\u0142ki Siatkowej w Nowej D\u0119bie na Walne Zebranie Sprawozdawczo-Wyborcze zwo\u0142ane na dzie\u0144 06 grudnia 2018 r. Komisja Rewizyjna w ko\u0144cz\u0105cej si\u0119 kadencji pracowa\u0142a w sk\u0142adzie: Wies\u0142aw Kalicki \u2013 przewodnicz\u0105cy Hanna Sobieszek \u2013 cz\u0142onek Antonii Majowicz &#8211; &hellip; Czytaj dalej &rarr;\" \/>\n<meta property=\"og:url\" content=\"https:\/\/kpsnowadeba.pl\/index.php\/sprawozdania-komisji-rewizyjnej\/\" \/>\n<meta property=\"og:site_name\" content=\"&quot;Siatk\u00f3wka mieszka w Nowej D\u0119bie &quot;\" \/>\n<meta property=\"article:modified_time\" content=\"2024-08-20T06:23:24+00:00\" \/>\n<meta name=\"twitter:card\" content=\"summary_large_image\" \/>\n<meta name=\"twitter:label1\" content=\"Szacowany czas czytania\" \/>\n\t<meta name=\"twitter:data1\" content=\"5 minut\" \/>\n<script type=\"application\/ld+json\" class=\"yoast-schema-graph\">{\"@context\":\"https:\/\/schema.org\",\"@graph\":[{\"@type\":\"WebPage\",\"@id\":\"https:\/\/kpsnowadeba.pl\/index.php\/sprawozdania-komisji-rewizyjnej\/\",\"url\":\"https:\/\/kpsnowadeba.pl\/index.php\/sprawozdania-komisji-rewizyjnej\/\",\"name\":\"Sprawozdania Komisji Rewizyjnej - &quot;Siatk\u00f3wka mieszka w Nowej D\u0119bie &quot;\",\"isPartOf\":{\"@id\":\"https:\/\/kpsnowadeba.pl\/#website\"},\"datePublished\":\"2018-12-04T19:09:39+00:00\",\"dateModified\":\"2024-08-20T06:23:24+00:00\",\"breadcrumb\":{\"@id\":\"https:\/\/kpsnowadeba.pl\/index.php\/sprawozdania-komisji-rewizyjnej\/#breadcrumb\"},\"inLanguage\":\"pl-PL\",\"potentialAction\":[{\"@type\":\"ReadAction\",\"target\":[\"https:\/\/kpsnowadeba.pl\/index.php\/sprawozdania-komisji-rewizyjnej\/\"]}]},{\"@type\":\"BreadcrumbList\",\"@id\":\"https:\/\/kpsnowadeba.pl\/index.php\/sprawozdania-komisji-rewizyjnej\/#breadcrumb\",\"itemListElement\":[{\"@type\":\"ListItem\",\"position\":1,\"name\":\"Strona g\u0142\u00f3wna\",\"item\":\"https:\/\/kpsnowadeba.pl\/\"},{\"@type\":\"ListItem\",\"position\":2,\"name\":\"Sprawozdania Komisji Rewizyjnej\"}]},{\"@type\":\"WebSite\",\"@id\":\"https:\/\/kpsnowadeba.pl\/#website\",\"url\":\"https:\/\/kpsnowadeba.pl\/\",\"name\":\"&quot;Siatk\u00f3wka mieszka w Nowej D\u0119bie &quot;\",\"description\":\"ul.Le\u015bna 40 39-460 Nowa D\u0119ba\",\"potentialAction\":[{\"@type\":\"SearchAction\",\"target\":{\"@type\":\"EntryPoint\",\"urlTemplate\":\"https:\/\/kpsnowadeba.pl\/?s={search_term_string}\"},\"query-input\":{\"@type\":\"PropertyValueSpecification\",\"valueRequired\":true,\"valueName\":\"search_term_string\"}}],\"inLanguage\":\"pl-PL\"}]}<\/script>\n<!-- \/ Yoast SEO plugin. -->","yoast_head_json":{"title":"Sprawozdania Komisji Rewizyjnej - &quot;Siatk\u00f3wka mieszka w Nowej D\u0119bie &quot;","robots":{"index":"index","follow":"follow","max-snippet":"max-snippet:-1","max-image-preview":"max-image-preview:large","max-video-preview":"max-video-preview:-1"},"canonical":"https:\/\/kpsnowadeba.pl\/index.php\/sprawozdania-komisji-rewizyjnej\/","og_locale":"pl_PL","og_type":"article","og_title":"Sprawozdania Komisji Rewizyjnej - &quot;Siatk\u00f3wka mieszka w Nowej D\u0119bie &quot;","og_description":"Sprawozdanie Komisji Rewizyjnej Klubu Pi\u0142ki Siatkowej w Nowej D\u0119bie na Walne Zebranie Sprawozdawczo-Wyborcze zwo\u0142ane na dzie\u0144 06 grudnia 2018 r. Komisja Rewizyjna w ko\u0144cz\u0105cej si\u0119 kadencji pracowa\u0142a w sk\u0142adzie: Wies\u0142aw Kalicki \u2013 przewodnicz\u0105cy Hanna Sobieszek \u2013 cz\u0142onek Antonii Majowicz &#8211; &hellip; Czytaj dalej &rarr;","og_url":"https:\/\/kpsnowadeba.pl\/index.php\/sprawozdania-komisji-rewizyjnej\/","og_site_name":"&quot;Siatk\u00f3wka mieszka w Nowej D\u0119bie &quot;","article_modified_time":"2024-08-20T06:23:24+00:00","twitter_card":"summary_large_image","twitter_misc":{"Szacowany czas czytania":"5 minut"},"schema":{"@context":"https:\/\/schema.org","@graph":[{"@type":"WebPage","@id":"https:\/\/kpsnowadeba.pl\/index.php\/sprawozdania-komisji-rewizyjnej\/","url":"https:\/\/kpsnowadeba.pl\/index.php\/sprawozdania-komisji-rewizyjnej\/","name":"Sprawozdania Komisji Rewizyjnej - &quot;Siatk\u00f3wka mieszka w Nowej D\u0119bie &quot;","isPartOf":{"@id":"https:\/\/kpsnowadeba.pl\/#website"},"datePublished":"2018-12-04T19:09:39+00:00","dateModified":"2024-08-20T06:23:24+00:00","breadcrumb":{"@id":"https:\/\/kpsnowadeba.pl\/index.php\/sprawozdania-komisji-rewizyjnej\/#breadcrumb"},"inLanguage":"pl-PL","potentialAction":[{"@type":"ReadAction","target":["https:\/\/kpsnowadeba.pl\/index.php\/sprawozdania-komisji-rewizyjnej\/"]}]},{"@type":"BreadcrumbList","@id":"https:\/\/kpsnowadeba.pl\/index.php\/sprawozdania-komisji-rewizyjnej\/#breadcrumb","itemListElement":[{"@type":"ListItem","position":1,"name":"Strona g\u0142\u00f3wna","item":"https:\/\/kpsnowadeba.pl\/"},{"@type":"ListItem","position":2,"name":"Sprawozdania Komisji Rewizyjnej"}]},{"@type":"WebSite","@id":"https:\/\/kpsnowadeba.pl\/#website","url":"https:\/\/kpsnowadeba.pl\/","name":"&quot;Siatk\u00f3wka mieszka w Nowej D\u0119bie &quot;","description":"ul.Le\u015bna 40 39-460 Nowa D\u0119ba","potentialAction":[{"@type":"SearchAction","target":{"@type":"EntryPoint","urlTemplate":"https:\/\/kpsnowadeba.pl\/?s={search_term_string}"},"query-input":{"@type":"PropertyValueSpecification","valueRequired":true,"valueName":"search_term_string"}}],"inLanguage":"pl-PL"}]}},"jetpack_sharing_enabled":true,"jetpack_shortlink":"https:\/\/wp.me\/PabDgJ-kj","jetpack-related-posts":[],"jetpack_likes_enabled":true,"_links":{"self":[{"href":"https:\/\/kpsnowadeba.pl\/index.php\/wp-json\/wp\/v2\/pages\/1259","targetHints":{"allow":["GET"]}}],"collection":[{"href":"https:\/\/kpsnowadeba.pl\/index.php\/wp-json\/wp\/v2\/pages"}],"about":[{"href":"https:\/\/kpsnowadeba.pl\/index.php\/wp-json\/wp\/v2\/types\/page"}],"author":[{"embeddable":true,"href":"https:\/\/kpsnowadeba.pl\/index.php\/wp-json\/wp\/v2\/users\/1"}],"replies":[{"embeddable":true,"href":"https:\/\/kpsnowadeba.pl\/index.php\/wp-json\/wp\/v2\/comments?post=1259"}],"version-history":[{"count":6,"href":"https:\/\/kpsnowadeba.pl\/index.php\/wp-json\/wp\/v2\/pages\/1259\/revisions"}],"predecessor-version":[{"id":2839,"href":"https:\/\/kpsnowadeba.pl\/index.php\/wp-json\/wp\/v2\/pages\/1259\/revisions\/2839"}],"wp:attachment":[{"href":"https:\/\/kpsnowadeba.pl\/index.php\/wp-json\/wp\/v2\/media?parent=1259"}],"curies":[{"name":"wp","href":"https:\/\/api.w.org\/{rel}","templated":true}]}}