{"id":1285,"date":"2018-12-05T19:28:49","date_gmt":"2018-12-05T17:28:49","guid":{"rendered":"http:\/\/kpsnowadeba.pl\/?page_id=1285"},"modified":"2024-08-20T08:16:38","modified_gmt":"2024-08-20T06:16:38","slug":"egulamin-wyborow-do-wladz-klubu-pilki-siatkowej-2018","status":"publish","type":"page","link":"https:\/\/kpsnowadeba.pl\/index.php\/egulamin-wyborow-do-wladz-klubu-pilki-siatkowej-2018\/","title":{"rendered":"REGULAMINY\u00a0wybor\u00f3w do W\u0142adz Klubu Pi\u0142ki Siatkowej"},"content":{"rendered":"<p>&nbsp;<\/p>\n<p><strong>REGULAMIN\u00a0<\/strong><strong>wybor\u00f3w do W\u0142adz Klubu Pi\u0142ki Siatkowej na Walnym Zebraniu Sprawozdawczo-Wyborczym odbywaj\u0105cym si\u0119 w dniu 6 grudnia 2018 r.<\/strong><\/p>\n<ul>\n<li>1<\/li>\n<\/ul>\n<ul style=\"list-style-type: circle;\">\n<li>W\u0142adzami Klubu wybieranymi zgodnie ze Statutem Klubu przez Walne Zebranie Cz\u0142onk\u00f3w na okres 5 lat s\u0105:<\/li>\n<\/ul>\n<p>&#8211;\u00a0 Zarz\u0105d Klubu licz\u0105cy zgodnie z \u00a7 18 pkt.1 Statutu 3 cz\u0142onk\u00f3w,<\/p>\n<p>&#8211;\u00a0 Komisja Rewizyjna sk\u0142adaj\u0105ca si\u0119 z godnie \u00a7 20 pkt. 2 Statutu z 3 cz\u0142onk\u00f3w,<\/p>\n<ul>\n<li>2<\/li>\n<\/ul>\n<ul style=\"list-style-type: circle;\">\n<li>Zarz\u0105d Klubu wybiera ze swego grona prezesa, wiceprezesa oraz sekretarza.<\/li>\n<li>Komisja rewizyjna wybiera ze swego grona przewodnicz\u0105cego komisji.<\/li>\n<\/ul>\n<ul>\n<li>3<\/li>\n<\/ul>\n<ul style=\"list-style-type: circle;\">\n<li>Wybory W\u0142adz klubu dokonuje si\u0119 w g\u0142osowaniu ustalonym przez Walne Zebranie Cz\u0142onk\u00f3w spo\u015br\u00f3d nieograniczonej liczby kandydat\u00f3w b\u0119d\u0105cych cz\u0142onkami klubu.<\/li>\n<li>Zarz\u0105d Klubu mo\u017ce zaproponowa\u0107 Walnemu Zebraniu kandydatur\u0119 do w\u0142adz klubu osoby, kt\u00f3ra dotychczas nie by\u0142a cz\u0142onkiem Klubu.<\/li>\n<li>W celu zapewnienia prawid\u0142owego przebiegu wybor\u00f3w cz\u0142onkowie klubu wybieraj\u0105 ze swego grona komisj\u0119 Wyborcz\u0105 , kt\u00f3ra przeprowadza wybory. Komisja liczy 3 osoby.<\/li>\n<\/ul>\n<ul>\n<li>4<\/li>\n<\/ul>\n<ul style=\"list-style-type: circle;\">\n<li>Kandydaci do w\u0142adz zg\u0142aszani s\u0105 z sali spo\u015br\u00f3d cz\u0142onk\u00f3w Klubu. Ilo\u015b\u0107 os\u00f3b zg\u0142oszonych do poszczeg\u00f3lnych organ\u00f3w musi liczy\u0107 minimum tyle ile okre\u015bla Statut Klubu Pi\u0142ki Siatkowej. Cz\u0142onkowie komisji Wyborczej nie mog\u0105 kandydowa\u0107 do w\u0142adz klubu.<\/li>\n<li>Zg\u0142oszenie kandydata polega na podaniu imienia i nazwiska danej osoby. Mo\u017cna doda\u0107 ewentualne uzasadnienie kandydatury przez zg\u0142aszaj\u0105cego. Z chwil\u0105 zg\u0142oszenia kandydatury po wyra\u017ceniu ustnej zgody przez kandydata zostaje on wpisany na list\u0119 kandydat\u00f3w<\/li>\n<li>Zamkni\u0119cie listy poddaje si\u0119 pod g\u0142osowanie.<\/li>\n<\/ul>\n<ul style=\"list-style-type: disc;\">\n<li>5<\/li>\n<\/ul>\n<ol>\n<li>Je\u017celi Walne Zebranie ustali spos\u00f3b g\u0142osowania tajny to:<\/li>\n<\/ol>\n<ul style=\"list-style-type: circle;\">\n<li>Z chwil\u0105 zamkni\u0119cia listy nast\u0119puje g\u0142osowanie.<\/li>\n<li>Komisja Wyborcza przygotowuje kartki do g\u0142osowania, na kt\u00f3re wpisuje si\u0119 w porz\u0105dku alfabetycznym imiona i nazwiska kandydat\u00f3w.<\/li>\n<li>G\u0142osuj\u0105cy wrzucaj\u0105 kartki do urny wyborczej.<\/li>\n<li>Z chwil\u0105 zako\u0144czenia g\u0142osowania Komisja Wyborcza przyst\u0119puje do liczenia g\u0142os\u00f3w.<\/li>\n<li>Wybranymi s\u0105 osoby, kt\u00f3re otrzyma\u0142y najwi\u0119ksz\u0105 licz\u0119 g\u0142os\u00f3w. W przypadku r\u00f3wnej ilo\u015bci g\u0142os\u00f3w nast\u0119puj\u0105 wybory dodatkowe spo\u015br\u00f3d tych os\u00f3b.<\/li>\n<li>Komisja Wyborcza sporz\u0105dza protok\u00f3\u0142 z g\u0142osowania. W protokole podaje si\u0119 zg\u0142oszonych kandydat\u00f3w oraz ilo\u015b\u0107 uzyskanych przez nich g\u0142os\u00f3w. Protok\u00f3\u0142 podpisuj\u0105 wszyscy obecni cz\u0142onkowie komisji.<\/li>\n<\/ul>\n<p>2. Je\u017celi Walne Zebranie ustali spos\u00f3b g\u0142osowania jawny to:<\/p>\n<ul style=\"list-style-type: circle;\">\n<li>Z chwil\u0105 zamkni\u0119cia listy nast\u0119puje g\u0142osowanie.<\/li>\n<li>G\u0142osowanie mo\u017ce odbywa\u0107 si\u0119 indywidualnie nad ka\u017cdym kandydatem lub na list\u0119 kandydat\u00f3w do w\u0142adz klubu.<\/li>\n<li>Komisja Wyborcza liczy mandaty podniesione podczas g\u0142osowania i podaje liczb\u0119 protokolantowi.<\/li>\n<li>G\u0142osuj\u0105cy podnosz\u0105 mandaty nad poziom g\u0142owy.<\/li>\n<\/ul>\n<p><span style=\"text-decoration: underline;\"><strong>Walne Zebranie 16 sierpnia 2024 r.<\/strong><\/span><\/p>\n<p>Nowa D\u0119ba 16 sierpnia 2024 r.<\/p>\n<p><strong>REGULAMIN<\/strong><\/p>\n<p><strong>wybor\u00f3w do W\u0142adz Klubu Pi\u0142ki Siatkowej na Walnym Zebraniu Sprawozdawczo-Wyborczym\u00a0<\/strong><strong>z dnia 16 sierpnia 2024 r.<\/strong><\/p>\n<ul>\n<li>1<\/li>\n<\/ul>\n<ol>\n<li>W\u0142adzami Klubu wybieranymi zgodnie ze Statutem Klubu przez Walne Zebranie Cz\u0142onk\u00f3w na okres 5 lat s\u0105:<\/li>\n<\/ol>\n<p>&#8211;\u00a0 Zarz\u0105d Klubu licz\u0105cy zgodnie z \u00a7 18 pkt.1 Statutu 3 cz\u0142onk\u00f3w,<\/p>\n<p>&#8211;\u00a0 Komisja Rewizyjna sk\u0142adaj\u0105ca si\u0119 z godnie \u00a7 20 pkt. 2 Statutu z 2 cz\u0142onk\u00f3w,<\/p>\n<ul>\n<li>2<\/li>\n<\/ul>\n<ol>\n<li>Zarz\u0105d Klubu wybiera ze swego grona Prezesa, Wiceprezesa oraz w przypadku gdy Walne zebranie ustali sk\u0142ad Zarz\u0105du na trzyosobowy tak\u017ce Sekretarza.<\/li>\n<li>Komisja rewizyjna wybiera ze swego grona Przewodnicz\u0105cego komisji.<\/li>\n<\/ol>\n<ul>\n<li>3<\/li>\n<\/ul>\n<ol>\n<li>Wybory W\u0142adz klubu dokonuje si\u0119 w g\u0142osowaniu ustalonym przez Walne Zebranie Cz\u0142onk\u00f3w spo\u015br\u00f3d nieograniczonej liczby kandydat\u00f3w b\u0119d\u0105cych cz\u0142onkami klubu.<\/li>\n<li>Zarz\u0105d Klubu mo\u017ce zaproponowa\u0107 Walnemu Zebraniu kandydatur\u0119 do w\u0142adz klubu osoby, kt\u00f3ra dotychczas nie by\u0142a cz\u0142onkiem Klubu.<\/li>\n<li>W celu zapewnienia prawid\u0142owego przebiegu wybor\u00f3w cz\u0142onkowie klubu wybieraj\u0105 ze swego grona komisj\u0119 Mandatowo &#8211; Wyborcz\u0105 , kt\u00f3ra przeprowadza wybory. Komisja liczy 2 osoby.<\/li>\n<\/ol>\n<ul>\n<li>4<\/li>\n<\/ul>\n<ol>\n<li>Kandydaci do w\u0142adz zg\u0142aszani s\u0105 z sali spo\u015br\u00f3d cz\u0142onk\u00f3w Klubu. Ilo\u015b\u0107 os\u00f3b zg\u0142oszonych do poszczeg\u00f3lnych organ\u00f3w musi liczy\u0107 minimum tyle ile okre\u015bla Statut Klubu Pi\u0142ki Siatkowej. Cz\u0142onkowie komisji Mandatowo &#8211; Wyborczej nie mog\u0105 kandydowa\u0107 do w\u0142adz klubu.<\/li>\n<li>Zg\u0142oszenie kandydata polega na podaniu imienia i nazwiska danej osoby. Mo\u017cna doda\u0107 ewentualne uzasadnienie kandydatury przez zg\u0142aszaj\u0105cego. Z chwil\u0105 zg\u0142oszenia kandydatury po wyra\u017ceniu ustnej zgody przez kandydata zostaje on wpisany na list\u0119 kandydat\u00f3w<\/li>\n<li>Zamkni\u0119cie listy poddaje si\u0119 pod g\u0142osowanie.<\/li>\n<\/ol>\n<ul>\n<li>5<\/li>\n<\/ul>\n<ol>\n<li>Je\u017celi Walne Zebranie ustali spos\u00f3b g\u0142osowania tajny to:<\/li>\n<li>Z chwil\u0105 zamkni\u0119cia listy nast\u0119puje g\u0142osowanie.<\/li>\n<li>Komisja Wyborcza przygotowuje kartki do g\u0142osowania, na kt\u00f3re wpisuje si\u0119 w porz\u0105dku alfabetycznym imiona i nazwiska kandydat\u00f3w.<\/li>\n<li>G\u0142osuj\u0105cy wrzucaj\u0105 kartki do urny wyborczej.<\/li>\n<li>Z chwil\u0105 zako\u0144czenia g\u0142osowania Komisja Wyborcza przyst\u0119puje do liczenia g\u0142os\u00f3w.<\/li>\n<li>Wybranymi s\u0105 osoby, kt\u00f3re otrzyma\u0142y najwi\u0119ksz\u0105 licz\u0119 g\u0142os\u00f3w. W przypadku r\u00f3wnej ilo\u015bci g\u0142os\u00f3w nast\u0119puj\u0105 wybory dodatkowe spo\u015br\u00f3d tych os\u00f3b.<\/li>\n<li>Komisja Wyborcza sporz\u0105dza protok\u00f3\u0142 z g\u0142osowania. W protokole podaje si\u0119 zg\u0142oszonych kandydat\u00f3w oraz ilo\u015b\u0107 uzyskanych przez nich g\u0142os\u00f3w. Protok\u00f3\u0142 podpisuj\u0105 wszyscy obecni cz\u0142onkowie komisji.<\/li>\n<\/ol>\n<p>&nbsp;<\/p>\n<p>&nbsp;<\/p>\n<ol>\n<li>Je\u017celi Walne Zebranie ustali spos\u00f3b g\u0142osowania jawny to:<\/li>\n<li>Z chwil\u0105 zamkni\u0119cia listy nast\u0119puje g\u0142osowanie.<\/li>\n<li>G\u0142osowanie mo\u017ce odbywa\u0107 si\u0119 indywidualnie nad ka\u017cdym kandydatem lub na list\u0119 kandydat\u00f3w do w\u0142adz klubu.<\/li>\n<\/ol>\n<ol>\n<li>Komisja Wyborcza liczy mandaty podniesione podczas g\u0142osowania i podaje liczb\u0119 protokolantowi.<\/li>\n<li>G\u0142osuj\u0105cy podnosz\u0105 mandaty nad poziom g\u0142owy.<\/li>\n<\/ol>\n<p>&nbsp;<\/p>\n<p>&nbsp;<\/p>\n<p>&nbsp;<\/p>\n<p>&nbsp;<\/p>\n<p>&nbsp;<\/p>\n<p>&nbsp;<\/p>\n","protected":false},"excerpt":{"rendered":"<p>&nbsp; REGULAMIN\u00a0wybor\u00f3w do W\u0142adz Klubu Pi\u0142ki Siatkowej na Walnym Zebraniu Sprawozdawczo-Wyborczym odbywaj\u0105cym si\u0119 w dniu 6 grudnia 2018 r. 1 W\u0142adzami Klubu wybieranymi zgodnie ze Statutem Klubu przez Walne Zebranie Cz\u0142onk\u00f3w na okres 5 lat s\u0105: &#8211;\u00a0 Zarz\u0105d Klubu licz\u0105cy &hellip; <a href=\"https:\/\/kpsnowadeba.pl\/index.php\/egulamin-wyborow-do-wladz-klubu-pilki-siatkowej-2018\/\">Czytaj dalej <span class=\"meta-nav\">&rarr;<\/span><\/a><\/p>\n","protected":false},"author":1,"featured_media":0,"parent":0,"menu_order":0,"comment_status":"closed","ping_status":"closed","template":"","meta":{"jetpack_post_was_ever_published":false,"_mc_calendar":[],"footnotes":""},"class_list":["post-1285","page","type-page","status-publish","hentry"],"yoast_head":"<!-- This site is optimized with the Yoast SEO plugin v26.2 - https:\/\/yoast.com\/wordpress\/plugins\/seo\/ -->\n<title>REGULAMINY\u00a0wybor\u00f3w do W\u0142adz Klubu Pi\u0142ki Siatkowej - &quot;Siatk\u00f3wka mieszka w Nowej D\u0119bie &quot;<\/title>\n<meta name=\"robots\" content=\"index, follow, max-snippet:-1, max-image-preview:large, max-video-preview:-1\" \/>\n<link rel=\"canonical\" href=\"https:\/\/kpsnowadeba.pl\/index.php\/egulamin-wyborow-do-wladz-klubu-pilki-siatkowej-2018\/\" \/>\n<meta property=\"og:locale\" content=\"pl_PL\" \/>\n<meta property=\"og:type\" content=\"article\" \/>\n<meta property=\"og:title\" content=\"REGULAMINY\u00a0wybor\u00f3w do W\u0142adz Klubu Pi\u0142ki Siatkowej - &quot;Siatk\u00f3wka mieszka w Nowej D\u0119bie &quot;\" \/>\n<meta property=\"og:description\" content=\"&nbsp; REGULAMIN\u00a0wybor\u00f3w do W\u0142adz Klubu Pi\u0142ki Siatkowej na Walnym Zebraniu Sprawozdawczo-Wyborczym odbywaj\u0105cym si\u0119 w dniu 6 grudnia 2018 r. 1 W\u0142adzami Klubu wybieranymi zgodnie ze Statutem Klubu przez Walne Zebranie Cz\u0142onk\u00f3w na okres 5 lat s\u0105: &#8211;\u00a0 Zarz\u0105d Klubu licz\u0105cy &hellip; Czytaj dalej &rarr;\" \/>\n<meta property=\"og:url\" content=\"https:\/\/kpsnowadeba.pl\/index.php\/egulamin-wyborow-do-wladz-klubu-pilki-siatkowej-2018\/\" \/>\n<meta property=\"og:site_name\" content=\"&quot;Siatk\u00f3wka mieszka w Nowej D\u0119bie &quot;\" \/>\n<meta property=\"article:modified_time\" content=\"2024-08-20T06:16:38+00:00\" \/>\n<meta name=\"twitter:card\" content=\"summary_large_image\" \/>\n<meta name=\"twitter:label1\" content=\"Szacowany czas czytania\" \/>\n\t<meta name=\"twitter:data1\" content=\"5 minut\" \/>\n<script type=\"application\/ld+json\" class=\"yoast-schema-graph\">{\"@context\":\"https:\/\/schema.org\",\"@graph\":[{\"@type\":\"WebPage\",\"@id\":\"https:\/\/kpsnowadeba.pl\/index.php\/egulamin-wyborow-do-wladz-klubu-pilki-siatkowej-2018\/\",\"url\":\"https:\/\/kpsnowadeba.pl\/index.php\/egulamin-wyborow-do-wladz-klubu-pilki-siatkowej-2018\/\",\"name\":\"REGULAMINY\u00a0wybor\u00f3w do W\u0142adz Klubu Pi\u0142ki Siatkowej - &quot;Siatk\u00f3wka mieszka w Nowej D\u0119bie &quot;\",\"isPartOf\":{\"@id\":\"https:\/\/kpsnowadeba.pl\/#website\"},\"datePublished\":\"2018-12-05T17:28:49+00:00\",\"dateModified\":\"2024-08-20T06:16:38+00:00\",\"breadcrumb\":{\"@id\":\"https:\/\/kpsnowadeba.pl\/index.php\/egulamin-wyborow-do-wladz-klubu-pilki-siatkowej-2018\/#breadcrumb\"},\"inLanguage\":\"pl-PL\",\"potentialAction\":[{\"@type\":\"ReadAction\",\"target\":[\"https:\/\/kpsnowadeba.pl\/index.php\/egulamin-wyborow-do-wladz-klubu-pilki-siatkowej-2018\/\"]}]},{\"@type\":\"BreadcrumbList\",\"@id\":\"https:\/\/kpsnowadeba.pl\/index.php\/egulamin-wyborow-do-wladz-klubu-pilki-siatkowej-2018\/#breadcrumb\",\"itemListElement\":[{\"@type\":\"ListItem\",\"position\":1,\"name\":\"Strona g\u0142\u00f3wna\",\"item\":\"https:\/\/kpsnowadeba.pl\/\"},{\"@type\":\"ListItem\",\"position\":2,\"name\":\"REGULAMINY\u00a0wybor\u00f3w do W\u0142adz Klubu Pi\u0142ki Siatkowej\"}]},{\"@type\":\"WebSite\",\"@id\":\"https:\/\/kpsnowadeba.pl\/#website\",\"url\":\"https:\/\/kpsnowadeba.pl\/\",\"name\":\"&quot;Siatk\u00f3wka mieszka w Nowej D\u0119bie &quot;\",\"description\":\"ul.Le\u015bna 40 39-460 Nowa D\u0119ba\",\"potentialAction\":[{\"@type\":\"SearchAction\",\"target\":{\"@type\":\"EntryPoint\",\"urlTemplate\":\"https:\/\/kpsnowadeba.pl\/?s={search_term_string}\"},\"query-input\":{\"@type\":\"PropertyValueSpecification\",\"valueRequired\":true,\"valueName\":\"search_term_string\"}}],\"inLanguage\":\"pl-PL\"}]}<\/script>\n<!-- \/ Yoast SEO plugin. -->","yoast_head_json":{"title":"REGULAMINY\u00a0wybor\u00f3w do W\u0142adz Klubu Pi\u0142ki Siatkowej - &quot;Siatk\u00f3wka mieszka w Nowej D\u0119bie &quot;","robots":{"index":"index","follow":"follow","max-snippet":"max-snippet:-1","max-image-preview":"max-image-preview:large","max-video-preview":"max-video-preview:-1"},"canonical":"https:\/\/kpsnowadeba.pl\/index.php\/egulamin-wyborow-do-wladz-klubu-pilki-siatkowej-2018\/","og_locale":"pl_PL","og_type":"article","og_title":"REGULAMINY\u00a0wybor\u00f3w do W\u0142adz Klubu Pi\u0142ki Siatkowej - &quot;Siatk\u00f3wka mieszka w Nowej D\u0119bie &quot;","og_description":"&nbsp; REGULAMIN\u00a0wybor\u00f3w do W\u0142adz Klubu Pi\u0142ki Siatkowej na Walnym Zebraniu Sprawozdawczo-Wyborczym odbywaj\u0105cym si\u0119 w dniu 6 grudnia 2018 r. 1 W\u0142adzami Klubu wybieranymi zgodnie ze Statutem Klubu przez Walne Zebranie Cz\u0142onk\u00f3w na okres 5 lat s\u0105: &#8211;\u00a0 Zarz\u0105d Klubu licz\u0105cy &hellip; Czytaj dalej &rarr;","og_url":"https:\/\/kpsnowadeba.pl\/index.php\/egulamin-wyborow-do-wladz-klubu-pilki-siatkowej-2018\/","og_site_name":"&quot;Siatk\u00f3wka mieszka w Nowej D\u0119bie &quot;","article_modified_time":"2024-08-20T06:16:38+00:00","twitter_card":"summary_large_image","twitter_misc":{"Szacowany czas czytania":"5 minut"},"schema":{"@context":"https:\/\/schema.org","@graph":[{"@type":"WebPage","@id":"https:\/\/kpsnowadeba.pl\/index.php\/egulamin-wyborow-do-wladz-klubu-pilki-siatkowej-2018\/","url":"https:\/\/kpsnowadeba.pl\/index.php\/egulamin-wyborow-do-wladz-klubu-pilki-siatkowej-2018\/","name":"REGULAMINY\u00a0wybor\u00f3w do W\u0142adz Klubu Pi\u0142ki Siatkowej - &quot;Siatk\u00f3wka mieszka w Nowej D\u0119bie &quot;","isPartOf":{"@id":"https:\/\/kpsnowadeba.pl\/#website"},"datePublished":"2018-12-05T17:28:49+00:00","dateModified":"2024-08-20T06:16:38+00:00","breadcrumb":{"@id":"https:\/\/kpsnowadeba.pl\/index.php\/egulamin-wyborow-do-wladz-klubu-pilki-siatkowej-2018\/#breadcrumb"},"inLanguage":"pl-PL","potentialAction":[{"@type":"ReadAction","target":["https:\/\/kpsnowadeba.pl\/index.php\/egulamin-wyborow-do-wladz-klubu-pilki-siatkowej-2018\/"]}]},{"@type":"BreadcrumbList","@id":"https:\/\/kpsnowadeba.pl\/index.php\/egulamin-wyborow-do-wladz-klubu-pilki-siatkowej-2018\/#breadcrumb","itemListElement":[{"@type":"ListItem","position":1,"name":"Strona g\u0142\u00f3wna","item":"https:\/\/kpsnowadeba.pl\/"},{"@type":"ListItem","position":2,"name":"REGULAMINY\u00a0wybor\u00f3w do W\u0142adz Klubu Pi\u0142ki Siatkowej"}]},{"@type":"WebSite","@id":"https:\/\/kpsnowadeba.pl\/#website","url":"https:\/\/kpsnowadeba.pl\/","name":"&quot;Siatk\u00f3wka mieszka w Nowej D\u0119bie &quot;","description":"ul.Le\u015bna 40 39-460 Nowa D\u0119ba","potentialAction":[{"@type":"SearchAction","target":{"@type":"EntryPoint","urlTemplate":"https:\/\/kpsnowadeba.pl\/?s={search_term_string}"},"query-input":{"@type":"PropertyValueSpecification","valueRequired":true,"valueName":"search_term_string"}}],"inLanguage":"pl-PL"}]}},"jetpack_sharing_enabled":true,"jetpack_shortlink":"https:\/\/wp.me\/PabDgJ-kJ","jetpack-related-posts":[],"jetpack_likes_enabled":true,"_links":{"self":[{"href":"https:\/\/kpsnowadeba.pl\/index.php\/wp-json\/wp\/v2\/pages\/1285","targetHints":{"allow":["GET"]}}],"collection":[{"href":"https:\/\/kpsnowadeba.pl\/index.php\/wp-json\/wp\/v2\/pages"}],"about":[{"href":"https:\/\/kpsnowadeba.pl\/index.php\/wp-json\/wp\/v2\/types\/page"}],"author":[{"embeddable":true,"href":"https:\/\/kpsnowadeba.pl\/index.php\/wp-json\/wp\/v2\/users\/1"}],"replies":[{"embeddable":true,"href":"https:\/\/kpsnowadeba.pl\/index.php\/wp-json\/wp\/v2\/comments?post=1285"}],"version-history":[{"count":4,"href":"https:\/\/kpsnowadeba.pl\/index.php\/wp-json\/wp\/v2\/pages\/1285\/revisions"}],"predecessor-version":[{"id":2835,"href":"https:\/\/kpsnowadeba.pl\/index.php\/wp-json\/wp\/v2\/pages\/1285\/revisions\/2835"}],"wp:attachment":[{"href":"https:\/\/kpsnowadeba.pl\/index.php\/wp-json\/wp\/v2\/media?parent=1285"}],"curies":[{"name":"wp","href":"https:\/\/api.w.org\/{rel}","templated":true}]}}