{"id":160,"date":"2018-08-14T12:28:35","date_gmt":"2018-08-14T12:28:35","guid":{"rendered":"http:\/\/kpsnowadeba.pl\/?page_id=160"},"modified":"2018-08-31T09:09:40","modified_gmt":"2018-08-31T07:09:40","slug":"narodziny-i-historia-siatkowki","status":"publish","type":"page","link":"https:\/\/kpsnowadeba.pl\/index.php\/narodziny-i-historia-siatkowki\/","title":{"rendered":"Narodziny i historia siatk\u00f3wki"},"content":{"rendered":"<p><img data-recalc-dims=\"1\" decoding=\"async\" data-attachment-id=\"750\" data-permalink=\"https:\/\/kpsnowadeba.pl\/index.php\/narodziny-i-historia-siatkowki\/brochure_vb\/\" data-orig-file=\"https:\/\/i0.wp.com\/kpsnowadeba.pl\/wp-content\/uploads\/2018\/08\/brochure_vb.png?fit=110%2C98&amp;ssl=1\" data-orig-size=\"110,98\" data-comments-opened=\"1\" data-image-meta=\"{&quot;aperture&quot;:&quot;0&quot;,&quot;credit&quot;:&quot;&quot;,&quot;camera&quot;:&quot;&quot;,&quot;caption&quot;:&quot;&quot;,&quot;created_timestamp&quot;:&quot;0&quot;,&quot;copyright&quot;:&quot;&quot;,&quot;focal_length&quot;:&quot;0&quot;,&quot;iso&quot;:&quot;0&quot;,&quot;shutter_speed&quot;:&quot;0&quot;,&quot;title&quot;:&quot;&quot;,&quot;orientation&quot;:&quot;0&quot;}\" data-image-title=\"brochure_vb\" data-image-description=\"\" data-image-caption=\"\" data-medium-file=\"https:\/\/i0.wp.com\/kpsnowadeba.pl\/wp-content\/uploads\/2018\/08\/brochure_vb.png?fit=110%2C98&amp;ssl=1\" data-large-file=\"https:\/\/i0.wp.com\/kpsnowadeba.pl\/wp-content\/uploads\/2018\/08\/brochure_vb.png?fit=110%2C98&amp;ssl=1\" class=\"alignnone size-full wp-image-750\" src=\"https:\/\/i0.wp.com\/kpsnowadeba.pl\/wp-content\/uploads\/2018\/08\/brochure_vb.png?resize=110%2C98&#038;ssl=1\" alt=\"\" width=\"110\" height=\"98\" \/><\/p>\n<p><strong><u>Historia siatk\u00f3wki na \u015bwiecie<\/u><\/strong><\/p>\n<p>Dyscyplin\u0119 sportu, kt\u00f3r\u0105 dzisiaj nazywamy siatk\u00f3wk\u0105 wymy\u015bli\u0142 w 1885 roku William Morgan nauczyciel ze szko\u0142y w miejscowo\u015bci Holyocke w stanie Massachusetts. Mia\u0142a to by\u0107 halowa gra zespo\u0142owa na podobie\u0144stwo koszyk\u00f3wki, kt\u00f3ra by\u0142aby jednak mniej m\u0119cz\u0105ca i przeznaczona dla ludzi w \u015brednim wieku, zajmuj\u0105cych si\u0119 prowadzeniem interes\u00f3w.<\/p>\n<p>Morgan stworzon\u0105 przez siebie dyscyplin\u0119 nazwa\u0142 &#8222;mintonette&#8221;, jednak widzowie pierwszego turnieju siatk\u00f3wki, rozegranego w 1896 roku w Springfield, obserwuj\u0105c lot pi\u0142ki nad siatk\u0105, nazwali j\u0105 &#8222;volleyball&#8221; &#8211; lataj\u0105ca pi\u0142ka.<\/p>\n<p>Pierwszy turniej mi\u0119dzynarodowy rozegrany zosta\u0142 w 1913 roku w Manilli z udzia\u0142em Japonii, Chin i Filipin.<\/p>\n<p>Siatk\u00f3wka szybko zyskiwa\u0142a nowych zwolennik\u00f3w w Ameryce i na innych kontynentach. W kr\u00f3tkim czasie w Europie i Azji zacz\u0119\u0142y powstawa\u0107 zespo\u0142y siatkarskie. Stopniowo wykszta\u0142ca\u0142y si\u0119 regu\u0142y wsp\u00f3\u0142czesnej siatk\u00f3wki &#8211; od 1918 roku zespo\u0142y siatkarskie licz\u0105 sze\u015bciu graczy, za\u015b w roku 1920 wprowadzono regu\u0142\u0119 trzech odbi\u0107 pi\u0142ki przez jeden zesp\u00f3\u0142.<\/p>\n<p>W 1947 roku powsta\u0142a Mi\u0119dzynarodowa Federacja Pi\u0142ki Siatkowej (FIVB). Jej pierwszym prezydentem zosta\u0142 Francuz Paul Libaud. T\u0119 funkcj\u0119 pe\u0142ni\u0142 do 1984 roku. Na Kongresie FIVB w Los Angeles kierowanie organizacj\u0105 przekaza\u0142 Meksykaninowi Rubenowi Aco\u015bcie, kt\u00f3ry jest szefem do dzisiaj.<\/p>\n<p>W 1949 roku rozegrane zosta\u0142y I mistrzostwa \u015bwiata m\u0119\u017cczyzn, a w 1952 I mistrzostwa \u015bwiata kobiet. W turnieju m\u0119skim wygra\u0142 ZSRR przed Czechos\u0142owacj\u0105 i Bu\u0142gari\u0105 (Polska by\u0142a pi\u0105ta), a w kobiecym ZSRR przed Czechos\u0142owacj\u0105 i Polsk\u0105.<\/p>\n<p>W igrzyskach olimpijskich siatk\u00f3wka zadebiutowa\u0142a w 1964 roku w Tokio. W\u015br\u00f3d kobiet zwyci\u0119\u017cy\u0142a Japonia przed ZSRR i Polsk\u0105. W turnieju m\u0119skim pierwszy by\u0142 ZSRR, druga Czechos\u0142owacja, a trzecia Japonia. Rok p\u00f3\u017aniej w Warszawie rozegrano pierwsze zawody o Puchar \u015awiata m\u0119\u017cczyzn. Od 1973 roku takie rozgrywki maj\u0105 kobiety.<\/p>\n<p>Od 1990 roku odbywaj\u0105 si\u0119 rozgrywki Ligi \u015awiatowej. Odpowiednikiem rywalizacji w\u015br\u00f3d kobiet &#8211; jest od 1993 roku Grand Prix.<\/p>\n<p>Zasady i przepisy gry w siatk\u00f3wk\u0119 ulega\u0142y wielu zmianom. Obecnie obowi\u0105zuj\u0105ce &#8211; z zawodnikiem libero i ka\u017cd\u0105 udan\u0105 akcj\u0105 przynosz\u0105c\u0105 punkt &#8211; zosta\u0142y wprowadzone na jesieni 1998 roku na Kongresie FIVB podczas mistrzostw \u015bwiata w Japonii.<br \/>\nbrochure_vb.jpg<br \/>\nW plebiscycie FIVB na najlepsz\u0105 siatkark\u0119 dwudziestego wieku zosta\u0142a Kubanka Regla Torres, a zawodnikiem Amerykanin Karch Kiraly.<\/p>\n<p>Najlepszym m\u0119skim zespo\u0142em wybrano W\u0142ochy &#8211; trzykrotnego mistrza \u015bwiata z lat 1990-98. W\u015br\u00f3d kobiet taki tytu\u0142 otrzyma\u0142y siatkarki japo\u0144skie (1960-64).<\/p>\n<p>Najlepszym trenerem m\u0119skiego zespo\u0142u wybrano Matsudair\u0119 Yasutak\u0119 (Japonia, 1964-72), a kobiecego &#8211; George Eugenio (Kuba, 1990-2000).<\/p>\n<p><span style=\"text-decoration: underline;\"><strong>a w Polsce &#8230;<\/strong><\/span><\/p>\n<p>Do Polski, podobnie jak do wi\u0119kszo\u015bci kraj\u00f3w europejskich, siatk\u00f3wka trafi\u0142a za po\u015brednictwem YMCA (Young Men&#8217;s Christian Associaton). Pierwszy pokaz mia\u0142 miejsce w Warszawie w 1919 roku, a rok p\u00f3\u017aniej w \u0141odzi rozegrano turniej dru\u017cyn szkolnych.<\/p>\n<p>W 1928 roku w \u0141odzi i Warszawie odby\u0142y si\u0119 mistrzostwa tych miast, a rok p\u00f3\u017aniej w stolicy rozegrano pierwsze mistrzostwa Polski. W rywalizacji kobiet zwyci\u0119\u017cy\u0142 AZS Warszawa, a w\u015br\u00f3d m\u0119\u017cczyzn YMCA \u0141\u00f3d\u017a.<\/p>\n<p>Przez d\u0142ugie lata siatk\u00f3wka by\u0142a bardzo popularna w \u015brodowisku akademickim, a najwi\u0119cej tytu\u0142\u00f3w mistrzy\u0144 i mistrz\u00f3w Polski zdoby\u0142 AZS AWF Warszawa.<\/p>\n<p>W okresie mi\u0119dzywojennym polskie kluby utrzymywa\u0142y liczne kontakty mi\u0119dzynarodowe. W 1923 roku 13 Warszawska Dru\u017cyna Harcerska wygra\u0142a turniej w Kopenhadze. W 1937 roku reprezentacja Warszawy zwyci\u0119\u017cy\u0142a w wielkich zawodach kraj\u00f3w ba\u0142tyckich. Siatk\u00f3wka w tym czasie by\u0142a zrzeszona w Polskim Zwi\u0105zku Gier Sportowych. Polski Zwi\u0105zek Pi\u0142ki Siatkowej (PZPS) powsta\u0142 30 czerwca 1957 roku, a jego pierwszym prezesem zosta\u0142 Eugeniusz Krotkiewski. Wcze\u015bniej przy G\u0142\u00f3wnym Komitecie Kultury Fizycznej dzia\u0142a\u0142a &#8222;Sekcja Pi\u0142ki Siatkowej&#8221;.<\/p>\n<p>Obecnie prezesem PZPS jest Janusz Biesiada, wybrany na to stanowisko w styczniu 2001 roku w Warszawie na Walnym Zgromadzeniu Delegat\u00f3w PZPS.<\/p>\n<p>PZPS organizowa\u0142 wiele siatkarskich imprez. Najwa\u017cniejszymi by\u0142y Puchar \u015awiata (1965) i Fina\u0142 Ligi \u015awiatowej (2001). Polska by\u0142a gospodarzem mistrzostw \u015bwiata oraz Europy w kategorii kadetek i kadet\u00f3w oraz juniorek i junior\u00f3w. Od 11 do 19 sierpnia w Opolu i Wroc\u0142awiu grali najlepsi juniorzy \u015bwiata.<\/p>\n<p>Pierwszy mecz kobieca reprezentacja rozegra\u0142a 14 lutego 1948 roku, pokonuj\u0105c w Warszawie Czechos\u0142owacj\u0119 3:1. M\u0119ska reprezentacja zadebiutowa\u0142a na arenie mi\u0119dzynarodowej 28 lutego 1948 roku przegrywaj\u0105c w Warszawie 2:3 z Czechos\u0142owacj\u0105.<\/p>\n<p>W latach pi\u0119\u0107dziesi\u0105tych i sze\u015b\u0107dziesi\u0105tych polskie siatkarki nale\u017ca\u0142y do najlepszych w \u015bwiecie. W igrzyskach olimpijskich w Tokio i Meksyku zdoby\u0142y br\u0105zowe medale.<\/p>\n<p>W Tokio pod kierunkiem trenera Stanis\u0142awa Poburki gra\u0142o dziesi\u0119\u0107 zawodniczek: Jakubowska, Czajkowska, Golimowska, Krupa, Kordaczuk-Wagner, Szcze\u015bniewska, \u015aliwka, Ledwig, Marko, Abisiak-Rutkowska. W rezerwie pozosta\u0142y Hermel i Busz. By\u0142y one zg\u0142oszone do dwunastoosobowej kadry, lecz na igrzyska nie pojecha\u0142y.<\/p>\n<p>Cztery lata p\u00f3\u017aniej trenerem reprezentacji by\u0142 Benedykt Krysik. Olimpijskie paszporty otrzyma\u0142y: Jakubowska, Wiecha, Szcze\u015bniewska, Czajkowska, Ledwig, Porzec, \u017bmuda-Chmielnicka, Hermel-Niemczyk, Aszkie\u0142owicz, Marko-Ksi\u0105\u017cek, Ostrom\u0119cka, Krupa.<\/p>\n<p>W I mistrzostwach \u015bwiata w 1952 roku w Moskwie by\u0142y drugie, a p\u00f3\u017aniej jeszcze dwukrotnie zajmowa\u0142y trzecie miejsce (1956 i 1962). Ostatni raz w mistrzostwach \u015bwiata Polska gra\u0142a w 1978 roku i by\u0142a jedenasta. Cztery razy polskie siatkarki by\u0142y wicemistrzyniami Europy (1950, 1951, 1963, 1967) oraz czterokrotnie zdobywa\u0142y br\u0105zowe medale (1949, 1955, 1958, 1971).<\/p>\n<p>M\u0119\u017cczy\u017ani pierwszy medal (br\u0105zowy) mistrzostw Europy zdobyli w 1967 roku w Stambule. Najlepsze lata polskiej, m\u0119skiej siatk\u00f3wki to okres od 1974 do 1976, kiedy zostali mistrzami \u015bwiata oraz igrzysk olimpijskich. Trenerem reprezentacji by\u0142 Hubert Wagner.<\/p>\n<p>Mistrzostwo \u015bwiata w 1974 roku w Meksyku zdobyli: Rybaczewski, Stefa\u0144ski, W\u00f3jtowicz, Skiba, Karbarz, Czaja, Bosek, Gaw\u0142owski, Sadalski, Go\u015bciniak, Zarzycki, Skorek. Dwa lata p\u00f3\u017aniej w igrzyskach w Montrealu grali: Skorek, W\u00f3jtowicz, \u0141asko, Stefa\u0144ski, Sadalski, Rybaczewski, Bebel, Bosek, Karbarz, Lubiejewski, Zarzycki, Gaw\u0142owski.<\/p>\n<p>M\u0119ska dru\u017cyna siatkarska zanotowa\u0142a jeszcze cztery olimpijskie wyst\u0119py, jednak nigdy ju\u017c nie uda\u0142o jej si\u0119 stan\u0105\u0107 na podium. Polacy zagrali w 1968 roku w Meksyku (5 miejsce), w 1972 roku w Monachium (9), w 1980 roku w Moskwie (4) oraz w 1996 roku w Atlancie (11-12).<\/p>\n<p>Poza trzecim miejscem w Stambule polscy siatkarze jeszcze pi\u0119ciokrotnie stawali na podium mistrzostw Europy za zaj\u0119cie drugich miejsc. By\u0142o to w 1975, 1977, 1979, 1981 i 1983 roku.<\/p>\n<p>W mistrzostwach Europy w 1995 roku polscy siatkarze zaj\u0119li pi\u0105te miejsce. Po sze\u015bciu latach przerwy pod wodz\u0105 trenera Ryszarda Boska uzyskali awans do fina\u0142\u00f3w mistrzostw Europy w Ostrawie. Na pocz\u0105tku lipca 2001 roku Boska na stanowisku trenera reprezentacji zast\u0105pi\u0142 Waldemar Wspania\u0142y. Na prze\u0142omie sierpnia i wrze\u015bnia narodowy zesp\u00f3\u0142 przegra\u0142 eliminacje do mistrzostw \u015bwiata. Zwyci\u0119stwa nad \u0141otw\u0105 i Mo\u0142dawi\u0105 nic nie da\u0142y. W spotkaniu z Francj\u0105 nie uda\u0142o si\u0119 wygra\u0107 ani jednego seta. Polska jednak zagra\u0142a w mistrzostwach \u015bwiata w Argentynie w 2002 roku. Zast\u0105pi\u0142a wykluczon\u0105 Kore\u0119 Po\u0142udniow\u0105 i zaj\u0119\u0142a miejsca 9-12.<\/p>\n<p>W mistrzostwach Europy w 2001 roku w Ostrawie w grupie eliminacyjnej nie sprostali\u015bmy W\u0142ochom i Jugos\u0142owianom. P\u00f3\u017aniej ju\u017c by\u0142o znacznie lepiej. Zrewan\u017cowali\u015bmy si\u0119 Francuzom za \u0142\u00f3dzk\u0105 pora\u017ck\u0119. Gdy do tego dosz\u0142y wygrane nad Niemcami i W\u0119grami polscy siatkarze znale\u017ali si\u0119 w grupie zespo\u0142\u00f3w graj\u0105cych o miejsca 5-8. Wygrana z Bu\u0142gari\u0105 w ostatnim meczu 3:2 da\u0142a pi\u0105te miejsce, kt\u00f3re zapewni\u0142o awans do czempionatu w 2003 roku. Po z\u0142oty medal si\u0119gn\u0119\u0142a Jugos\u0142awia.<\/p>\n<p>Pi\u0105te miejsce zosta\u0142o powt\u00f3rzone w mistrzostwach Europy w 2003 roku w Niemczech. Rozpocz\u0119\u0142o si\u0119 od zwyci\u0119stwa 3:0 nad Grecj\u0105, a p\u00f3\u017aniej by\u0142o ju\u017c gorzej. Pora\u017cki 1:3 z Rosj\u0105, po 2:3 z Bu\u0142gari\u0105 i Holandi\u0105 spowodowa\u0142y, \u017ce niewiele brakowa\u0142o a Polska znalaz\u0142aby si\u0119 poza \u00f3semk\u0105. Zwyci\u0119stwo 3:2 nad Serbi\u0105 i Czarnog\u00f3r\u0105 da\u0142o szanse walki o 5. miejsce. Zosta\u0142a ona wykorzystana. Wygrana 3:0 w ostatnim spotkaniu nad Holandi\u0105 tylko w cz\u0119\u015bci poprawi\u0142a humory kibicom.<\/p>\n<p>Pod koniec wrze\u015bnia zacz\u0119\u0142y nadchodzi\u0107 wspania\u0142e wie\u015bci z Turcji, gdzie rozgrywane by\u0142y mistrzostwa Europy kobiet. Polska pokona\u0142a po 3:2 Holandi\u0119 i Bu\u0142gari\u0119 oraz po 3:1 Czechy i Ukrain\u0119. Pora\u017cka 1:3 z W\u0142oszkami nie przeszkodzi\u0142a w awansie do p\u00f3\u0142fina\u0142u. W walce o fina\u0142 podopieczne Andrzeja Niemczyka wygra\u0142y 3:2 z Niemkami, a w decyduj\u0105cym spotkaniu z Turcj\u0105 zwyci\u0119\u017cy\u0142y 3:0. By\u0142 to pierwszy z\u0142oty medal mistrzostw Europy w historii polskiej siatk\u00f3wki.<\/p>\n<p>Szczeg\u00f3\u0142y zwi\u0105zane z siatk\u00f3wk\u0105 z tego okresu prze\u017cywaj\u0105cej sw\u00f3j rozkwit pod skrzyd\u0142ami Andrzeja Niemczyka <a href=\"https:\/\/sport.onet.pl\/siatkowka\/reprezentacje\/100-lat-polsko-zlotka-historia-siatkarek-na-ktore-malo-kto-liczyl\/wj7d0t6\">TUTAJ<\/a><\/p>\n<p>\u0179r\u00f3d\u0142o: &#8222;80 lat polskiej siatk\u00f3wki&#8221;, Krzysztof Mecner i www.siatka.org<\/p>\n","protected":false},"excerpt":{"rendered":"<p>Historia siatk\u00f3wki na \u015bwiecie Dyscyplin\u0119 sportu, kt\u00f3r\u0105 dzisiaj nazywamy siatk\u00f3wk\u0105 wymy\u015bli\u0142 w 1885 roku William Morgan nauczyciel ze szko\u0142y w miejscowo\u015bci Holyocke w stanie Massachusetts. Mia\u0142a to by\u0107 halowa gra zespo\u0142owa na podobie\u0144stwo koszyk\u00f3wki, kt\u00f3ra by\u0142aby jednak mniej m\u0119cz\u0105ca i &hellip; <a href=\"https:\/\/kpsnowadeba.pl\/index.php\/narodziny-i-historia-siatkowki\/\">Czytaj dalej <span class=\"meta-nav\">&rarr;<\/span><\/a><\/p>\n","protected":false},"author":1,"featured_media":0,"parent":0,"menu_order":0,"comment_status":"closed","ping_status":"closed","template":"","meta":{"jetpack_post_was_ever_published":false,"_mc_calendar":[],"footnotes":""},"class_list":["post-160","page","type-page","status-publish","hentry"],"yoast_head":"<!-- This site is optimized with the Yoast SEO plugin v26.2 - https:\/\/yoast.com\/wordpress\/plugins\/seo\/ -->\n<title>Narodziny i historia siatk\u00f3wki - &quot;Siatk\u00f3wka mieszka w Nowej D\u0119bie &quot;<\/title>\n<meta name=\"robots\" content=\"index, follow, max-snippet:-1, max-image-preview:large, max-video-preview:-1\" \/>\n<link rel=\"canonical\" href=\"https:\/\/kpsnowadeba.pl\/index.php\/narodziny-i-historia-siatkowki\/\" \/>\n<meta property=\"og:locale\" content=\"pl_PL\" \/>\n<meta property=\"og:type\" content=\"article\" \/>\n<meta property=\"og:title\" content=\"Narodziny i historia siatk\u00f3wki - &quot;Siatk\u00f3wka mieszka w Nowej D\u0119bie &quot;\" \/>\n<meta property=\"og:description\" content=\"Historia siatk\u00f3wki na \u015bwiecie Dyscyplin\u0119 sportu, kt\u00f3r\u0105 dzisiaj nazywamy siatk\u00f3wk\u0105 wymy\u015bli\u0142 w 1885 roku William Morgan nauczyciel ze szko\u0142y w miejscowo\u015bci Holyocke w stanie Massachusetts. Mia\u0142a to by\u0107 halowa gra zespo\u0142owa na podobie\u0144stwo koszyk\u00f3wki, kt\u00f3ra by\u0142aby jednak mniej m\u0119cz\u0105ca i &hellip; Czytaj dalej &rarr;\" \/>\n<meta property=\"og:url\" content=\"https:\/\/kpsnowadeba.pl\/index.php\/narodziny-i-historia-siatkowki\/\" \/>\n<meta property=\"og:site_name\" content=\"&quot;Siatk\u00f3wka mieszka w Nowej D\u0119bie &quot;\" \/>\n<meta property=\"article:modified_time\" content=\"2018-08-31T07:09:40+00:00\" \/>\n<meta property=\"og:image\" content=\"http:\/\/kpsnowadeba.pl\/wp-content\/uploads\/2018\/08\/brochure_vb.png\" \/>\n<meta name=\"twitter:card\" content=\"summary_large_image\" \/>\n<meta name=\"twitter:label1\" content=\"Szacowany czas czytania\" \/>\n\t<meta name=\"twitter:data1\" content=\"7 minut\" \/>\n<script type=\"application\/ld+json\" class=\"yoast-schema-graph\">{\"@context\":\"https:\/\/schema.org\",\"@graph\":[{\"@type\":\"WebPage\",\"@id\":\"https:\/\/kpsnowadeba.pl\/index.php\/narodziny-i-historia-siatkowki\/\",\"url\":\"https:\/\/kpsnowadeba.pl\/index.php\/narodziny-i-historia-siatkowki\/\",\"name\":\"Narodziny i historia siatk\u00f3wki - &quot;Siatk\u00f3wka mieszka w Nowej D\u0119bie &quot;\",\"isPartOf\":{\"@id\":\"https:\/\/kpsnowadeba.pl\/#website\"},\"primaryImageOfPage\":{\"@id\":\"https:\/\/kpsnowadeba.pl\/index.php\/narodziny-i-historia-siatkowki\/#primaryimage\"},\"image\":{\"@id\":\"https:\/\/kpsnowadeba.pl\/index.php\/narodziny-i-historia-siatkowki\/#primaryimage\"},\"thumbnailUrl\":\"http:\/\/kpsnowadeba.pl\/wp-content\/uploads\/2018\/08\/brochure_vb.png\",\"datePublished\":\"2018-08-14T12:28:35+00:00\",\"dateModified\":\"2018-08-31T07:09:40+00:00\",\"breadcrumb\":{\"@id\":\"https:\/\/kpsnowadeba.pl\/index.php\/narodziny-i-historia-siatkowki\/#breadcrumb\"},\"inLanguage\":\"pl-PL\",\"potentialAction\":[{\"@type\":\"ReadAction\",\"target\":[\"https:\/\/kpsnowadeba.pl\/index.php\/narodziny-i-historia-siatkowki\/\"]}]},{\"@type\":\"ImageObject\",\"inLanguage\":\"pl-PL\",\"@id\":\"https:\/\/kpsnowadeba.pl\/index.php\/narodziny-i-historia-siatkowki\/#primaryimage\",\"url\":\"http:\/\/kpsnowadeba.pl\/wp-content\/uploads\/2018\/08\/brochure_vb.png\",\"contentUrl\":\"http:\/\/kpsnowadeba.pl\/wp-content\/uploads\/2018\/08\/brochure_vb.png\"},{\"@type\":\"BreadcrumbList\",\"@id\":\"https:\/\/kpsnowadeba.pl\/index.php\/narodziny-i-historia-siatkowki\/#breadcrumb\",\"itemListElement\":[{\"@type\":\"ListItem\",\"position\":1,\"name\":\"Strona g\u0142\u00f3wna\",\"item\":\"https:\/\/kpsnowadeba.pl\/\"},{\"@type\":\"ListItem\",\"position\":2,\"name\":\"Narodziny i historia siatk\u00f3wki\"}]},{\"@type\":\"WebSite\",\"@id\":\"https:\/\/kpsnowadeba.pl\/#website\",\"url\":\"https:\/\/kpsnowadeba.pl\/\",\"name\":\"&quot;Siatk\u00f3wka mieszka w Nowej D\u0119bie &quot;\",\"description\":\"ul.Le\u015bna 40 39-460 Nowa D\u0119ba\",\"potentialAction\":[{\"@type\":\"SearchAction\",\"target\":{\"@type\":\"EntryPoint\",\"urlTemplate\":\"https:\/\/kpsnowadeba.pl\/?s={search_term_string}\"},\"query-input\":{\"@type\":\"PropertyValueSpecification\",\"valueRequired\":true,\"valueName\":\"search_term_string\"}}],\"inLanguage\":\"pl-PL\"}]}<\/script>\n<!-- \/ Yoast SEO plugin. -->","yoast_head_json":{"title":"Narodziny i historia siatk\u00f3wki - &quot;Siatk\u00f3wka mieszka w Nowej D\u0119bie &quot;","robots":{"index":"index","follow":"follow","max-snippet":"max-snippet:-1","max-image-preview":"max-image-preview:large","max-video-preview":"max-video-preview:-1"},"canonical":"https:\/\/kpsnowadeba.pl\/index.php\/narodziny-i-historia-siatkowki\/","og_locale":"pl_PL","og_type":"article","og_title":"Narodziny i historia siatk\u00f3wki - &quot;Siatk\u00f3wka mieszka w Nowej D\u0119bie &quot;","og_description":"Historia siatk\u00f3wki na \u015bwiecie Dyscyplin\u0119 sportu, kt\u00f3r\u0105 dzisiaj nazywamy siatk\u00f3wk\u0105 wymy\u015bli\u0142 w 1885 roku William Morgan nauczyciel ze szko\u0142y w miejscowo\u015bci Holyocke w stanie Massachusetts. Mia\u0142a to by\u0107 halowa gra zespo\u0142owa na podobie\u0144stwo koszyk\u00f3wki, kt\u00f3ra by\u0142aby jednak mniej m\u0119cz\u0105ca i &hellip; Czytaj dalej &rarr;","og_url":"https:\/\/kpsnowadeba.pl\/index.php\/narodziny-i-historia-siatkowki\/","og_site_name":"&quot;Siatk\u00f3wka mieszka w Nowej D\u0119bie &quot;","article_modified_time":"2018-08-31T07:09:40+00:00","og_image":[{"url":"http:\/\/kpsnowadeba.pl\/wp-content\/uploads\/2018\/08\/brochure_vb.png","type":"","width":"","height":""}],"twitter_card":"summary_large_image","twitter_misc":{"Szacowany czas czytania":"7 minut"},"schema":{"@context":"https:\/\/schema.org","@graph":[{"@type":"WebPage","@id":"https:\/\/kpsnowadeba.pl\/index.php\/narodziny-i-historia-siatkowki\/","url":"https:\/\/kpsnowadeba.pl\/index.php\/narodziny-i-historia-siatkowki\/","name":"Narodziny i historia siatk\u00f3wki - &quot;Siatk\u00f3wka mieszka w Nowej D\u0119bie &quot;","isPartOf":{"@id":"https:\/\/kpsnowadeba.pl\/#website"},"primaryImageOfPage":{"@id":"https:\/\/kpsnowadeba.pl\/index.php\/narodziny-i-historia-siatkowki\/#primaryimage"},"image":{"@id":"https:\/\/kpsnowadeba.pl\/index.php\/narodziny-i-historia-siatkowki\/#primaryimage"},"thumbnailUrl":"http:\/\/kpsnowadeba.pl\/wp-content\/uploads\/2018\/08\/brochure_vb.png","datePublished":"2018-08-14T12:28:35+00:00","dateModified":"2018-08-31T07:09:40+00:00","breadcrumb":{"@id":"https:\/\/kpsnowadeba.pl\/index.php\/narodziny-i-historia-siatkowki\/#breadcrumb"},"inLanguage":"pl-PL","potentialAction":[{"@type":"ReadAction","target":["https:\/\/kpsnowadeba.pl\/index.php\/narodziny-i-historia-siatkowki\/"]}]},{"@type":"ImageObject","inLanguage":"pl-PL","@id":"https:\/\/kpsnowadeba.pl\/index.php\/narodziny-i-historia-siatkowki\/#primaryimage","url":"http:\/\/kpsnowadeba.pl\/wp-content\/uploads\/2018\/08\/brochure_vb.png","contentUrl":"http:\/\/kpsnowadeba.pl\/wp-content\/uploads\/2018\/08\/brochure_vb.png"},{"@type":"BreadcrumbList","@id":"https:\/\/kpsnowadeba.pl\/index.php\/narodziny-i-historia-siatkowki\/#breadcrumb","itemListElement":[{"@type":"ListItem","position":1,"name":"Strona g\u0142\u00f3wna","item":"https:\/\/kpsnowadeba.pl\/"},{"@type":"ListItem","position":2,"name":"Narodziny i historia siatk\u00f3wki"}]},{"@type":"WebSite","@id":"https:\/\/kpsnowadeba.pl\/#website","url":"https:\/\/kpsnowadeba.pl\/","name":"&quot;Siatk\u00f3wka mieszka w Nowej D\u0119bie &quot;","description":"ul.Le\u015bna 40 39-460 Nowa D\u0119ba","potentialAction":[{"@type":"SearchAction","target":{"@type":"EntryPoint","urlTemplate":"https:\/\/kpsnowadeba.pl\/?s={search_term_string}"},"query-input":{"@type":"PropertyValueSpecification","valueRequired":true,"valueName":"search_term_string"}}],"inLanguage":"pl-PL"}]}},"jetpack_sharing_enabled":true,"jetpack_shortlink":"https:\/\/wp.me\/PabDgJ-2A","jetpack-related-posts":[],"jetpack_likes_enabled":true,"_links":{"self":[{"href":"https:\/\/kpsnowadeba.pl\/index.php\/wp-json\/wp\/v2\/pages\/160","targetHints":{"allow":["GET"]}}],"collection":[{"href":"https:\/\/kpsnowadeba.pl\/index.php\/wp-json\/wp\/v2\/pages"}],"about":[{"href":"https:\/\/kpsnowadeba.pl\/index.php\/wp-json\/wp\/v2\/types\/page"}],"author":[{"embeddable":true,"href":"https:\/\/kpsnowadeba.pl\/index.php\/wp-json\/wp\/v2\/users\/1"}],"replies":[{"embeddable":true,"href":"https:\/\/kpsnowadeba.pl\/index.php\/wp-json\/wp\/v2\/comments?post=160"}],"version-history":[{"count":6,"href":"https:\/\/kpsnowadeba.pl\/index.php\/wp-json\/wp\/v2\/pages\/160\/revisions"}],"predecessor-version":[{"id":756,"href":"https:\/\/kpsnowadeba.pl\/index.php\/wp-json\/wp\/v2\/pages\/160\/revisions\/756"}],"wp:attachment":[{"href":"https:\/\/kpsnowadeba.pl\/index.php\/wp-json\/wp\/v2\/media?parent=160"}],"curies":[{"name":"wp","href":"https:\/\/api.w.org\/{rel}","templated":true}]}}