{"id":2295,"date":"2022-08-26T13:46:01","date_gmt":"2022-08-26T11:46:01","guid":{"rendered":"http:\/\/kpsnowadeba.pl\/?page_id=2295"},"modified":"2025-08-31T21:24:48","modified_gmt":"2025-08-31T19:24:48","slug":"skladki-czlonkowskie","status":"publish","type":"page","link":"https:\/\/kpsnowadeba.pl\/index.php\/skladki-czlonkowskie\/","title":{"rendered":"Sk\u0142adki cz\u0142onkowskie"},"content":{"rendered":"<!-- widget pogoda -->\r\n<div>Roczna sk\u0142adka cz\u0142onkowska wynosi <strong>100,00 z\u0142<\/strong> &#8211; p\u0142atna <strong>do 15 sierpnia ka\u017cdego roku<\/strong>.<\/div>\r\n<div>Konto Klubu Pi\u0142ki Siatkowej:<\/div>\r\n<div>\u00a0<\/div>\r\n<div style=\"text-align: center;\"><strong>Bank BNP Paribas SA Oddzia\u0142 w Tarnobrzegu : <\/strong><\/div>\r\n<div style=\"text-align: center;\"><strong>konto nr 81 2030 0045 1110 0000 0413 6570<\/strong><\/div>\r\n<div>\u00a0<\/div>\r\n<div>W tytule przelewu nale\u017cy wpisa\u0107: <strong>Sk\u0142adka cz\u0142onkowska <\/strong><em>imi\u0119 i nazwisko zawodniczki.<\/em><\/div>\r\n<div>\u00a0<\/div>\r\n<div><img data-recalc-dims=\"1\" decoding=\"async\" data-attachment-id=\"2300\" data-permalink=\"https:\/\/kpsnowadeba.pl\/index.php\/skladki-czlonkowskie\/4935_2\/\" data-orig-file=\"https:\/\/i0.wp.com\/kpsnowadeba.pl\/wp-content\/uploads\/2022\/08\/4935_2.jpg?fit=665%2C665&amp;ssl=1\" data-orig-size=\"665,665\" data-comments-opened=\"1\" data-image-meta=\"{&quot;aperture&quot;:&quot;0&quot;,&quot;credit&quot;:&quot;&quot;,&quot;camera&quot;:&quot;&quot;,&quot;caption&quot;:&quot;&quot;,&quot;created_timestamp&quot;:&quot;0&quot;,&quot;copyright&quot;:&quot;&quot;,&quot;focal_length&quot;:&quot;0&quot;,&quot;iso&quot;:&quot;0&quot;,&quot;shutter_speed&quot;:&quot;0&quot;,&quot;title&quot;:&quot;&quot;,&quot;orientation&quot;:&quot;0&quot;}\" data-image-title=\"4935_2\" data-image-description=\"\" data-image-caption=\"\" data-medium-file=\"https:\/\/i0.wp.com\/kpsnowadeba.pl\/wp-content\/uploads\/2022\/08\/4935_2.jpg?fit=300%2C300&amp;ssl=1\" data-large-file=\"https:\/\/i0.wp.com\/kpsnowadeba.pl\/wp-content\/uploads\/2022\/08\/4935_2.jpg?fit=640%2C640&amp;ssl=1\" class=\" wp-image-2300 aligncenter\" src=\"https:\/\/i0.wp.com\/kpsnowadeba.pl\/wp-content\/uploads\/2022\/08\/4935_2.jpg?resize=99%2C99&#038;ssl=1\" alt=\"\" width=\"99\" height=\"99\" srcset=\"https:\/\/i0.wp.com\/kpsnowadeba.pl\/wp-content\/uploads\/2022\/08\/4935_2.jpg?resize=300%2C300&amp;ssl=1 300w, https:\/\/i0.wp.com\/kpsnowadeba.pl\/wp-content\/uploads\/2022\/08\/4935_2.jpg?resize=150%2C150&amp;ssl=1 150w, https:\/\/i0.wp.com\/kpsnowadeba.pl\/wp-content\/uploads\/2022\/08\/4935_2.jpg?w=665&amp;ssl=1 665w\" sizes=\"(max-width: 99px) 100vw, 99px\" \/><\/div>\r\n<div>Poni\u017cej szybka p\u0142atno\u015b\u0107 w formie kodu QR\u00a0<\/div>\r\n<div>Prosimy zeskanowa\u0107 kod przy pomocy aplikacji bankowej.<\/div>\r\n<div><span style=\"color: #ff0000;\"><strong>!!! W miejsce trzech kropek po SK\u0141ADKA CZ\u0141ONKOWSKA 2025 dopisa\u0107 nale\u017cy imi\u0119 i nazwisko zawodniczki ( dziecka ) !!!<\/strong><\/span><\/div>\r\n<div>\u00a0<\/div>\r\n<div>\u00a0<\/div>\r\n<div><img data-recalc-dims=\"1\" decoding=\"async\" data-attachment-id=\"3433\" data-permalink=\"https:\/\/kpsnowadeba.pl\/index.php\/skladki-czlonkowskie\/skladka-czlonkowska-qr-code_20250831210531_l\/\" data-orig-file=\"https:\/\/i0.wp.com\/kpsnowadeba.pl\/wp-content\/uploads\/2025\/08\/skladka-czlonkowska-qr-code_20250831210531_L.png?fit=180%2C180&amp;ssl=1\" data-orig-size=\"180,180\" data-comments-opened=\"1\" data-image-meta=\"{&quot;aperture&quot;:&quot;0&quot;,&quot;credit&quot;:&quot;&quot;,&quot;camera&quot;:&quot;&quot;,&quot;caption&quot;:&quot;&quot;,&quot;created_timestamp&quot;:&quot;0&quot;,&quot;copyright&quot;:&quot;&quot;,&quot;focal_length&quot;:&quot;0&quot;,&quot;iso&quot;:&quot;0&quot;,&quot;shutter_speed&quot;:&quot;0&quot;,&quot;title&quot;:&quot;&quot;,&quot;orientation&quot;:&quot;0&quot;}\" data-image-title=\"sk\u0142adka cz\u0142onkowska qr-code_20250831210531_L\" data-image-description=\"\" data-image-caption=\"\" data-medium-file=\"https:\/\/i0.wp.com\/kpsnowadeba.pl\/wp-content\/uploads\/2025\/08\/skladka-czlonkowska-qr-code_20250831210531_L.png?fit=180%2C180&amp;ssl=1\" data-large-file=\"https:\/\/i0.wp.com\/kpsnowadeba.pl\/wp-content\/uploads\/2025\/08\/skladka-czlonkowska-qr-code_20250831210531_L.png?fit=180%2C180&amp;ssl=1\" class=\"size-full wp-image-3433 aligncenter\" src=\"https:\/\/i0.wp.com\/kpsnowadeba.pl\/wp-content\/uploads\/2025\/08\/skladka-czlonkowska-qr-code_20250831210531_L.png?resize=180%2C180&#038;ssl=1\" alt=\"\" width=\"180\" height=\"180\" srcset=\"https:\/\/i0.wp.com\/kpsnowadeba.pl\/wp-content\/uploads\/2025\/08\/skladka-czlonkowska-qr-code_20250831210531_L.png?w=180&amp;ssl=1 180w, https:\/\/i0.wp.com\/kpsnowadeba.pl\/wp-content\/uploads\/2025\/08\/skladka-czlonkowska-qr-code_20250831210531_L.png?resize=150%2C150&amp;ssl=1 150w\" sizes=\"(max-width: 180px) 100vw, 180px\" \/><\/div>\r\n<div>\u00a0<\/div>\r\n<div>\u00a0<\/div>\r\n<div style=\"text-align: center;\">\u00a0<\/div>\r\n<!-- widget pogoda -->","protected":false},"excerpt":{"rendered":"<p>Roczna sk\u0142adka cz\u0142onkowska wynosi 100,00 z\u0142 &#8211; p\u0142atna do 15 sierpnia ka\u017cdego roku. Konto Klubu Pi\u0142ki Siatkowej: \u00a0 Bank BNP Paribas SA Oddzia\u0142 w Tarnobrzegu : konto nr 81 2030 0045 1110 0000 0413 6570 \u00a0 W tytule przelewu nale\u017cy &hellip; <a href=\"https:\/\/kpsnowadeba.pl\/index.php\/skladki-czlonkowskie\/\">Czytaj dalej <span class=\"meta-nav\">&rarr;<\/span><\/a><\/p>\n","protected":false},"author":1,"featured_media":0,"parent":0,"menu_order":0,"comment_status":"closed","ping_status":"closed","template":"","meta":{"jetpack_post_was_ever_published":false,"_mc_calendar":[],"footnotes":""},"class_list":["post-2295","page","type-page","status-publish","hentry"],"yoast_head":"<!-- This site is optimized with the Yoast SEO plugin v26.2 - https:\/\/yoast.com\/wordpress\/plugins\/seo\/ -->\n<title>Sk\u0142adki cz\u0142onkowskie - &quot;Siatk\u00f3wka mieszka w Nowej D\u0119bie &quot;<\/title>\n<meta name=\"robots\" content=\"index, follow, max-snippet:-1, max-image-preview:large, max-video-preview:-1\" \/>\n<link rel=\"canonical\" href=\"https:\/\/kpsnowadeba.pl\/index.php\/skladki-czlonkowskie\/\" \/>\n<meta property=\"og:locale\" content=\"pl_PL\" \/>\n<meta property=\"og:type\" content=\"article\" \/>\n<meta property=\"og:title\" content=\"Sk\u0142adki cz\u0142onkowskie - &quot;Siatk\u00f3wka mieszka w Nowej D\u0119bie &quot;\" \/>\n<meta property=\"og:description\" content=\"Roczna sk\u0142adka cz\u0142onkowska wynosi 100,00 z\u0142 &#8211; p\u0142atna do 15 sierpnia ka\u017cdego roku. Konto Klubu Pi\u0142ki Siatkowej: \u00a0 Bank BNP Paribas SA Oddzia\u0142 w Tarnobrzegu : konto nr 81 2030 0045 1110 0000 0413 6570 \u00a0 W tytule przelewu nale\u017cy &hellip; Czytaj dalej &rarr;\" \/>\n<meta property=\"og:url\" content=\"https:\/\/kpsnowadeba.pl\/index.php\/skladki-czlonkowskie\/\" \/>\n<meta property=\"og:site_name\" content=\"&quot;Siatk\u00f3wka mieszka w Nowej D\u0119bie &quot;\" \/>\n<meta property=\"article:modified_time\" content=\"2025-08-31T19:24:48+00:00\" \/>\n<meta property=\"og:image\" content=\"http:\/\/kpsnowadeba.pl\/wp-content\/uploads\/2022\/08\/4935_2-300x300.jpg\" \/>\n<meta name=\"twitter:card\" content=\"summary_large_image\" \/>\n<meta name=\"twitter:label1\" content=\"Szacowany czas czytania\" \/>\n\t<meta name=\"twitter:data1\" content=\"1 minuta\" \/>\n<script type=\"application\/ld+json\" class=\"yoast-schema-graph\">{\"@context\":\"https:\/\/schema.org\",\"@graph\":[{\"@type\":\"WebPage\",\"@id\":\"https:\/\/kpsnowadeba.pl\/index.php\/skladki-czlonkowskie\/\",\"url\":\"https:\/\/kpsnowadeba.pl\/index.php\/skladki-czlonkowskie\/\",\"name\":\"Sk\u0142adki cz\u0142onkowskie - &quot;Siatk\u00f3wka mieszka w Nowej D\u0119bie &quot;\",\"isPartOf\":{\"@id\":\"https:\/\/kpsnowadeba.pl\/#website\"},\"primaryImageOfPage\":{\"@id\":\"https:\/\/kpsnowadeba.pl\/index.php\/skladki-czlonkowskie\/#primaryimage\"},\"image\":{\"@id\":\"https:\/\/kpsnowadeba.pl\/index.php\/skladki-czlonkowskie\/#primaryimage\"},\"thumbnailUrl\":\"http:\/\/kpsnowadeba.pl\/wp-content\/uploads\/2022\/08\/4935_2-300x300.jpg\",\"datePublished\":\"2022-08-26T11:46:01+00:00\",\"dateModified\":\"2025-08-31T19:24:48+00:00\",\"breadcrumb\":{\"@id\":\"https:\/\/kpsnowadeba.pl\/index.php\/skladki-czlonkowskie\/#breadcrumb\"},\"inLanguage\":\"pl-PL\",\"potentialAction\":[{\"@type\":\"ReadAction\",\"target\":[\"https:\/\/kpsnowadeba.pl\/index.php\/skladki-czlonkowskie\/\"]}]},{\"@type\":\"ImageObject\",\"inLanguage\":\"pl-PL\",\"@id\":\"https:\/\/kpsnowadeba.pl\/index.php\/skladki-czlonkowskie\/#primaryimage\",\"url\":\"http:\/\/kpsnowadeba.pl\/wp-content\/uploads\/2022\/08\/4935_2-300x300.jpg\",\"contentUrl\":\"http:\/\/kpsnowadeba.pl\/wp-content\/uploads\/2022\/08\/4935_2-300x300.jpg\"},{\"@type\":\"BreadcrumbList\",\"@id\":\"https:\/\/kpsnowadeba.pl\/index.php\/skladki-czlonkowskie\/#breadcrumb\",\"itemListElement\":[{\"@type\":\"ListItem\",\"position\":1,\"name\":\"Strona g\u0142\u00f3wna\",\"item\":\"https:\/\/kpsnowadeba.pl\/\"},{\"@type\":\"ListItem\",\"position\":2,\"name\":\"Sk\u0142adki cz\u0142onkowskie\"}]},{\"@type\":\"WebSite\",\"@id\":\"https:\/\/kpsnowadeba.pl\/#website\",\"url\":\"https:\/\/kpsnowadeba.pl\/\",\"name\":\"&quot;Siatk\u00f3wka mieszka w Nowej D\u0119bie &quot;\",\"description\":\"ul.Le\u015bna 40 39-460 Nowa D\u0119ba\",\"potentialAction\":[{\"@type\":\"SearchAction\",\"target\":{\"@type\":\"EntryPoint\",\"urlTemplate\":\"https:\/\/kpsnowadeba.pl\/?s={search_term_string}\"},\"query-input\":{\"@type\":\"PropertyValueSpecification\",\"valueRequired\":true,\"valueName\":\"search_term_string\"}}],\"inLanguage\":\"pl-PL\"}]}<\/script>\n<!-- \/ Yoast SEO plugin. -->","yoast_head_json":{"title":"Sk\u0142adki cz\u0142onkowskie - &quot;Siatk\u00f3wka mieszka w Nowej D\u0119bie &quot;","robots":{"index":"index","follow":"follow","max-snippet":"max-snippet:-1","max-image-preview":"max-image-preview:large","max-video-preview":"max-video-preview:-1"},"canonical":"https:\/\/kpsnowadeba.pl\/index.php\/skladki-czlonkowskie\/","og_locale":"pl_PL","og_type":"article","og_title":"Sk\u0142adki cz\u0142onkowskie - &quot;Siatk\u00f3wka mieszka w Nowej D\u0119bie &quot;","og_description":"Roczna sk\u0142adka cz\u0142onkowska wynosi 100,00 z\u0142 &#8211; p\u0142atna do 15 sierpnia ka\u017cdego roku. Konto Klubu Pi\u0142ki Siatkowej: \u00a0 Bank BNP Paribas SA Oddzia\u0142 w Tarnobrzegu : konto nr 81 2030 0045 1110 0000 0413 6570 \u00a0 W tytule przelewu nale\u017cy &hellip; Czytaj dalej &rarr;","og_url":"https:\/\/kpsnowadeba.pl\/index.php\/skladki-czlonkowskie\/","og_site_name":"&quot;Siatk\u00f3wka mieszka w Nowej D\u0119bie &quot;","article_modified_time":"2025-08-31T19:24:48+00:00","og_image":[{"url":"http:\/\/kpsnowadeba.pl\/wp-content\/uploads\/2022\/08\/4935_2-300x300.jpg","type":"","width":"","height":""}],"twitter_card":"summary_large_image","twitter_misc":{"Szacowany czas czytania":"1 minuta"},"schema":{"@context":"https:\/\/schema.org","@graph":[{"@type":"WebPage","@id":"https:\/\/kpsnowadeba.pl\/index.php\/skladki-czlonkowskie\/","url":"https:\/\/kpsnowadeba.pl\/index.php\/skladki-czlonkowskie\/","name":"Sk\u0142adki cz\u0142onkowskie - &quot;Siatk\u00f3wka mieszka w Nowej D\u0119bie &quot;","isPartOf":{"@id":"https:\/\/kpsnowadeba.pl\/#website"},"primaryImageOfPage":{"@id":"https:\/\/kpsnowadeba.pl\/index.php\/skladki-czlonkowskie\/#primaryimage"},"image":{"@id":"https:\/\/kpsnowadeba.pl\/index.php\/skladki-czlonkowskie\/#primaryimage"},"thumbnailUrl":"http:\/\/kpsnowadeba.pl\/wp-content\/uploads\/2022\/08\/4935_2-300x300.jpg","datePublished":"2022-08-26T11:46:01+00:00","dateModified":"2025-08-31T19:24:48+00:00","breadcrumb":{"@id":"https:\/\/kpsnowadeba.pl\/index.php\/skladki-czlonkowskie\/#breadcrumb"},"inLanguage":"pl-PL","potentialAction":[{"@type":"ReadAction","target":["https:\/\/kpsnowadeba.pl\/index.php\/skladki-czlonkowskie\/"]}]},{"@type":"ImageObject","inLanguage":"pl-PL","@id":"https:\/\/kpsnowadeba.pl\/index.php\/skladki-czlonkowskie\/#primaryimage","url":"http:\/\/kpsnowadeba.pl\/wp-content\/uploads\/2022\/08\/4935_2-300x300.jpg","contentUrl":"http:\/\/kpsnowadeba.pl\/wp-content\/uploads\/2022\/08\/4935_2-300x300.jpg"},{"@type":"BreadcrumbList","@id":"https:\/\/kpsnowadeba.pl\/index.php\/skladki-czlonkowskie\/#breadcrumb","itemListElement":[{"@type":"ListItem","position":1,"name":"Strona g\u0142\u00f3wna","item":"https:\/\/kpsnowadeba.pl\/"},{"@type":"ListItem","position":2,"name":"Sk\u0142adki cz\u0142onkowskie"}]},{"@type":"WebSite","@id":"https:\/\/kpsnowadeba.pl\/#website","url":"https:\/\/kpsnowadeba.pl\/","name":"&quot;Siatk\u00f3wka mieszka w Nowej D\u0119bie &quot;","description":"ul.Le\u015bna 40 39-460 Nowa D\u0119ba","potentialAction":[{"@type":"SearchAction","target":{"@type":"EntryPoint","urlTemplate":"https:\/\/kpsnowadeba.pl\/?s={search_term_string}"},"query-input":{"@type":"PropertyValueSpecification","valueRequired":true,"valueName":"search_term_string"}}],"inLanguage":"pl-PL"}]}},"jetpack_sharing_enabled":true,"jetpack_shortlink":"https:\/\/wp.me\/PabDgJ-B1","jetpack-related-posts":[],"jetpack_likes_enabled":true,"_links":{"self":[{"href":"https:\/\/kpsnowadeba.pl\/index.php\/wp-json\/wp\/v2\/pages\/2295","targetHints":{"allow":["GET"]}}],"collection":[{"href":"https:\/\/kpsnowadeba.pl\/index.php\/wp-json\/wp\/v2\/pages"}],"about":[{"href":"https:\/\/kpsnowadeba.pl\/index.php\/wp-json\/wp\/v2\/types\/page"}],"author":[{"embeddable":true,"href":"https:\/\/kpsnowadeba.pl\/index.php\/wp-json\/wp\/v2\/users\/1"}],"replies":[{"embeddable":true,"href":"https:\/\/kpsnowadeba.pl\/index.php\/wp-json\/wp\/v2\/comments?post=2295"}],"version-history":[{"count":7,"href":"https:\/\/kpsnowadeba.pl\/index.php\/wp-json\/wp\/v2\/pages\/2295\/revisions"}],"predecessor-version":[{"id":3436,"href":"https:\/\/kpsnowadeba.pl\/index.php\/wp-json\/wp\/v2\/pages\/2295\/revisions\/3436"}],"wp:attachment":[{"href":"https:\/\/kpsnowadeba.pl\/index.php\/wp-json\/wp\/v2\/media?parent=2295"}],"curies":[{"name":"wp","href":"https:\/\/api.w.org\/{rel}","templated":true}]}}