{"id":356,"date":"2018-08-18T23:50:07","date_gmt":"2018-08-18T21:50:07","guid":{"rendered":"http:\/\/kpsnowadeba.pl\/index.php\/kalendarz\/"},"modified":"2018-08-18T23:50:07","modified_gmt":"2018-08-18T21:50:07","slug":"kalendarz","status":"publish","type":"page","link":"https:\/\/kpsnowadeba.pl\/index.php\/kalendarz\/","title":{"rendered":"Kalendarz"},"content":{"rendered":"\r\n<div id='my-calendar' class='mc-main mcjs listjs gridjs minijs ajaxjs twentyeighteen calendar month my-calendar has-modal is-main-view' ><h2 id=\"mc_head_my-calendar\" class=\"heading my-calendar-month\"><span>Wydarzenia w miesi\u0105cu kwiecie\u0144 2026<\/span><\/h2>\n\n<nav class=\"my-calendar-navigation\" aria-label=\"Kalendarz (u g\u00f3ry)\">\n<div class=\"my-calendar-header\"><div class='mc-format'>\r\n\t\t<ul><li><a id='mc_grid-my-calendar' href='https:\/\/kpsnowadeba.pl\/index.php\/kalendarz\/?format=calendar' aria-pressed=\"true\" class='mc-grid-option mc-active' rel='nofollow'><span class='mc-icon' aria-hidden='true'><\/span><span class=\"maybe-hide\">Widok: <\/span>Tabela<\/a><\/li><li><a id='mc_list-my-calendar' href='https:\/\/kpsnowadeba.pl\/index.php\/kalendarz\/?format=list'  class='mc-list-option' rel='nofollow'><span class='mc-icon' aria-hidden='true'><\/span><span class=\"maybe-hide\">Widok: <\/span>Lista<\/a><\/li><\/ul>\r\n\t\t<\/div><div class='mc-time'><ul><li><a rel='nofollow' id='mc_month-my-calendar'  href='https:\/\/kpsnowadeba.pl\/index.php\/kalendarz\/?time=month&#038;cid=my-calendar' class='month mc-active' aria-pressed='true'>Miesi\u0105c<\/a><\/li><li><a rel='nofollow' id='mc_week-my-calendar'  href='https:\/\/kpsnowadeba.pl\/index.php\/kalendarz\/?time=week&#038;dy=20&#038;month=4&#038;yr=2026&#038;cid=my-calendar' class='week'>Tydzie\u0144<\/a><\/li><li><a rel='nofollow' id='mc_day-my-calendar'  href='https:\/\/kpsnowadeba.pl\/index.php\/kalendarz\/?time=day&#038;dy=20&#038;cid=my-calendar' class='day'>Dzie\u0144<\/a><li><\/ul><\/div><div class=\"my-calendar-date-switcher\"><form class=\"mc-date-switcher\" action=\"https:\/\/kpsnowadeba.pl\/index.php\/wp-json\/wp\/v2\/pages\/356\/\" method=\"get\"><div><input type=\"hidden\" name=\"cid\" value=\"my-calendar\" \/> <label class=\"maybe-hide\" for=\"my-calendar-month\">Miesi\u0105c<\/label> <select id=\"my-calendar-month\" name=\"month\">\n<option value='1'>stycze\u0144<\/option>\n<option value='2'>luty<\/option>\n<option value='3'>marzec<\/option>\n<option value='4' selected='selected'>kwiecie\u0144<\/option>\n<option value='5'>maj<\/option>\n<option value='6'>czerwiec<\/option>\n<option value='7'>lipiec<\/option>\n<option value='8'>sierpie\u0144<\/option>\n<option value='9'>wrzesie\u0144<\/option>\n<option value='10'>pa\u017adziernik<\/option>\n<option value='11'>listopad<\/option>\n<option value='12'>grudzie\u0144<\/option>\n<\/select>\n <label class=\"maybe-hide\" for=\"my-calendar-year\">Rok<\/label> <select id=\"my-calendar-year\" name=\"yr\">\n<option value=\"2018\">2018<\/option>\n<option value=\"2019\">2019<\/option>\n<option value=\"2020\">2020<\/option>\n<option value=\"2021\">2021<\/option>\n<option value=\"2022\">2022<\/option>\n<option value=\"2023\">2023<\/option>\n<option value=\"2024\">2024<\/option>\n<option value=\"2025\">2025<\/option>\n<option value=\"2026\" selected='selected'>2026<\/option>\n<\/select> <input type=\"submit\" class=\"button\" data-href=\"https:\/\/kpsnowadeba.pl\/index.php\/wp-json\/wp\/v2\/pages\/356\/\" value=\"Id\u017a\" \/><\/div><\/form><\/div>\r\n\t\t<div class=\"my-calendar-nav\">\r\n\t\t\t<ul>\r\n\t\t\t\t<li class=\"my-calendar-prev\"><a id=\"mc_previous_my-calendar\" href=\"https:\/\/kpsnowadeba.pl\/index.php\/kalendarz\/?yr=2026&#038;month=3&#038;dy&#038;cid=my-calendar&#038;time=month\" rel=\"nofollow\"><span class=\"mc-icon\" aria-hidden=\"true\"><\/span><span class=\"maybe-hide\">Poprzedni <\/span><\/a><\/li><li class=\"my-calendar-today\"><a id=\"mc_today_my-calendar\" href=\"https:\/\/kpsnowadeba.pl\/index.php\/kalendarz\/?cid=my-calendar\" rel=\"nofollow\" class=\"today mc-active\" aria-current=\"true\"><span class=\"mc-icon\" aria-hidden=\"true\"><\/span>Dzisiaj<\/a><\/li>\r\n\t\t\t<\/ul>\r\n\t\t<\/div><\/div>\n<\/nav>\n<div class=\"mc-content\">\n<table class='my-calendar-table' aria-labelledby='mc_head_my-calendar'>\n<thead>\n\t<tr class='mc-row'>\n\t\t<th scope=\"col\" class='day-heading mon'><abbr title=\"poniedzia\u0142ek\" aria-hidden=\"true\">pon.<\/abbr><span class=\"screen-reader-text\">poniedzia\u0142ek<\/span><\/th>\n\n\t\t<th scope=\"col\" class='day-heading tues'><abbr title=\"wtorek\" aria-hidden=\"true\">wt.<\/abbr><span class=\"screen-reader-text\">wtorek<\/span><\/th>\n\n\t\t<th scope=\"col\" class='day-heading wed'><abbr title=\"\u015broda\" aria-hidden=\"true\">\u015br.<\/abbr><span class=\"screen-reader-text\">\u015broda<\/span><\/th>\n\n\t\t<th scope=\"col\" class='day-heading thur'><abbr title=\"czwartek\" aria-hidden=\"true\">czw.<\/abbr><span class=\"screen-reader-text\">czwartek<\/span><\/th>\n\n\t\t<th scope=\"col\" class='day-heading fri'><abbr title=\"pi\u0105tek\" aria-hidden=\"true\">pt.<\/abbr><span class=\"screen-reader-text\">pi\u0105tek<\/span><\/th>\n\n\t\t<th scope=\"col\" class='weekend-heading sat'><abbr title=\"sobota\" aria-hidden=\"true\">sob.<\/abbr><span class=\"screen-reader-text\">sobota<\/span><\/th>\n\n\t\t<th scope=\"col\" class='weekend-heading sun'><abbr title=\"niedziela\" aria-hidden=\"true\">niedz.<\/abbr><span class=\"screen-reader-text\">niedziela<\/span><\/th>\n\t<\/tr>\n<\/thead>\n<tbody>\n<tr class='mc-row'><td class='no-events poniedziaek pon past-day past-date  nextmonth no-events day-with-date'><div class='mc-date-container'><span class='mc-date no-events'><span aria-hidden='true'>30<\/span><span class='screen-reader-text'>30 marca 2026<\/span><\/span><\/div>\n<\/td>\n<td class='no-events wtorek wt past-day past-date  nextmonth no-events day-with-date'><div class='mc-date-container'><span class='mc-date no-events'><span aria-hidden='true'>31<\/span><span class='screen-reader-text'>31 marca 2026<\/span><\/span><\/div>\n<\/td>\n<td class='no-events roda r past-day past-date   no-events day-with-date'><div class='mc-date-container'><span class='mc-date no-events'><span aria-hidden='true'>1<\/span><span class='screen-reader-text'>1 kwietnia 2026<\/span><\/span><\/div>\n<\/td>\n<td class='no-events czwartek czw past-day past-date   no-events day-with-date'><div class='mc-date-container'><span class='mc-date no-events'><span aria-hidden='true'>2<\/span><span class='screen-reader-text'>2 kwietnia 2026<\/span><\/span><\/div>\n<\/td>\n<td class='no-events pitek pt past-day past-date   no-events day-with-date'><div class='mc-date-container'><span class='mc-date no-events'><span aria-hidden='true'>3<\/span><span class='screen-reader-text'>3 kwietnia 2026<\/span><\/span><\/div>\n<\/td>\n<td class='no-events sobota sob past-day past-date weekend  no-events day-with-date'><div class='mc-date-container'><span class='mc-date no-events'><span aria-hidden='true'>4<\/span><span class='screen-reader-text'>4 kwietnia 2026<\/span><\/span><\/div>\n<\/td>\n<td class='no-events niedziela niedz past-day past-date weekend  no-events day-with-date'><div class='mc-date-container'><span class='mc-date no-events'><span aria-hidden='true'>5<\/span><span class='screen-reader-text'>5 kwietnia 2026<\/span><\/span><\/div>\n<\/td>\n<\/tr>\n<!-- End Event Row -->\n<tr class='mc-row'><td class='no-events poniedziaek pon past-day past-date   no-events day-with-date'><div class='mc-date-container'><span class='mc-date no-events'><span aria-hidden='true'>6<\/span><span class='screen-reader-text'>6 kwietnia 2026<\/span><\/span><\/div>\n<\/td>\n<td class='no-events wtorek wt past-day past-date   no-events day-with-date'><div class='mc-date-container'><span class='mc-date no-events'><span aria-hidden='true'>7<\/span><span class='screen-reader-text'>7 kwietnia 2026<\/span><\/span><\/div>\n<\/td>\n<td class='no-events roda r past-day past-date   no-events day-with-date'><div class='mc-date-container'><span class='mc-date no-events'><span aria-hidden='true'>8<\/span><span class='screen-reader-text'>8 kwietnia 2026<\/span><\/span><\/div>\n<\/td>\n<td class='no-events czwartek czw past-day past-date   no-events day-with-date'><div class='mc-date-container'><span class='mc-date no-events'><span aria-hidden='true'>9<\/span><span class='screen-reader-text'>9 kwietnia 2026<\/span><\/span><\/div>\n<\/td>\n<td class='no-events pitek pt past-day past-date   no-events day-with-date'><div class='mc-date-container'><span class='mc-date no-events'><span aria-hidden='true'>10<\/span><span class='screen-reader-text'>10 kwietnia 2026<\/span><\/span><\/div>\n<\/td>\n<td class='no-events sobota sob past-day past-date weekend  no-events day-with-date'><div class='mc-date-container'><span class='mc-date no-events'><span aria-hidden='true'>11<\/span><span class='screen-reader-text'>11 kwietnia 2026<\/span><\/span><\/div>\n<\/td>\n<td class='no-events niedziela niedz past-day past-date weekend  no-events day-with-date'><div class='mc-date-container'><span class='mc-date no-events'><span aria-hidden='true'>12<\/span><span class='screen-reader-text'>12 kwietnia 2026<\/span><\/span><\/div>\n<\/td>\n<\/tr>\n<!-- End Event Row -->\n<tr class='mc-row'><td class='no-events poniedziaek pon past-day past-date   no-events day-with-date'><div class='mc-date-container'><span class='mc-date no-events'><span aria-hidden='true'>13<\/span><span class='screen-reader-text'>13 kwietnia 2026<\/span><\/span><\/div>\n<\/td>\n<td class='no-events wtorek wt past-day past-date   no-events day-with-date'><div class='mc-date-container'><span class='mc-date no-events'><span aria-hidden='true'>14<\/span><span class='screen-reader-text'>14 kwietnia 2026<\/span><\/span><\/div>\n<\/td>\n<td class='no-events roda r past-day past-date   no-events day-with-date'><div class='mc-date-container'><span class='mc-date no-events'><span aria-hidden='true'>15<\/span><span class='screen-reader-text'>15 kwietnia 2026<\/span><\/span><\/div>\n<\/td>\n<td class='no-events czwartek czw past-day past-date   no-events day-with-date'><div class='mc-date-container'><span class='mc-date no-events'><span aria-hidden='true'>16<\/span><span class='screen-reader-text'>16 kwietnia 2026<\/span><\/span><\/div>\n<\/td>\n<td class='no-events pitek pt past-day past-date   no-events day-with-date'><div class='mc-date-container'><span class='mc-date no-events'><span aria-hidden='true'>17<\/span><span class='screen-reader-text'>17 kwietnia 2026<\/span><\/span><\/div>\n<\/td>\n<td class='no-events sobota sob past-day past-date weekend  no-events day-with-date'><div class='mc-date-container'><span class='mc-date no-events'><span aria-hidden='true'>18<\/span><span class='screen-reader-text'>18 kwietnia 2026<\/span><\/span><\/div>\n<\/td>\n<td class='no-events niedziela niedz past-day past-date weekend  no-events day-with-date'><div class='mc-date-container'><span class='mc-date no-events'><span aria-hidden='true'>19<\/span><span class='screen-reader-text'>19 kwietnia 2026<\/span><\/span><\/div>\n<\/td>\n<\/tr>\n<!-- End Event Row -->\n<tr class='mc-row'><td class='no-events poniedziaek pon past-day past-date   no-events day-with-date'><div class='mc-date-container'><span class='mc-date no-events'><span aria-hidden='true'>20<\/span><span class='screen-reader-text'>20 kwietnia 2026<\/span><\/span><\/div>\n<\/td>\n<td aria-current=\"date\" class='no-events wtorek wt current-day   no-events day-with-date'><div class='mc-date-container'><span class='mc-date no-events'><span aria-hidden='true'>21<\/span><span class='screen-reader-text'>21 kwietnia 2026<\/span><\/span><\/div>\n<\/td>\n<td class='no-events roda r future-day   no-events day-with-date'><div class='mc-date-container'><span class='mc-date no-events'><span aria-hidden='true'>22<\/span><span class='screen-reader-text'>22 kwietnia 2026<\/span><\/span><\/div>\n<\/td>\n<td class='no-events czwartek czw future-day   no-events day-with-date'><div class='mc-date-container'><span class='mc-date no-events'><span aria-hidden='true'>23<\/span><span class='screen-reader-text'>23 kwietnia 2026<\/span><\/span><\/div>\n<\/td>\n<td class='no-events pitek pt future-day   no-events day-with-date'><div class='mc-date-container'><span class='mc-date no-events'><span aria-hidden='true'>24<\/span><span class='screen-reader-text'>24 kwietnia 2026<\/span><\/span><\/div>\n<\/td>\n<td class='no-events sobota sob future-day weekend  no-events day-with-date'><div class='mc-date-container'><span class='mc-date no-events'><span aria-hidden='true'>25<\/span><span class='screen-reader-text'>25 kwietnia 2026<\/span><\/span><\/div>\n<\/td>\n<td class='no-events niedziela niedz future-day weekend  no-events day-with-date'><div class='mc-date-container'><span class='mc-date no-events'><span aria-hidden='true'>26<\/span><span class='screen-reader-text'>26 kwietnia 2026<\/span><\/span><\/div>\n<\/td>\n<\/tr>\n<!-- End Event Row -->\n<tr class='mc-row'><td class='no-events poniedziaek pon future-day   no-events day-with-date'><div class='mc-date-container'><span class='mc-date no-events'><span aria-hidden='true'>27<\/span><span class='screen-reader-text'>27 kwietnia 2026<\/span><\/span><\/div>\n<\/td>\n<td class='no-events wtorek wt future-day   no-events day-with-date'><div class='mc-date-container'><span class='mc-date no-events'><span aria-hidden='true'>28<\/span><span class='screen-reader-text'>28 kwietnia 2026<\/span><\/span><\/div>\n<\/td>\n<td class='no-events roda r future-day   no-events day-with-date'><div class='mc-date-container'><span class='mc-date no-events'><span aria-hidden='true'>29<\/span><span class='screen-reader-text'>29 kwietnia 2026<\/span><\/span><\/div>\n<\/td>\n<td class='no-events czwartek czw future-day   no-events day-with-date'><div class='mc-date-container'><span class='mc-date no-events'><span aria-hidden='true'>30<\/span><span class='screen-reader-text'>30 kwietnia 2026<\/span><\/span><\/div>\n<\/td>\n<td class='no-events pitek pt future-day  nextmonth no-events day-with-date'><div class='mc-date-container'><span class='mc-date no-events'><span aria-hidden='true'>1<\/span><span class='screen-reader-text'>1 maja 2026<\/span><\/span><\/div>\n<\/td>\n<td class='no-events sobota sob future-day weekend nextmonth no-events day-with-date'><div class='mc-date-container'><span class='mc-date no-events'><span aria-hidden='true'>2<\/span><span class='screen-reader-text'>2 maja 2026<\/span><\/span><\/div>\n<\/td>\n<td class='no-events niedziela niedz future-day weekend nextmonth no-events day-with-date'><div class='mc-date-container'><span class='mc-date no-events'><span aria-hidden='true'>3<\/span><span class='screen-reader-text'>3 maja 2026<\/span><\/span><\/div>\n<\/td>\n<\/tr>\n<!-- End Event Row -->\n\n<\/tbody>\n<\/table><\/div><!-- .mc-content -->\n<nav class=\"my-calendar-navigation\" aria-label=\"Kalendarz (na dole)\">\n<div class=\"mc_bottomnav my-calendar-footer\"><div class=\"category-key no-icons\"><h3 class=\"maybe-hide\">Kategorie<\/h3>\n<ul>\n<li class=\"cat_general\"><a id=\"mc_cat_1-my-calendar\" href=\"https:\/\/kpsnowadeba.pl\/index.php\/kalendarz\/?mcat=1\"  rel=\"nofollow\"><span class=\"category-color-sample no-icon\" style=\"background:#ffffcc;\"> &nbsp; <\/span><span class=\"mc-category-title\">General<\/span><\/a><\/li><li class=\"cat_kinder-joy-of-moving---minisiatkwka\"><a id=\"mc_cat_4-my-calendar\" href=\"https:\/\/kpsnowadeba.pl\/index.php\/kalendarz\/?mcat=4\"  rel=\"nofollow\"><span class=\"category-color-sample no-icon\" style=\"background:#dd3333;\"> &nbsp; <\/span><span class=\"mc-category-title\">Kinder Joy of Moving - minisiatk\u00f3wka<\/span><\/a><\/li><li class=\"cat_modziczki---mecze-i-turnieje-ligowe\"><a id=\"mc_cat_3-my-calendar\" href=\"https:\/\/kpsnowadeba.pl\/index.php\/kalendarz\/?mcat=3\"  rel=\"nofollow\"><span class=\"category-color-sample no-icon\" style=\"background:#a5d682;\"> &nbsp; <\/span><span class=\"mc-category-title\">M\u0142odziczki - mecze i turnieje ligowe<\/span><\/a><\/li><li class=\"cat_turnieje-towarzyskie\"><a id=\"mc_cat_5-my-calendar\" href=\"https:\/\/kpsnowadeba.pl\/index.php\/kalendarz\/?mcat=5\"  rel=\"nofollow\"><span class=\"category-color-sample no-icon\" style=\"background:#a261e2;\"> &nbsp; <\/span><span class=\"mc-category-title\">Turnieje towarzyskie<\/span><\/a><\/li><li class=\"cat_turnieje-siatkwka-w-wersji-mini\"><a id=\"mc_cat_2-my-calendar\" href=\"https:\/\/kpsnowadeba.pl\/index.php\/kalendarz\/?mcat=2\"  rel=\"nofollow\"><span class=\"category-color-sample no-icon\" style=\"background:#dd9725;\"> &nbsp; <\/span><span class=\"mc-category-title\">Turnieje \"Siatk\u00f3wka w wersji mini\"<\/span><\/a><\/li><li class='all-categories'><span class='mc-active' id='mc_cat_all-my-calendar' tabindex='-1'>Wszystkie kategorie<\/span><\/li><\/ul><\/div><div class='mc-export mc-subscribe'>\r\n\t<ul><li class='ics google'><a href='https:\/\/www.google.com\/calendar\/render?cid=webcal:\/\/kpsnowadeba.pl\/index.php\/feed\/my-calendar-google\/' rel='nofollow'><span class='mc-icon' aria-hidden='true'><\/span><span class=\"maybe-hide\">Dodaj do <\/span>Google<\/a><\/li><li class='ics ical'><a href='webcal:\/\/kpsnowadeba.pl\/index.php\/feed\/my-calendar-ics\/' rel='nofollow'><span class='mc-icon' aria-hidden='true'><\/span><span class=\"maybe-hide\">Subskrybuj w <\/span>iCal<\/a><\/li><\/ul>\r\n<\/div><div class='mc-print'><a id='mc_print-my-calendar' href='https:\/\/kpsnowadeba.pl?time=month&#038;yr=2026&#038;month=4&#038;dy=1&#038;href=https%3A%2F%2Fkpsnowadeba.pl%2Findex.php%2Fwp-json%2Fwp%2Fv2%2Fpages%2F356%2F&#038;cid=mc-print-view' rel='nofollow'><span class='mc-icon' aria-hidden='true'><\/span>Drukuj<span class=\"maybe-hide\"> Zobacz<\/span><\/a><\/div><div class='mc-export mc-download'>\r\n\t<ul><li class='ics google'><a href='https:\/\/www.google.com\/calendar\/render?cid=https:\/\/kpsnowadeba.pl\/index.php\/feed\/my-calendar-ics\/?time=month&#038;yr=2026&#038;month=4&#038;dy=1&#038;nyr&#038;nmonth' rel='nofollow'><span class='mc-icon' aria-hidden='true'><\/span><span class=\"maybe-hide\">Eksportuj do <\/span>Google<\/a><\/li><li class='ics ical'><a href='https:\/\/kpsnowadeba.pl\/index.php\/feed\/my-calendar-ics\/?time=month&#038;yr=2026&#038;month=4&#038;dy=1&#038;nyr&#038;nmonth' rel='nofollow'><span class='mc-icon' aria-hidden='true'><\/span><span class=\"maybe-hide\">Eksportuj do <\/span>iCal<\/a><\/li><\/ul>\r\n<\/div><\/div>\n<\/nav>\n\r\n<\/div><!-- Close Main My Calendar Wrapper -->\n","protected":false},"excerpt":{"rendered":"","protected":false},"author":1,"featured_media":0,"parent":0,"menu_order":0,"comment_status":"closed","ping_status":"closed","template":"","meta":{"jetpack_post_was_ever_published":false,"_mc_calendar":[],"footnotes":""},"class_list":["post-356","page","type-page","status-publish","hentry"],"yoast_head":"<!-- This site is optimized with the Yoast SEO plugin v26.2 - https:\/\/yoast.com\/wordpress\/plugins\/seo\/ -->\n<title>Kalendarz - &quot;Siatk\u00f3wka mieszka w Nowej D\u0119bie &quot;<\/title>\n<meta name=\"robots\" content=\"index, follow, max-snippet:-1, max-image-preview:large, max-video-preview:-1\" \/>\n<link rel=\"canonical\" href=\"https:\/\/kpsnowadeba.pl\/index.php\/kalendarz\/\" \/>\n<meta property=\"og:locale\" content=\"pl_PL\" \/>\n<meta property=\"og:type\" content=\"article\" \/>\n<meta property=\"og:title\" content=\"Kalendarz - &quot;Siatk\u00f3wka mieszka w Nowej D\u0119bie &quot;\" \/>\n<meta property=\"og:url\" content=\"https:\/\/kpsnowadeba.pl\/index.php\/kalendarz\/\" \/>\n<meta property=\"og:site_name\" content=\"&quot;Siatk\u00f3wka mieszka w Nowej D\u0119bie &quot;\" \/>\n<meta name=\"twitter:card\" content=\"summary_large_image\" \/>\n<script type=\"application\/ld+json\" class=\"yoast-schema-graph\">{\"@context\":\"https:\/\/schema.org\",\"@graph\":[{\"@type\":\"WebPage\",\"@id\":\"https:\/\/kpsnowadeba.pl\/index.php\/kalendarz\/\",\"url\":\"https:\/\/kpsnowadeba.pl\/index.php\/kalendarz\/\",\"name\":\"Kalendarz - &quot;Siatk\u00f3wka mieszka w Nowej D\u0119bie &quot;\",\"isPartOf\":{\"@id\":\"https:\/\/kpsnowadeba.pl\/#website\"},\"datePublished\":\"2018-08-18T21:50:07+00:00\",\"breadcrumb\":{\"@id\":\"https:\/\/kpsnowadeba.pl\/index.php\/kalendarz\/#breadcrumb\"},\"inLanguage\":\"pl-PL\",\"potentialAction\":[{\"@type\":\"ReadAction\",\"target\":[\"https:\/\/kpsnowadeba.pl\/index.php\/kalendarz\/\"]}]},{\"@type\":\"BreadcrumbList\",\"@id\":\"https:\/\/kpsnowadeba.pl\/index.php\/kalendarz\/#breadcrumb\",\"itemListElement\":[{\"@type\":\"ListItem\",\"position\":1,\"name\":\"Strona g\u0142\u00f3wna\",\"item\":\"https:\/\/kpsnowadeba.pl\/\"},{\"@type\":\"ListItem\",\"position\":2,\"name\":\"Kalendarz\"}]},{\"@type\":\"WebSite\",\"@id\":\"https:\/\/kpsnowadeba.pl\/#website\",\"url\":\"https:\/\/kpsnowadeba.pl\/\",\"name\":\"&quot;Siatk\u00f3wka mieszka w Nowej D\u0119bie &quot;\",\"description\":\"ul.Le\u015bna 40 39-460 Nowa D\u0119ba\",\"potentialAction\":[{\"@type\":\"SearchAction\",\"target\":{\"@type\":\"EntryPoint\",\"urlTemplate\":\"https:\/\/kpsnowadeba.pl\/?s={search_term_string}\"},\"query-input\":{\"@type\":\"PropertyValueSpecification\",\"valueRequired\":true,\"valueName\":\"search_term_string\"}}],\"inLanguage\":\"pl-PL\"}]}<\/script>\n<!-- \/ Yoast SEO plugin. -->","yoast_head_json":{"title":"Kalendarz - &quot;Siatk\u00f3wka mieszka w Nowej D\u0119bie &quot;","robots":{"index":"index","follow":"follow","max-snippet":"max-snippet:-1","max-image-preview":"max-image-preview:large","max-video-preview":"max-video-preview:-1"},"canonical":"https:\/\/kpsnowadeba.pl\/index.php\/kalendarz\/","og_locale":"pl_PL","og_type":"article","og_title":"Kalendarz - &quot;Siatk\u00f3wka mieszka w Nowej D\u0119bie &quot;","og_url":"https:\/\/kpsnowadeba.pl\/index.php\/kalendarz\/","og_site_name":"&quot;Siatk\u00f3wka mieszka w Nowej D\u0119bie &quot;","twitter_card":"summary_large_image","schema":{"@context":"https:\/\/schema.org","@graph":[{"@type":"WebPage","@id":"https:\/\/kpsnowadeba.pl\/index.php\/kalendarz\/","url":"https:\/\/kpsnowadeba.pl\/index.php\/kalendarz\/","name":"Kalendarz - &quot;Siatk\u00f3wka mieszka w Nowej D\u0119bie &quot;","isPartOf":{"@id":"https:\/\/kpsnowadeba.pl\/#website"},"datePublished":"2018-08-18T21:50:07+00:00","breadcrumb":{"@id":"https:\/\/kpsnowadeba.pl\/index.php\/kalendarz\/#breadcrumb"},"inLanguage":"pl-PL","potentialAction":[{"@type":"ReadAction","target":["https:\/\/kpsnowadeba.pl\/index.php\/kalendarz\/"]}]},{"@type":"BreadcrumbList","@id":"https:\/\/kpsnowadeba.pl\/index.php\/kalendarz\/#breadcrumb","itemListElement":[{"@type":"ListItem","position":1,"name":"Strona g\u0142\u00f3wna","item":"https:\/\/kpsnowadeba.pl\/"},{"@type":"ListItem","position":2,"name":"Kalendarz"}]},{"@type":"WebSite","@id":"https:\/\/kpsnowadeba.pl\/#website","url":"https:\/\/kpsnowadeba.pl\/","name":"&quot;Siatk\u00f3wka mieszka w Nowej D\u0119bie &quot;","description":"ul.Le\u015bna 40 39-460 Nowa D\u0119ba","potentialAction":[{"@type":"SearchAction","target":{"@type":"EntryPoint","urlTemplate":"https:\/\/kpsnowadeba.pl\/?s={search_term_string}"},"query-input":{"@type":"PropertyValueSpecification","valueRequired":true,"valueName":"search_term_string"}}],"inLanguage":"pl-PL"}]}},"jetpack_sharing_enabled":true,"jetpack_shortlink":"https:\/\/wp.me\/PabDgJ-5K","jetpack-related-posts":[],"jetpack_likes_enabled":true,"_links":{"self":[{"href":"https:\/\/kpsnowadeba.pl\/index.php\/wp-json\/wp\/v2\/pages\/356","targetHints":{"allow":["GET"]}}],"collection":[{"href":"https:\/\/kpsnowadeba.pl\/index.php\/wp-json\/wp\/v2\/pages"}],"about":[{"href":"https:\/\/kpsnowadeba.pl\/index.php\/wp-json\/wp\/v2\/types\/page"}],"author":[{"embeddable":true,"href":"https:\/\/kpsnowadeba.pl\/index.php\/wp-json\/wp\/v2\/users\/1"}],"replies":[{"embeddable":true,"href":"https:\/\/kpsnowadeba.pl\/index.php\/wp-json\/wp\/v2\/comments?post=356"}],"version-history":[{"count":2,"href":"https:\/\/kpsnowadeba.pl\/index.php\/wp-json\/wp\/v2\/pages\/356\/revisions"}],"predecessor-version":[{"id":3441,"href":"https:\/\/kpsnowadeba.pl\/index.php\/wp-json\/wp\/v2\/pages\/356\/revisions\/3441"}],"wp:attachment":[{"href":"https:\/\/kpsnowadeba.pl\/index.php\/wp-json\/wp\/v2\/media?parent=356"}],"curies":[{"name":"wp","href":"https:\/\/api.w.org\/{rel}","templated":true}]}}