{"id":726,"date":"2018-08-30T11:03:34","date_gmt":"2018-08-30T09:03:34","guid":{"rendered":"http:\/\/kpsnowadeba.pl\/?page_id=726"},"modified":"2018-08-30T11:03:34","modified_gmt":"2018-08-30T09:03:34","slug":"polityka-prywatnosci-2","status":"publish","type":"page","link":"https:\/\/kpsnowadeba.pl\/index.php\/polityka-prywatnosci-2\/","title":{"rendered":"Polityka prywatno\u015bci"},"content":{"rendered":"<h2>Kim jeste\u015bmy<\/h2>\n<p>Adres naszej strony internetowej to: https:\/\/kpsnowadeba.pl.<\/p>\n<h2>Jakie dane osobiste zbieramy i dlaczego je zbieramy<\/h2>\n<h3>Komentarze<\/h3>\n<p>Kiedy odwiedzaj\u0105cy witryn\u0119 zostawia komentarz, zbieramy dane widoczne w formularzu komentowania, jak i adres IP odwiedzaj\u0105cego oraz podpis jego przegl\u0105darki jako pomoc przy wykrywaniu spamu.<\/p>\n<p>Zanonimizowany ci\u0105g znak\u00f3w stworzony na podstawie twojego adresu email (tak zwany hash) mo\u017ce zosta\u0107 przes\u0142any do us\u0142ugi Gravatar w celu sprawdzenia czy jej u\u017cywasz. Polityka prywatno\u015bci us\u0142ugi Gravatar jest dost\u0119pna tutaj: https:\/\/automattic.com\/privacy\/. Po zatwierdzeniu komentarza tw\u00f3j obrazek profilowy jest widoczny publicznie w kontek\u015bcie twojego komentarza.<\/p>\n<h3>Media<\/h3>\n<p>Je\u015bli jeste\u015b zarejestrowanym u\u017cytkownikiem i wgrywasz na witryn\u0119 obrazki, powiniene\u015b unika\u0107 przesy\u0142ania obrazk\u00f3w z tagami EXIF lokalizacji. Odwiedzaj\u0105cy stron\u0119 mog\u0105 pobra\u0107 i odczyta\u0107 pe\u0142ne dane lokalizacyjne z obrazk\u00f3w w witrynie.<\/p>\n<h3>Formularze kontaktowe<\/h3>\n<h3>Ciasteczka<\/h3>\n<p>Je\u015bli zostawisz na naszej witrynie komentarz, b\u0119dziesz m\u00f3g\u0142 wybra\u0107 opcj\u0119 zapisu twojej nazwy, adresu email i adresu strony internetowej w ciasteczkach, dzi\u0119ki kt\u00f3rym podczas pisania kolejnych komentarzy powy\u017csze informacje b\u0119d\u0105 ju\u017c dogodnie uzupe\u0142nione. Te ciasteczka wygasaj\u0105 po roku.<\/p>\n<p>Je\u015bli masz konto i zalogujesz si\u0119 na tej witrynie, utworzymy tymczasowe ciasteczko na potrzeby sprawdzenia czy twoja przegl\u0105darka akceptuje ciasteczka. To ciasteczko nie zawiera \u017cadnych danych osobistych i zostanie wyrzucone kiedy zamkniesz przegl\u0105dark\u0119.<\/p>\n<p>Podczas logowania tworzymy dodatkowo kilka ciasteczek potrzebnych do zapisu twoich informacji logowania oraz wybranych opcji ekranu. Ciasteczka logowania wygasaj\u0105 po dw\u00f3ch dniach, a opcji ekranu po roku. Je\u015bli zaznaczysz opcj\u0119 \u201ePami\u0119taj mnie\u201d, logowanie wyga\u015bnie po dw\u00f3ch tygodniach. Je\u015bli wylogujesz si\u0119 ze swojego konta, ciasteczka logowania zostan\u0105 usuni\u0119te.<\/p>\n<p>Je\u015bli zmodyfikujesz albo opublikujesz artyku\u0142, w twojej przegl\u0105darce zostanie zapisane dodatkowe ciasteczko. To ciasteczko nie zawiera \u017cadnych danych osobistych, wskazuj\u0105c po prostu na identyfikator przed chwil\u0105 edytowanego artyku\u0142u. Wygasa ono po 1 dniu.<\/p>\n<h3>Osadzone tre\u015bci z innych witryn<\/h3>\n<p>Artyku\u0142y na tej witrynie mog\u0105 zawiera\u0107 osadzone tre\u015bci (np. filmy, obrazki, artyku\u0142y itp.). Osadzone tre\u015bci z innych witryn zachowuj\u0105 si\u0119 analogicznie do tego, jakby u\u017cytkownik odwiedzi\u0142 bezpo\u015brednio konkretn\u0105 witryn\u0119.<\/p>\n<p>Witryny mog\u0105 zbiera\u0107 informacje o tobie, u\u017cywa\u0107 ciasteczek, do\u0142\u0105cza\u0107 dodatkowe, zewn\u0119trzne systemy \u015bledzenia i monitorowa\u0107 twoje interakcje z osadzonym materia\u0142em, w\u0142\u0105czaj\u0105c w to \u015bledzenie twoich interakcji z osadzonym materia\u0142em je\u015bli posiadasz konto i jeste\u015b zalogowany w tamtej witrynie.<\/p>\n<h3>Analiza statystyk<\/h3>\n<h2>Z kim dzielimy si\u0119 danymi<\/h2>\n<h2>Jak d\u0142ugo przechowujemy twoje dane<\/h2>\n<p>Je\u015bli zostawisz komentarz, jego tre\u015b\u0107 i metadane b\u0119d\u0105 przechowywane przez czas nieokre\u015blony. Dzi\u0119ki temu jeste\u015bmy w stanie rozpoznawa\u0107 i zatwierdza\u0107 kolejne komentarze automatycznie, bez wysy\u0142ania ich do ka\u017cdorazowej moderacji.<\/p>\n<p>Dla u\u017cytkownik\u00f3w kt\u00f3rzy zarejestrowali si\u0119 na naszej stronie internetowej (je\u015bli tacy s\u0105), przechowujemy r\u00f3wnie\u017c informacje osobiste wprowadzone w profilu. Ka\u017cdy u\u017cytkownik mo\u017ce dokona\u0107 wgl\u0105du, korekty albo skasowa\u0107 swoje informacje osobiste w dowolnej chwili (nie licz\u0105c nazwy u\u017cytkownika, kt\u00f3rej nie mo\u017cna zmieni\u0107). Administratorzy strony r\u00f3wnie\u017c mog\u0105 przegl\u0105da\u0107 i modyfikowa\u0107 te informacje.<\/p>\n<h2>Jakie masz prawa do swoich danych<\/h2>\n<p>Je\u015bli masz konto u\u017cytkownika albo doda\u0142e\u015b komentarze w tej witrynie, mo\u017cesz za\u017c\u0105da\u0107 dostarczenia pliku z wyeksportowanym kompletem twoich danych osobistych b\u0119d\u0105cych w naszym posiadaniu, w tym ca\u0142o\u015b\u0107 tych dostarczonych przez ciebie. Mo\u017cesz r\u00f3wnie\u017c za\u017c\u0105da\u0107 usuni\u0119cia przez nas ca\u0142o\u015bci twoich danych osobistych w naszym posiadaniu. Nie dotyczy to \u017cadnych danych kt\u00f3re jeste\u015bmy zobligowani zachowa\u0107 ze wzgl\u0119d\u00f3w administracyjnych, prawnych albo bezpiecze\u0144stwa.<\/p>\n<h2>Gdzie przesy\u0142amy dane<\/h2>\n<p>Komentarze go\u015bci mog\u0105 by\u0107 sprawdzane za pomoc\u0105 automatycznej us\u0142ugi wykrywania spamu.<\/p>\n<h2>Twoje dane kontaktowe<\/h2>\n<h2>Informacje dodatkowe<\/h2>\n<h3>Jak chronimy twoje dane?<\/h3>\n<h3>Jakie mamy obowi\u0105zuj\u0105ce procedury w przypadku naruszenia prywatno\u015bci danych<\/h3>\n<h3>Od jakich stron trzecich otrzymujemy dane<\/h3>\n<h3>Jakie automatyczne podejmowanie decyzji i\/lub tworzenie profili przeprowadzamy z u\u017cyciem danych u\u017cytkownika<\/h3>\n<h3>Bran\u017cowe wymogi regulacyjne dotycz\u0105ce ujawniania informacji<\/h3>\n","protected":false},"excerpt":{"rendered":"<p>Kim jeste\u015bmy Adres naszej strony internetowej to: https:\/\/kpsnowadeba.pl. Jakie dane osobiste zbieramy i dlaczego je zbieramy Komentarze Kiedy odwiedzaj\u0105cy witryn\u0119 zostawia komentarz, zbieramy dane widoczne w formularzu komentowania, jak i adres IP odwiedzaj\u0105cego oraz podpis jego przegl\u0105darki jako pomoc przy &hellip; <a href=\"https:\/\/kpsnowadeba.pl\/index.php\/polityka-prywatnosci-2\/\">Czytaj dalej <span class=\"meta-nav\">&rarr;<\/span><\/a><\/p>\n","protected":false},"author":1,"featured_media":0,"parent":0,"menu_order":0,"comment_status":"closed","ping_status":"closed","template":"","meta":{"jetpack_post_was_ever_published":false,"_mc_calendar":[],"footnotes":""},"class_list":["post-726","page","type-page","status-publish","hentry"],"yoast_head":"<!-- This site is optimized with the Yoast SEO plugin v26.2 - https:\/\/yoast.com\/wordpress\/plugins\/seo\/ -->\n<title>Polityka prywatno\u015bci - &quot;Siatk\u00f3wka mieszka w Nowej D\u0119bie &quot;<\/title>\n<meta name=\"robots\" content=\"index, follow, max-snippet:-1, max-image-preview:large, max-video-preview:-1\" \/>\n<link rel=\"canonical\" href=\"https:\/\/kpsnowadeba.pl\/index.php\/polityka-prywatnosci-2\/\" \/>\n<meta property=\"og:locale\" content=\"pl_PL\" \/>\n<meta property=\"og:type\" content=\"article\" \/>\n<meta property=\"og:title\" content=\"Polityka prywatno\u015bci - &quot;Siatk\u00f3wka mieszka w Nowej D\u0119bie &quot;\" \/>\n<meta property=\"og:description\" content=\"Kim jeste\u015bmy Adres naszej strony internetowej to: https:\/\/kpsnowadeba.pl. Jakie dane osobiste zbieramy i dlaczego je zbieramy Komentarze Kiedy odwiedzaj\u0105cy witryn\u0119 zostawia komentarz, zbieramy dane widoczne w formularzu komentowania, jak i adres IP odwiedzaj\u0105cego oraz podpis jego przegl\u0105darki jako pomoc przy &hellip; Czytaj dalej &rarr;\" \/>\n<meta property=\"og:url\" content=\"https:\/\/kpsnowadeba.pl\/index.php\/polityka-prywatnosci-2\/\" \/>\n<meta property=\"og:site_name\" content=\"&quot;Siatk\u00f3wka mieszka w Nowej D\u0119bie &quot;\" \/>\n<meta name=\"twitter:card\" content=\"summary_large_image\" \/>\n<meta name=\"twitter:label1\" content=\"Szacowany czas czytania\" \/>\n\t<meta name=\"twitter:data1\" content=\"3 minuty\" \/>\n<script type=\"application\/ld+json\" class=\"yoast-schema-graph\">{\"@context\":\"https:\/\/schema.org\",\"@graph\":[{\"@type\":\"WebPage\",\"@id\":\"https:\/\/kpsnowadeba.pl\/index.php\/polityka-prywatnosci-2\/\",\"url\":\"https:\/\/kpsnowadeba.pl\/index.php\/polityka-prywatnosci-2\/\",\"name\":\"Polityka prywatno\u015bci - &quot;Siatk\u00f3wka mieszka w Nowej D\u0119bie &quot;\",\"isPartOf\":{\"@id\":\"https:\/\/kpsnowadeba.pl\/#website\"},\"datePublished\":\"2018-08-30T09:03:34+00:00\",\"breadcrumb\":{\"@id\":\"https:\/\/kpsnowadeba.pl\/index.php\/polityka-prywatnosci-2\/#breadcrumb\"},\"inLanguage\":\"pl-PL\",\"potentialAction\":[{\"@type\":\"ReadAction\",\"target\":[\"https:\/\/kpsnowadeba.pl\/index.php\/polityka-prywatnosci-2\/\"]}]},{\"@type\":\"BreadcrumbList\",\"@id\":\"https:\/\/kpsnowadeba.pl\/index.php\/polityka-prywatnosci-2\/#breadcrumb\",\"itemListElement\":[{\"@type\":\"ListItem\",\"position\":1,\"name\":\"Strona g\u0142\u00f3wna\",\"item\":\"https:\/\/kpsnowadeba.pl\/\"},{\"@type\":\"ListItem\",\"position\":2,\"name\":\"Polityka prywatno\u015bci\"}]},{\"@type\":\"WebSite\",\"@id\":\"https:\/\/kpsnowadeba.pl\/#website\",\"url\":\"https:\/\/kpsnowadeba.pl\/\",\"name\":\"&quot;Siatk\u00f3wka mieszka w Nowej D\u0119bie &quot;\",\"description\":\"ul.Le\u015bna 40 39-460 Nowa D\u0119ba\",\"potentialAction\":[{\"@type\":\"SearchAction\",\"target\":{\"@type\":\"EntryPoint\",\"urlTemplate\":\"https:\/\/kpsnowadeba.pl\/?s={search_term_string}\"},\"query-input\":{\"@type\":\"PropertyValueSpecification\",\"valueRequired\":true,\"valueName\":\"search_term_string\"}}],\"inLanguage\":\"pl-PL\"}]}<\/script>\n<!-- \/ Yoast SEO plugin. -->","yoast_head_json":{"title":"Polityka prywatno\u015bci - &quot;Siatk\u00f3wka mieszka w Nowej D\u0119bie &quot;","robots":{"index":"index","follow":"follow","max-snippet":"max-snippet:-1","max-image-preview":"max-image-preview:large","max-video-preview":"max-video-preview:-1"},"canonical":"https:\/\/kpsnowadeba.pl\/index.php\/polityka-prywatnosci-2\/","og_locale":"pl_PL","og_type":"article","og_title":"Polityka prywatno\u015bci - &quot;Siatk\u00f3wka mieszka w Nowej D\u0119bie &quot;","og_description":"Kim jeste\u015bmy Adres naszej strony internetowej to: https:\/\/kpsnowadeba.pl. Jakie dane osobiste zbieramy i dlaczego je zbieramy Komentarze Kiedy odwiedzaj\u0105cy witryn\u0119 zostawia komentarz, zbieramy dane widoczne w formularzu komentowania, jak i adres IP odwiedzaj\u0105cego oraz podpis jego przegl\u0105darki jako pomoc przy &hellip; Czytaj dalej &rarr;","og_url":"https:\/\/kpsnowadeba.pl\/index.php\/polityka-prywatnosci-2\/","og_site_name":"&quot;Siatk\u00f3wka mieszka w Nowej D\u0119bie &quot;","twitter_card":"summary_large_image","twitter_misc":{"Szacowany czas czytania":"3 minuty"},"schema":{"@context":"https:\/\/schema.org","@graph":[{"@type":"WebPage","@id":"https:\/\/kpsnowadeba.pl\/index.php\/polityka-prywatnosci-2\/","url":"https:\/\/kpsnowadeba.pl\/index.php\/polityka-prywatnosci-2\/","name":"Polityka prywatno\u015bci - &quot;Siatk\u00f3wka mieszka w Nowej D\u0119bie &quot;","isPartOf":{"@id":"https:\/\/kpsnowadeba.pl\/#website"},"datePublished":"2018-08-30T09:03:34+00:00","breadcrumb":{"@id":"https:\/\/kpsnowadeba.pl\/index.php\/polityka-prywatnosci-2\/#breadcrumb"},"inLanguage":"pl-PL","potentialAction":[{"@type":"ReadAction","target":["https:\/\/kpsnowadeba.pl\/index.php\/polityka-prywatnosci-2\/"]}]},{"@type":"BreadcrumbList","@id":"https:\/\/kpsnowadeba.pl\/index.php\/polityka-prywatnosci-2\/#breadcrumb","itemListElement":[{"@type":"ListItem","position":1,"name":"Strona g\u0142\u00f3wna","item":"https:\/\/kpsnowadeba.pl\/"},{"@type":"ListItem","position":2,"name":"Polityka prywatno\u015bci"}]},{"@type":"WebSite","@id":"https:\/\/kpsnowadeba.pl\/#website","url":"https:\/\/kpsnowadeba.pl\/","name":"&quot;Siatk\u00f3wka mieszka w Nowej D\u0119bie &quot;","description":"ul.Le\u015bna 40 39-460 Nowa D\u0119ba","potentialAction":[{"@type":"SearchAction","target":{"@type":"EntryPoint","urlTemplate":"https:\/\/kpsnowadeba.pl\/?s={search_term_string}"},"query-input":{"@type":"PropertyValueSpecification","valueRequired":true,"valueName":"search_term_string"}}],"inLanguage":"pl-PL"}]}},"jetpack_sharing_enabled":true,"jetpack_shortlink":"https:\/\/wp.me\/PabDgJ-bI","jetpack-related-posts":[],"jetpack_likes_enabled":true,"_links":{"self":[{"href":"https:\/\/kpsnowadeba.pl\/index.php\/wp-json\/wp\/v2\/pages\/726","targetHints":{"allow":["GET"]}}],"collection":[{"href":"https:\/\/kpsnowadeba.pl\/index.php\/wp-json\/wp\/v2\/pages"}],"about":[{"href":"https:\/\/kpsnowadeba.pl\/index.php\/wp-json\/wp\/v2\/types\/page"}],"author":[{"embeddable":true,"href":"https:\/\/kpsnowadeba.pl\/index.php\/wp-json\/wp\/v2\/users\/1"}],"replies":[{"embeddable":true,"href":"https:\/\/kpsnowadeba.pl\/index.php\/wp-json\/wp\/v2\/comments?post=726"}],"version-history":[{"count":1,"href":"https:\/\/kpsnowadeba.pl\/index.php\/wp-json\/wp\/v2\/pages\/726\/revisions"}],"predecessor-version":[{"id":727,"href":"https:\/\/kpsnowadeba.pl\/index.php\/wp-json\/wp\/v2\/pages\/726\/revisions\/727"}],"wp:attachment":[{"href":"https:\/\/kpsnowadeba.pl\/index.php\/wp-json\/wp\/v2\/media?parent=726"}],"curies":[{"name":"wp","href":"https:\/\/api.w.org\/{rel}","templated":true}]}}