{"id":768,"date":"2018-08-31T12:38:07","date_gmt":"2018-08-31T10:38:07","guid":{"rendered":"http:\/\/kpsnowadeba.pl\/?page_id=768"},"modified":"2026-01-07T16:46:22","modified_gmt":"2026-01-07T14:46:22","slug":"troche-o-nas","status":"publish","type":"page","link":"https:\/\/kpsnowadeba.pl\/index.php\/troche-o-nas\/","title":{"rendered":"O nas"},"content":{"rendered":"<p><img data-recalc-dims=\"1\" decoding=\"async\" data-attachment-id=\"967\" data-permalink=\"https:\/\/kpsnowadeba.pl\/index.php\/troche-o-nas\/logo-kps-2\/\" data-orig-file=\"https:\/\/i0.wp.com\/kpsnowadeba.pl\/wp-content\/uploads\/2018\/09\/logo-kps-e1540802285584.jpg?fit=150%2C147&amp;ssl=1\" data-orig-size=\"150,147\" data-comments-opened=\"1\" data-image-meta=\"{&quot;aperture&quot;:&quot;0&quot;,&quot;credit&quot;:&quot;&quot;,&quot;camera&quot;:&quot;&quot;,&quot;caption&quot;:&quot;&quot;,&quot;created_timestamp&quot;:&quot;0&quot;,&quot;copyright&quot;:&quot;&quot;,&quot;focal_length&quot;:&quot;0&quot;,&quot;iso&quot;:&quot;0&quot;,&quot;shutter_speed&quot;:&quot;0&quot;,&quot;title&quot;:&quot;&quot;,&quot;orientation&quot;:&quot;0&quot;}\" data-image-title=\"logo kps\" data-image-description=\"\" data-image-caption=\"\" data-medium-file=\"https:\/\/i0.wp.com\/kpsnowadeba.pl\/wp-content\/uploads\/2018\/09\/logo-kps-e1540802285584.jpg?fit=300%2C295&amp;ssl=1\" data-large-file=\"https:\/\/i0.wp.com\/kpsnowadeba.pl\/wp-content\/uploads\/2018\/09\/logo-kps-e1540802285584.jpg?fit=150%2C147&amp;ssl=1\" class=\"alignleft size-thumbnail wp-image-967\" src=\"https:\/\/i0.wp.com\/kpsnowadeba.pl\/wp-content\/uploads\/2018\/09\/logo-kps.jpg?resize=150%2C150&#038;ssl=1\" alt=\"\" width=\"150\" height=\"150\" \/><\/p>\n<p><b data-path-to-node=\"4\" data-index-in-node=\"0\">Klub Pi\u0142ki Siatkowej Nowa D\u0119ba<\/b> to miejsce z pasj\u0105 do sportu i tradycjami siatkarskimi. Naszym celem jest popularyzacja siatk\u00f3wki w\u015br\u00f3d dzieci, m\u0142odzie\u017cy oraz doros\u0142ych. Dzieciom i m\u0142odzie\u017cy oferujemy profesjonalne treningi pod okiem wykwalifikowanej kadry, udzia\u0142 w rozgrywkach ligowych oraz liczne turnieje towarzyskie. Stawiamy na rozw\u00f3j fizyczny, dyscyplin\u0119 i ducha walki, tworz\u0105c zgrany zesp\u00f3\u0142 zar\u00f3wno na boisku, jak i poza nim. Do\u0142\u0105cz do naszej siatkarskiej rodziny!<\/p>\n<p>Szukasz zaj\u0119\u0107 sportowych dla swojego dziecka w Nowej D\u0119bie? <b data-path-to-node=\"6\" data-index-in-node=\"60\">KPS Nowa D\u0119ba<\/b> zaprasza na treningi pi\u0142ki siatkowej! Skupiamy si\u0119 na wszechstronnym rozwoju m\u0142odych sportowc\u00f3w, ucz\u0105c ich wsp\u00f3\u0142pracy w grupie, wytrwa\u0142o\u015bci i zasad fair play. Zapewniamy bezpieczne warunki do nauki gry od podstaw oraz mo\u017cliwo\u015b\u0107 rywalizacji z r\u00f3wie\u015bnikami. Zaszczep w swoim dziecku mi\u0142o\u015b\u0107 do sportu i zapisz je na treningi ju\u017c dzi\u015b!<\/p>\n<p>Klub Pi\u0142ki Siatkowej powsta\u0142 19 marca 2008 r. z przekszta\u0142cenia dzia\u0142aj\u0105cej od 1995 roku Uczniowskiej Sekcji Pi\u0142ki Siatkowej. Podbudow\u0105 do dzia\u0142ania klubu w szeregach polskiej siatk\u00f3wki jest wieloletnia wsp\u00f3\u0142praca z lokalnymi w\u0142adzami samorz\u0105dowymi , dyrekcjami wszystkich typ\u00f3w szk\u00f3\u0142 znajduj\u0105cych si\u0119 na terenie miasta i gminy Nowa D\u0119ba, Podkarpackim Wojew\u00f3dzkim Zwi\u0105zkiem Pi\u0142ki\u00a0 Siatkowej oraz Podkarpackim Wojew\u00f3dzkim Szkolnym Zwi\u0105zkiem Sportowym. Od 2008 roku rodzice zawodniczek uprawiaj\u0105cych pi\u0142k\u0119 siatkow\u0105 zdecydowali si\u0119 zaanga\u017cowa\u0107 w dzia\u0142alno\u015b\u0107 Klubu w du\u017co wi\u0119kszym zakresie ni\u017c by\u0142o to do tej pory. Pierwszym tego symptomem by\u0142o uczestnictwo w Walnym Zebraniu Klubu Pi\u0142ki Siatkowej oraz wzi\u0119cie udzia\u0142u w wyborach do w\u0142adz Klubu. Troje rodzic\u00f3w zosta\u0142o wybranych do 5-osobowego Zarz\u0105du oraz troje do Komisji Rewizyjnej (100 % sk\u0142adu tej komisji). \u00a0\u00a0\u00a0\u00a0\u00a0\u00a0\u00a0\u00a0\u00a0\u00a0\u00a0\u00a0\u00a0\u00a0\u00a0\u00a0\u00a0\u00a0\u00a0\u00a0\u00a0\u00a0\u00a0\u00a0\u00a0\u00a0\u00a0\u00a0\u00a0\u00a0\u00a0\u00a0\u00a0\u00a0\u00a0\u00a0\u00a0\u00a0\u00a0\u00a0\u00a0\u00a0\u00a0\u00a0\u00a0\u00a0\u00a0\u00a0\u00a0\u00a0\u00a0\u00a0\u00a0\u00a0\u00a0\u00a0\u00a0\u00a0\u00a0\u00a0\u00a0\u00a0\u00a0\u00a0\u00a0\u00a0\u00a0\u00a0\u00a0\u00a0\u00a0\u00a0\u00a0\u00a0\u00a0\u00a0\u00a0\u00a0\u00a0\u00a0\u00a0\u00a0\u00a0\u00a0\u00a0\u00a0\u00a0\u00a0\u00a0\u00a0\u00a0\u00a0\u00a0\u00a0\u00a0\u00a0\u00a0\u00a0\u00a0\u00a0\u00a0\u00a0\u00a0\u00a0\u00a0\u00a0\u00a0\u00a0\u00a0\u00a0\u00a0\u00a0\u00a0\u00a0\u00a0\u00a0\u00a0\u00a0\u00a0\u00a0\u00a0\u00a0\u00a0\u00a0\u00a0\u00a0\u00a0\u00a0\u00a0\u00a0\u00a0\u00a0\u00a0\u00a0\u00a0\u00a0\u00a0\u00a0\u00a0\u00a0\u00a0 \u00a0\u00a0\u00a0\u00a0\u00a0\u00a0\u00a0\u00a0\u00a0\u00a0\u00a0\u00a0\u00a0\u00a0\u00a0\u00a0\u00a0\u00a0\u00a0\u00a0\u00a0\u00a0\u00a0\u00a0\u00a0\u00a0\u00a0 <u>Sk\u0142ad Pierwszego Zarz\u0105du KPS:<\/u><\/p>\n<p><strong>Beata Tebin-Tomczyk<\/strong> \u2013 Prezes<br \/>\n<strong>Jacek Szpunar<\/strong> \u2013 Wiceprezes<br \/>\n<strong>Marek Powr\u00f3zek<\/strong> \u2013 Sekretarz<br \/>\n<strong>Teresa Bajda-Kosmala<\/strong> \u2013 Cz\u0142onek<br \/>\n<strong>Tomasz Zierold<\/strong> \u2013 Cz\u0142onek.<\/p>\n<p><u>Sk\u0142ad Komisji Rewizyjnej:<\/u><br \/>\n<strong>Wies\u0142aw Kalicki<\/strong> \u2013 Przewodnicz\u0105cy<br \/>\n<strong>Urszula Panek<\/strong> \u2013 Cz\u0142onek<br \/>\n<strong>J\u00f3zefa Dul<\/strong> \u2013 Cz\u0142onek.<\/p>\n<p>10 stycznia 2012 r. Klub Pi\u0142ki Siatkowej Nowa D\u0119ba dzi\u0119ki staraniom pierwszego Zarz\u0105du przy wsp\u00f3\u0142pracy Pani Renaty Wdowik &#8211; dbaj\u0105cej o sprawy finansowo-ksi\u0119gowe klubu, zosta\u0142 wpisany do Krajowego Rejestru S\u0105dowego pod numerem KRS 0000407460 jako Organizacja Po\u017cytku Publicznego. Od tego w\u0142a\u015bnie roku uprawnieni jeste\u015bmy do pozyskiwania 1% jako wsparcia na dzia\u0142alno\u015b\u0107 naszego Klubu.<\/p>\n<p><strong>W 2013 r. <\/strong>na Walnym Zebraniu Sprawozdawczo-Wyborczym dokonano wyboru nowych w\u0142adz:<br \/>\n<strong>Beata Tebin-Tomczyk<\/strong> \u2013 Prezes<br \/>\n<strong>Jacek Szpunar<\/strong> \u2013 Wiceprezes<br \/>\n<strong>Marek Powr\u00f3zek<\/strong> \u2013 Sekretarz<br \/>\n<strong>Ewa Bia\u0142ek<\/strong> \u2013 Cz\u0142onek<br \/>\n<strong>Karol Zali\u0144ski<\/strong> \u2013 Cz\u0142onek.<\/p>\n<p><u>Sk\u0142ad Komisji Rewizyjnej:<\/u><br \/>\n<strong>Wies\u0142aw Kalicki<\/strong> \u2013 Przewodnicz\u0105cy<br \/>\n<strong>Hanna Sobieszek<\/strong> \u2013 Cz\u0142onek<br \/>\n<strong>Antonii Majowicz<\/strong> \u2013 Cz\u0142onek.<\/p>\n<p><strong>6 grudnia 2018 r. <\/strong>na Walnym Zebraniu Sprawozdawczo-Wyborczym dokonano wyboru w\u0142adz na kolejn\u0105 kadencj\u0119:<br \/>\n<strong>Jacek Szpunar<\/strong>\u00a0\u2013 Prezes<br \/>\n<strong>Beata Tebin-Tomczyk\u00a0<\/strong>\u2013 Wiceprezes<br \/>\n<strong>Karol Zali\u0144ski<\/strong> \u2013 Sekretarz<br \/>\n<strong>Andrzej Szpala<\/strong> \u2013 Cz\u0142onek<br \/>\n<strong>Ryszard Wojciechowski<\/strong> \u2013 Cz\u0142onek.<\/p>\n<p><u>Komisja Rewizyjna:<\/u><br \/>\n<strong>Robert Suska<\/strong>\u00a0\u2013 Przewodnicz\u0105cy<br \/>\n<strong>Joanna Bunio<\/strong>\u00a0\u2013 Cz\u0142onek<br \/>\n<strong>Wies\u0142aw Kalicki<\/strong> \u2013 Cz\u0142onek.<\/p>\n<p><strong>16 sierpnia 2024 r. <\/strong>\u00a0odby\u0142o si\u0119 Walne Zebranie Sprawozdawczo-Wyborcze, na kt\u00f3rym zmieniono Statut Klubu oraz wybrano w\u0142adze na kolejn\u0105 kadencj\u0119:<\/p>\n<p><span style=\"text-decoration: underline;\">Zarz\u0105d:<\/span><br \/>\n<strong>Jacek Szpunar<\/strong>\u00a0\u2013 Prezes<br \/>\n<strong>Joanna Diektiarenko <\/strong>\u2013 Wiceprezes<\/p>\n<p><u>Komisja Rewizyjna:<\/u><br \/>\n<strong>Robert Suska<\/strong>\u00a0\u2013 Przewodnicz\u0105cy<br \/>\n<strong>Wies\u0142aw Kalicki<\/strong> \u2013 Cz\u0142onek.<\/p>\n<p>Klub Pi\u0142ki Siatkowej wsp\u00f3\u0142pracuje aktualnie z ni\u017cej wymienion\u0105 kadr\u0105 trenersk\u0105:<\/p>\n<p><strong>Urszula Nowak<\/strong> \u2013 instruktor pi\u0142ki siatkowej, nauczyciel wychowania fizycznego SP2<br \/>\n<strong>Joanna Bunio <\/strong>&#8211; instruktor pi\u0142ki siatkowej<br \/>\n<strong>Adam Szpunar<\/strong> \u2013 instruktor pi\u0142ki siatkowej , nauczyciel wychowania fizycznego SP2<br \/>\n<strong>Robert Suska\u00a0<\/strong>&#8211; instruktor pi\u0142ki siatkowej , nauczyciel wychowania fizycznego Zespo\u0142u Szk\u00f3\u0142 Nr 1<br \/>\n<strong>Jacek Szpunar<\/strong> \u2013 trener pi\u0142ki siatkowej II klasa pa\u0144stwowa, nauczyciel wychowania fizycznego SP2<br \/>\nDo czerwca 2017 r. w klubie zatrudniony by\u0142 r\u00f3wnie\u017c\u00a0<strong>Mieczys\u0142aw Szpunar (\u2020)\u00a0<\/strong><\/p>\n<p>Dzia\u0142acze i trenerzy Klubu Pi\u0142ki Siatkowej wyznaczaj\u0105 sobie za najwa\u017cniejszy cel kontynuacj\u0119 dotychczasowego systemu szkolenia podstawowego odbywaj\u0105cego si\u0119 przy wsp\u00f3\u0142pracy Burmistrza Miasta i Gminy Nowa D\u0119ba oraz Dyrekcji Szko\u0142y Podstawowej Nr 2 w Nowej D\u0119bie. Najwa\u017cniejsza w tym systemie b\u0119dzie ci\u0105g\u0142o\u015b\u0107 szkolenia ka\u017cdego rocznika, by stworzy\u0107 model siedmiu grup szkoleniowych:<\/p>\n<p>1. Klasa II-IV szko\u0142y podstawowej \u2013 mini siatk\u00f3wka \u201ejednynki&#8221; i \u201edw\u00f3jki\u201d (rozgrywki\u00a0 Kinder Joy of Moving),<br \/>\n2. Klasa V szko\u0142y podstawowej \u2013 mini siatk\u00f3wka \u201etr\u00f3jki\u201d (rozgrywki Kinder Joy of Moving),<br \/>\n3. Klasa VI szko\u0142y podstawowej \u2013 mini siatk\u00f3wka \u201eczw\u00f3rki\u201d (rozgrywki \u201eKinder Joy of Moving),<br \/>\n4.\u00a0Klasy VII-VIII szko\u0142y podstawowej \u2013 m\u0142odziczki \u2013 eliminacje Mistrzostw Polski M\u0142odziczek \u2013 PZPS<br \/>\n5.\u00a0Klasy I-II &#8211; szko\u0142y ponadpodstawowej &#8211; kadetki &#8211; eliminacje Mistrzostw Polski<br \/>\n6. Od klasy II szko\u0142y ponadpodstawowej \u2013 juniorki &#8211; eliminacje Mistrzostw Polski oraz ewentualnie seniorki.<\/p>\n<p>Mamy \u015bwiadomo\u015b\u0107, \u017ce realno\u015b\u0107 postawionych przed sob\u0105 zada\u0144 zale\u017cy od dw\u00f3ch podstawowych czynnik\u00f3w: bazy \u00a0w postaci dost\u0119pno\u015bci do pe\u0142nowymiarowych hal sportowych oraz od finans\u00f3w. Jeste\u015bmy przekonani, \u017ce b\u0119dziemy w stanie zjedna\u0107 ca\u0142e nowod\u0119bskie \u015brodowisko co do s\u0142uszno\u015bci naszych poczyna\u0144, a je\u015bli tak si\u0119 stanie na parkiety naszych sal wr\u00f3ci siatk\u00f3wka kobiet\u00a0 w najlepszym na jakie sta\u0107 nasze \u015brodowisko wydaniu. Gwarancj\u0105 na to s\u0105 nowod\u0119bskie dziewcz\u0119ta i ich trenerzy, kt\u00f3rych predyspozycje do szkolenia i uprawiania pi\u0142ki siatkowej potwierdzaj\u0105 <a href=\"https:\/\/kpsnowadeba.pl\/index.php\/wyniki-z-ostatnich-lat\/\">wyniki uzyskane w okresie ostatnich kilku lat.<\/a><\/p>\n","protected":false},"excerpt":{"rendered":"<p>Klub Pi\u0142ki Siatkowej Nowa D\u0119ba to miejsce z pasj\u0105 do sportu i tradycjami siatkarskimi. Naszym celem jest popularyzacja siatk\u00f3wki w\u015br\u00f3d dzieci, m\u0142odzie\u017cy oraz doros\u0142ych. Dzieciom i m\u0142odzie\u017cy oferujemy profesjonalne treningi pod okiem wykwalifikowanej kadry, udzia\u0142 w rozgrywkach ligowych oraz liczne &hellip; <a href=\"https:\/\/kpsnowadeba.pl\/index.php\/troche-o-nas\/\">Czytaj dalej <span class=\"meta-nav\">&rarr;<\/span><\/a><\/p>\n","protected":false},"author":1,"featured_media":0,"parent":0,"menu_order":0,"comment_status":"closed","ping_status":"closed","template":"","meta":{"jetpack_post_was_ever_published":false,"_mc_calendar":[],"footnotes":""},"class_list":["post-768","page","type-page","status-publish","hentry"],"yoast_head":"<!-- This site is optimized with the Yoast SEO plugin v26.2 - https:\/\/yoast.com\/wordpress\/plugins\/seo\/ -->\n<title>O nas - &quot;Siatk\u00f3wka mieszka w Nowej D\u0119bie &quot;<\/title>\n<meta name=\"robots\" content=\"index, follow, max-snippet:-1, max-image-preview:large, max-video-preview:-1\" \/>\n<link rel=\"canonical\" href=\"https:\/\/kpsnowadeba.pl\/index.php\/troche-o-nas\/\" \/>\n<meta property=\"og:locale\" content=\"pl_PL\" \/>\n<meta property=\"og:type\" content=\"article\" \/>\n<meta property=\"og:title\" content=\"O nas - &quot;Siatk\u00f3wka mieszka w Nowej D\u0119bie &quot;\" \/>\n<meta property=\"og:description\" content=\"Klub Pi\u0142ki Siatkowej Nowa D\u0119ba to miejsce z pasj\u0105 do sportu i tradycjami siatkarskimi. Naszym celem jest popularyzacja siatk\u00f3wki w\u015br\u00f3d dzieci, m\u0142odzie\u017cy oraz doros\u0142ych. Dzieciom i m\u0142odzie\u017cy oferujemy profesjonalne treningi pod okiem wykwalifikowanej kadry, udzia\u0142 w rozgrywkach ligowych oraz liczne &hellip; Czytaj dalej &rarr;\" \/>\n<meta property=\"og:url\" content=\"https:\/\/kpsnowadeba.pl\/index.php\/troche-o-nas\/\" \/>\n<meta property=\"og:site_name\" content=\"&quot;Siatk\u00f3wka mieszka w Nowej D\u0119bie &quot;\" \/>\n<meta property=\"article:modified_time\" content=\"2026-01-07T14:46:22+00:00\" \/>\n<meta property=\"og:image\" content=\"http:\/\/kpsnowadeba.pl\/wp-content\/uploads\/2018\/09\/logo-kps-150x150.jpg\" \/>\n<meta name=\"twitter:card\" content=\"summary_large_image\" \/>\n<meta name=\"twitter:label1\" content=\"Szacowany czas czytania\" \/>\n\t<meta name=\"twitter:data1\" content=\"5 minut\" \/>\n<script type=\"application\/ld+json\" class=\"yoast-schema-graph\">{\"@context\":\"https:\/\/schema.org\",\"@graph\":[{\"@type\":\"WebPage\",\"@id\":\"https:\/\/kpsnowadeba.pl\/index.php\/troche-o-nas\/\",\"url\":\"https:\/\/kpsnowadeba.pl\/index.php\/troche-o-nas\/\",\"name\":\"O nas - &quot;Siatk\u00f3wka mieszka w Nowej D\u0119bie &quot;\",\"isPartOf\":{\"@id\":\"https:\/\/kpsnowadeba.pl\/#website\"},\"primaryImageOfPage\":{\"@id\":\"https:\/\/kpsnowadeba.pl\/index.php\/troche-o-nas\/#primaryimage\"},\"image\":{\"@id\":\"https:\/\/kpsnowadeba.pl\/index.php\/troche-o-nas\/#primaryimage\"},\"thumbnailUrl\":\"http:\/\/kpsnowadeba.pl\/wp-content\/uploads\/2018\/09\/logo-kps-150x150.jpg\",\"datePublished\":\"2018-08-31T10:38:07+00:00\",\"dateModified\":\"2026-01-07T14:46:22+00:00\",\"breadcrumb\":{\"@id\":\"https:\/\/kpsnowadeba.pl\/index.php\/troche-o-nas\/#breadcrumb\"},\"inLanguage\":\"pl-PL\",\"potentialAction\":[{\"@type\":\"ReadAction\",\"target\":[\"https:\/\/kpsnowadeba.pl\/index.php\/troche-o-nas\/\"]}]},{\"@type\":\"ImageObject\",\"inLanguage\":\"pl-PL\",\"@id\":\"https:\/\/kpsnowadeba.pl\/index.php\/troche-o-nas\/#primaryimage\",\"url\":\"http:\/\/kpsnowadeba.pl\/wp-content\/uploads\/2018\/09\/logo-kps-150x150.jpg\",\"contentUrl\":\"http:\/\/kpsnowadeba.pl\/wp-content\/uploads\/2018\/09\/logo-kps-150x150.jpg\"},{\"@type\":\"BreadcrumbList\",\"@id\":\"https:\/\/kpsnowadeba.pl\/index.php\/troche-o-nas\/#breadcrumb\",\"itemListElement\":[{\"@type\":\"ListItem\",\"position\":1,\"name\":\"Strona g\u0142\u00f3wna\",\"item\":\"https:\/\/kpsnowadeba.pl\/\"},{\"@type\":\"ListItem\",\"position\":2,\"name\":\"O nas\"}]},{\"@type\":\"WebSite\",\"@id\":\"https:\/\/kpsnowadeba.pl\/#website\",\"url\":\"https:\/\/kpsnowadeba.pl\/\",\"name\":\"&quot;Siatk\u00f3wka mieszka w Nowej D\u0119bie &quot;\",\"description\":\"ul.Le\u015bna 40 39-460 Nowa D\u0119ba\",\"potentialAction\":[{\"@type\":\"SearchAction\",\"target\":{\"@type\":\"EntryPoint\",\"urlTemplate\":\"https:\/\/kpsnowadeba.pl\/?s={search_term_string}\"},\"query-input\":{\"@type\":\"PropertyValueSpecification\",\"valueRequired\":true,\"valueName\":\"search_term_string\"}}],\"inLanguage\":\"pl-PL\"}]}<\/script>\n<!-- \/ Yoast SEO plugin. -->","yoast_head_json":{"title":"O nas - &quot;Siatk\u00f3wka mieszka w Nowej D\u0119bie &quot;","robots":{"index":"index","follow":"follow","max-snippet":"max-snippet:-1","max-image-preview":"max-image-preview:large","max-video-preview":"max-video-preview:-1"},"canonical":"https:\/\/kpsnowadeba.pl\/index.php\/troche-o-nas\/","og_locale":"pl_PL","og_type":"article","og_title":"O nas - &quot;Siatk\u00f3wka mieszka w Nowej D\u0119bie &quot;","og_description":"Klub Pi\u0142ki Siatkowej Nowa D\u0119ba to miejsce z pasj\u0105 do sportu i tradycjami siatkarskimi. Naszym celem jest popularyzacja siatk\u00f3wki w\u015br\u00f3d dzieci, m\u0142odzie\u017cy oraz doros\u0142ych. Dzieciom i m\u0142odzie\u017cy oferujemy profesjonalne treningi pod okiem wykwalifikowanej kadry, udzia\u0142 w rozgrywkach ligowych oraz liczne &hellip; Czytaj dalej &rarr;","og_url":"https:\/\/kpsnowadeba.pl\/index.php\/troche-o-nas\/","og_site_name":"&quot;Siatk\u00f3wka mieszka w Nowej D\u0119bie &quot;","article_modified_time":"2026-01-07T14:46:22+00:00","og_image":[{"url":"http:\/\/kpsnowadeba.pl\/wp-content\/uploads\/2018\/09\/logo-kps-150x150.jpg","type":"","width":"","height":""}],"twitter_card":"summary_large_image","twitter_misc":{"Szacowany czas czytania":"5 minut"},"schema":{"@context":"https:\/\/schema.org","@graph":[{"@type":"WebPage","@id":"https:\/\/kpsnowadeba.pl\/index.php\/troche-o-nas\/","url":"https:\/\/kpsnowadeba.pl\/index.php\/troche-o-nas\/","name":"O nas - &quot;Siatk\u00f3wka mieszka w Nowej D\u0119bie &quot;","isPartOf":{"@id":"https:\/\/kpsnowadeba.pl\/#website"},"primaryImageOfPage":{"@id":"https:\/\/kpsnowadeba.pl\/index.php\/troche-o-nas\/#primaryimage"},"image":{"@id":"https:\/\/kpsnowadeba.pl\/index.php\/troche-o-nas\/#primaryimage"},"thumbnailUrl":"http:\/\/kpsnowadeba.pl\/wp-content\/uploads\/2018\/09\/logo-kps-150x150.jpg","datePublished":"2018-08-31T10:38:07+00:00","dateModified":"2026-01-07T14:46:22+00:00","breadcrumb":{"@id":"https:\/\/kpsnowadeba.pl\/index.php\/troche-o-nas\/#breadcrumb"},"inLanguage":"pl-PL","potentialAction":[{"@type":"ReadAction","target":["https:\/\/kpsnowadeba.pl\/index.php\/troche-o-nas\/"]}]},{"@type":"ImageObject","inLanguage":"pl-PL","@id":"https:\/\/kpsnowadeba.pl\/index.php\/troche-o-nas\/#primaryimage","url":"http:\/\/kpsnowadeba.pl\/wp-content\/uploads\/2018\/09\/logo-kps-150x150.jpg","contentUrl":"http:\/\/kpsnowadeba.pl\/wp-content\/uploads\/2018\/09\/logo-kps-150x150.jpg"},{"@type":"BreadcrumbList","@id":"https:\/\/kpsnowadeba.pl\/index.php\/troche-o-nas\/#breadcrumb","itemListElement":[{"@type":"ListItem","position":1,"name":"Strona g\u0142\u00f3wna","item":"https:\/\/kpsnowadeba.pl\/"},{"@type":"ListItem","position":2,"name":"O nas"}]},{"@type":"WebSite","@id":"https:\/\/kpsnowadeba.pl\/#website","url":"https:\/\/kpsnowadeba.pl\/","name":"&quot;Siatk\u00f3wka mieszka w Nowej D\u0119bie &quot;","description":"ul.Le\u015bna 40 39-460 Nowa D\u0119ba","potentialAction":[{"@type":"SearchAction","target":{"@type":"EntryPoint","urlTemplate":"https:\/\/kpsnowadeba.pl\/?s={search_term_string}"},"query-input":{"@type":"PropertyValueSpecification","valueRequired":true,"valueName":"search_term_string"}}],"inLanguage":"pl-PL"}]}},"jetpack_sharing_enabled":true,"jetpack_shortlink":"https:\/\/wp.me\/PabDgJ-co","jetpack-related-posts":[],"jetpack_likes_enabled":true,"_links":{"self":[{"href":"https:\/\/kpsnowadeba.pl\/index.php\/wp-json\/wp\/v2\/pages\/768","targetHints":{"allow":["GET"]}}],"collection":[{"href":"https:\/\/kpsnowadeba.pl\/index.php\/wp-json\/wp\/v2\/pages"}],"about":[{"href":"https:\/\/kpsnowadeba.pl\/index.php\/wp-json\/wp\/v2\/types\/page"}],"author":[{"embeddable":true,"href":"https:\/\/kpsnowadeba.pl\/index.php\/wp-json\/wp\/v2\/users\/1"}],"replies":[{"embeddable":true,"href":"https:\/\/kpsnowadeba.pl\/index.php\/wp-json\/wp\/v2\/comments?post=768"}],"version-history":[{"count":13,"href":"https:\/\/kpsnowadeba.pl\/index.php\/wp-json\/wp\/v2\/pages\/768\/revisions"}],"predecessor-version":[{"id":3929,"href":"https:\/\/kpsnowadeba.pl\/index.php\/wp-json\/wp\/v2\/pages\/768\/revisions\/3929"}],"wp:attachment":[{"href":"https:\/\/kpsnowadeba.pl\/index.php\/wp-json\/wp\/v2\/media?parent=768"}],"curies":[{"name":"wp","href":"https:\/\/api.w.org\/{rel}","templated":true}]}}